
{"id":3680,"date":"2024-07-24T09:41:06","date_gmt":"2024-07-24T02:41:06","guid":{"rendered":"https:\/\/ocm-vn.com\/?post_type=product&#038;p=3680"},"modified":"2026-01-26T22:18:40","modified_gmt":"2026-01-26T15:18:40","slug":"gia-cong-kem-duong-the","status":"publish","type":"product","link":"https:\/\/ocm-vn.com\/en\/san-pham-gia-cong\/gia-cong-kem-duong-the\/","title":{"rendered":"GIA C\u00d4NG KEM D\u01af\u1ee0NG TH\u1ec2"},"content":{"rendered":"<p><strong>H\u01b0\u1edbng D\u1eabn S\u1eed D\u1ee5ng<\/strong><\/p>\n<ul>\n<li><strong>S\u1eed d\u1ee5ng h\u00e0ng ng\u00e0y:<\/strong> S\u1eed d\u1ee5ng kem d\u01b0\u1ee1ng th\u1ec3 h\u00e0ng ng\u00e0y sau khi t\u1eafm ho\u1eb7c khi c\u1ea3m th\u1ea5y da kh\u00f4.<\/li>\n<li><strong>L\u1ea5y m\u1ed9t l\u01b0\u1ee3ng v\u1eeba \u0111\u1ee7:<\/strong> L\u1ea5y m\u1ed9t l\u01b0\u1ee3ng v\u1eeba \u0111\u1ee7 ra l\u00f2ng b\u00e0n tay.<\/li>\n<li><strong>Thoa \u0111\u1ec1u:<\/strong> Nh\u1eb9 nh\u00e0ng thoa \u0111\u1ec1u l\u00ean to\u00e0n b\u1ed9 c\u01a1 th\u1ec3, t\u1eadp trung v\u00e0o nh\u1eefng v\u00f9ng da kh\u00f4 v\u00e0 n\u1ee9t n\u1ebb.<\/li>\n<li><strong>Massage nh\u1eb9 nh\u00e0ng:<\/strong> Massage nh\u1eb9 nh\u00e0ng \u0111\u1ec3 kem d\u01b0\u1ee1ng th\u1ec3 th\u1ea9m th\u1ea5u ho\u00e0n to\u00e0n v\u00e0o da.<\/li>\n<\/ul>\n<p><strong>Caution:<\/strong><\/p>\n<p>B\u1ea3o qu\u1ea3n: \u0110\u1ec3 s\u1ea3n ph\u1ea9m n\u01a1i kh\u00f4 r\u00e1o, tho\u00e1ng m\u00e1t, tr\u00e1nh \u00e1nh n\u1eafng tr\u1ef1c ti\u1ebfp.<\/p>\n<p data-start=\"293\" data-end=\"362\"><strong data-start=\"293\" data-end=\"360\">D\u1ecbch v\u1ee5 gia c\u00f4ng m\u1ef9 ph\u1ea9m (OEM) t\u1ea1i C\u00f4ng ty C\u1ed5 ph\u1ea7n OCM Vi\u1ec7t Nam<\/strong><\/p>\n<p data-start=\"364\" data-end=\"711\">OCM Vi\u1ec7t Nam <strong data-start=\"377\" data-end=\"404\">chuy\u00ean gia c\u00f4ng m\u1ef9 ph\u1ea9m<\/strong> \u2013 \u0111\u1eb7c bi\u1ec7t l\u00e0 gia c\u00f4ng <strong data-start=\"419\" data-end=\"436\">kem d\u01b0\u1ee1ng th\u1ec3<\/strong> v\u1edbi nhi\u1ec1u c\u00f4ng d\u1ee5ng v\u00e0 m\u00f9i h\u01b0\u01a1ng phong ph\u00fa.<br data-start=\"480\" data-end=\"483\" \/><br \/>\nV\u1edbi \u0111\u1ed9i ng\u0169 <strong data-start=\"495\" data-end=\"530\">chuy\u00ean gia R&amp;D gi\u00e0u kinh nghi\u1ec7m<\/strong>, ch\u00fang t\u00f4i <strong data-start=\"542\" data-end=\"574\">t\u00f9y ch\u1ec9nh c\u00f4ng th\u1ee9c s\u1ea3n ph\u1ea9m<\/strong> theo y\u00eau c\u1ea7u ri\u00eang c\u1ee7a t\u1eebng kh\u00e1ch h\u00e0ng,<br data-start=\"615\" data-end=\"618\" \/><br \/>\n\u0111\u1ea3m b\u1ea3o <strong data-start=\"626\" data-end=\"708\">ph\u00f9 h\u1ee3p v\u1edbi \u0111\u1ecbnh h\u01b0\u1edbng th\u01b0\u01a1ng hi\u1ec7u, ph\u00e2n kh\u00fac th\u1ecb tr\u01b0\u1eddng v\u00e0 m\u1ee9c chi ph\u00ed t\u1ed1i \u01b0u<\/strong>.<\/p>\n<p><strong>Packaging<\/strong><\/p>\n<p>T\u00f9y v\u00e0o \u0111\u1eb7c tr\u01b0ng c\u1ee7a d\u1ea1ng s\u1ea3n ph\u1ea9m, ch\u00fang t\u00f4i s\u1ebd t\u01b0 v\u1ea5n v\u00e0 h\u1ed7 tr\u1ee3 kh\u00e1ch h\u00e0ng t\u00ecm ki\u1ebfm nh\u1eefng m\u1eabu bao b\u00ec ph\u00f9 h\u1ee3p v\u1edbi gi\u00e1 c\u1ea3 h\u1ee3p l\u00fd.<\/p>\n<p><strong>C\u00f4ng ty C\u1ed5 ph\u1ea7n OCM Vi\u1ec7t Nam l\u00e0 m\u1ed9t trong nh\u1eefng nh\u00e0 s\u1ea3n xu\u1ea5t, gia c\u00f4ng h\u00f3a m\u1ef9 ph\u1ea9m h\u00e0ng \u0111\u1ea7u t\u1ea1i Vi\u1ec7t Nam<\/strong>, chuy\u00ean cung c\u1ea5p d\u1ecbch v\u1ee5 OEM (s\u1ea3n xu\u1ea5t theo y\u00eau c\u1ea7u) d\u00e0nh ri\u00eang cho kh\u00e1ch h\u00e0ng d\u01b0\u1edbi th\u01b0\u01a1ng hi\u1ec7u c\u1ee7a h\u1ecd. V\u1edbi h\u1ea1ng m\u1ee5c s\u1ea3n ph\u1ea9m tr\u1ea3i d\u00e0i t\u1eeb ch\u0103m s\u00f3c c\u00e1 nh\u00e2n, ch\u0103m s\u00f3c gia \u0111\u00ecnh \u0111\u1ebfn ch\u0103m s\u00f3c th\u00fa c\u01b0ng. Ngo\u00e0i Vi\u1ec7t Nam, OCM Vi\u1ec7t Nam hi\u1ec7n \u0111ang ph\u00e1t tri\u1ec3n v\u00e0 m\u1edf r\u1ed9ng m\u1ea1ng l\u01b0\u1edbi \u0111\u1ed1i t\u00e1c t\u1ea1i c\u00e1c th\u1ecb tr\u01b0\u1eddng M\u1ef9, ch\u00e2u \u00c2u, ch\u00e2u \u00dac v\u00e0 ch\u00e2u \u00c1.<\/p>\n<p>V\u1edbi mong mu\u1ed1n \u0111\u00e1p \u1ee9ng c\u00e1c y\u00eau c\u1ea7u kh\u1eaft khe c\u1ee7a kh\u00e1ch h\u00e0ng trong v\u00e0 ngo\u00e0i n\u01b0\u1edbc, nh\u1eb1m \u0111\u1ea3m b\u1ea3o m\u00f4i tr\u01b0\u1eddng l\u00e0m vi\u1ec7c an to\u00e0n cho nh\u00e2n vi\u00ean c\u0169ng nh\u01b0 tr\u00e1ch nhi\u1ec7m v\u1edbi x\u00e3 h\u1ed9i, OCM Vi\u1ec7t Nam \u0111\u00e3 x\u00e2y d\u1ef1ng quy tr\u00ecnh s\u1ea3n xu\u1ea5t \u0111\u1ea1t chu\u1ea9n v\u00e0 t\u1ef1 h\u00e0o \u0111\u1ea1t \u0111\u01b0\u1ee3c c\u00e1c ch\u1ee9ng ch\u1ec9 qu\u1ed1c t\u1ebf trong ng\u00e0nh m\u1ef9 ph\u1ea9m: <strong>ISO 22716, ISO 14000, ISO 45000,FDA, BRC and SMETA audit.<\/strong><\/p>\n<p>H\u00e3y li\u00ean h\u1ec7 v\u1edbi OCM Vietnam \u0111\u1ec3 c\u00f3 th\u00eam nhi\u1ec1u \u00fd t\u01b0\u1edfng cho gia c\u00f4ng m\u1ef9 ph\u1ea9m <strong>:<\/strong><\/p>\n<ul>\n<li>\n<p><em><strong>Hotline:<\/strong> (028) 394 92 902 \u2013 (028) 394 92 802<\/em><\/p>\n<\/li>\n<li>\n<p><em><strong>Email:<\/strong> info@ocm-vn.com<\/em><\/p>\n<\/li>\n<li>\n<p><em><strong>Facebook:<\/strong>\u00a0<a href=\"https:\/\/www.facebook.com\/congtyocmvietnam\" target=\"_blank\" rel=\"noopener\">OCM Vietnam<\/a><\/em><\/p>\n<\/li>\n<\/ul>","protected":false},"excerpt":{"rendered":"<p>Gia c\u00f4ng m\u1ef9 ph\u1ea9m: Gia c\u00f4ng kem d\u01b0\u1ee1ng th\u1ec3 d\u01b0\u1ee1ng \u1ea9m da t\u1ef1 nhi\u00ean, m\u1ec1m m\u1ecbn.<\/p>\n<p>OCM Vi\u1ec7t Nam cung c\u1ea5p d\u1ecbch v\u1ee5 gia c\u00f4ng m\u1ef9 ph\u1ea9m theo y\u00eau c\u1ea7u v\u1edbi quy tr\u00ecnh chuy\u00ean nghi\u1ec7p, \u0111\u1ea3m b\u1ea3o ch\u1ea5t l\u01b0\u1ee3ng v\u00e0 chi ph\u00ed t\u1ed1i \u01b0u.<\/p>\n<p>Kem d\u01b0\u1ee1ng th\u1ec3 l\u00e0 s\u1ea3n ph\u1ea9m d\u01b0\u1ee1ng \u1ea9m da to\u00e0n th\u00e2n, \u0111\u01b0\u1ee3c thi\u1ebft k\u1ebf \u0111\u1ec3 cung c\u1ea5p \u0111\u1ed9 \u1ea9m c\u1ea7n thi\u1ebft, gi\u00fap l\u00e0n da lu\u00f4n m\u1ec1m m\u1ea1i, m\u1ecbn m\u00e0ng v\u00e0 kh\u1ecfe m\u1ea1nh. V\u1edbi c\u00f4ng th\u1ee9c ch\u1ee9a c\u00e1c th\u00e0nh ph\u1ea7n d\u01b0\u1ee1ng ch\u1ea5t thi\u00ean nhi\u00ean, kem d\u01b0\u1ee1ng th\u1ec3 kh\u00f4ng ch\u1ec9 l\u00e0m d\u1ecbu da m\u00e0 c\u00f2n b\u1ea3o v\u1ec7 da kh\u1ecfi c\u00e1c t\u00e1c nh\u00e2n g\u00e2y h\u1ea1i t\u1eeb m\u00f4i tr\u01b0\u1eddng.<\/p>\n<p><strong>Benefit:<\/strong><\/p>\n<p>\u00a0<strong>D\u01b0\u1ee1ng \u1ea9m s\u00e2u:<\/strong> <strong>V\u1edbi chi\u1ebft xu\u1ea5t l\u00f4 h\u1ed9i (Aloe Vera) <\/strong>\u00a0n\u1ed5i ti\u1ebfng v\u1edbi kh\u1ea3 n\u0103ng l\u00e0m d\u1ecbu v\u00e0 d\u01b0\u1ee1ng \u1ea9m da, l\u00f4 h\u1ed9i c\u00f2n gi\u00fap t\u00e1i t\u1ea1o t\u1ebf b\u00e0o da, mang l\u1ea1i l\u00e0n da t\u01b0\u01a1i tr\u1ebb v\u00e0 m\u1ecbn m\u00e0ng.<\/p>\n<p><strong>L\u00e0m d\u1ecbu v\u00e0 ph\u1ee5c h\u1ed3i da:<\/strong> Gi\u00fap l\u00e0m d\u1ecbu l\u00e0n da b\u1ecb kh\u00f4, n\u1ee9t n\u1ebb, v\u00e0 h\u1ed7 tr\u1ee3 qu\u00e1 tr\u00ecnh t\u00e1i t\u1ea1o t\u1ebf b\u00e0o da m\u1edbi.<\/p>\n<p>\u00a0<strong>B\u1ea3o v\u1ec7 da:<\/strong> T\u1ea1o m\u1ed9t l\u1edbp m\u00e0ng b\u1ea3o v\u1ec7, ng\u0103n ng\u1eeba s\u1ef1 m\u1ea5t n\u01b0\u1edbc v\u00e0 b\u1ea3o v\u1ec7 da kh\u1ecfi c\u00e1c t\u00e1c nh\u00e2n g\u00e2y h\u1ea1i t\u1eeb m\u00f4i tr\u01b0\u1eddng.<\/p>\n<p><strong>H\u01b0\u01a1ng th\u01a1m nh\u1eb9 nh\u00e0ng:<\/strong> Mang l\u1ea1i c\u1ea3m gi\u00e1c th\u01b0 gi\u00e3n v\u00e0 d\u1ec5 ch\u1ecbu.<\/p>\n<p><strong>Ingredients:<\/strong><\/p>\n<p>Aloe vera extract, Hemp seed Oil &amp; Vitamin E,Vitamin B3.<\/p>","protected":false},"featured_media":3639,"comment_status":"closed","ping_status":"closed","template":"","meta":[],"product_cat":[40,53,566],"product_tag":[536,537],"_links":{"self":[{"href":"https:\/\/ocm-vn.com\/en\/wp-json\/wp\/v2\/product\/3680"}],"collection":[{"href":"https:\/\/ocm-vn.com\/en\/wp-json\/wp\/v2\/product"}],"about":[{"href":"https:\/\/ocm-vn.com\/en\/wp-json\/wp\/v2\/types\/product"}],"replies":[{"embeddable":true,"href":"https:\/\/ocm-vn.com\/en\/wp-json\/wp\/v2\/comments?post=3680"}],"version-history":[{"count":7,"href":"https:\/\/ocm-vn.com\/en\/wp-json\/wp\/v2\/product\/3680\/revisions"}],"predecessor-version":[{"id":4516,"href":"https:\/\/ocm-vn.com\/en\/wp-json\/wp\/v2\/product\/3680\/revisions\/4516"}],"wp:featuredmedia":[{"embeddable":true,"href":"https:\/\/ocm-vn.com\/en\/wp-json\/wp\/v2\/media\/3639"}],"wp:attachment":[{"href":"https:\/\/ocm-vn.com\/en\/wp-json\/wp\/v2\/media?parent=3680"}],"wp:term":[{"taxonomy":"product_cat","embeddable":true,"href":"https:\/\/ocm-vn.com\/en\/wp-json\/wp\/v2\/product_cat?post=3680"},{"taxonomy":"product_tag","embeddable":true,"href":"https:\/\/ocm-vn.com\/en\/wp-json\/wp\/v2\/product_tag?post=3680"}],"curies":[{"name":"wp","href":"https:\/\/api.w.org\/{rel}","templated":true}]}}