
{"id":3678,"date":"2024-07-24T09:39:18","date_gmt":"2024-07-24T02:39:18","guid":{"rendered":"https:\/\/ocm-vn.com\/?post_type=product&#038;p=3678"},"modified":"2026-01-26T22:18:40","modified_gmt":"2026-01-26T15:18:40","slug":"gia-cong-sua-rua-mat","status":"publish","type":"product","link":"https:\/\/ocm-vn.com\/en\/san-pham-gia-cong\/gia-cong-sua-rua-mat\/","title":{"rendered":"GIA C\u00d4NG S\u1eeeA R\u1eecA M\u1eb6T T\u1ea0O B\u1eccT"},"content":{"rendered":"<p><strong>H\u01b0\u1edbng D\u1eabn S\u1eed D\u1ee5ng<\/strong><\/p>\n<ul>\n<li><strong>L\u00e0m \u01b0\u1edbt m\u1eb7t:<\/strong> R\u1eeda s\u1ea1ch tay v\u00e0 l\u00e0m \u01b0\u1edbt m\u1eb7t v\u1edbi n\u01b0\u1edbc.<\/li>\n<li><strong>L\u1ea5y m\u1ed9t l\u01b0\u1ee3ng v\u1eeba \u0111\u1ee7:<\/strong> L\u1ea5y m\u1ed9t l\u01b0\u1ee3ng s\u1eefa r\u1eeda m\u1eb7t v\u1eeba \u0111\u1ee7 ra l\u00f2ng b\u00e0n tay.<\/li>\n<li><strong>T\u1ea1o b\u1ecdt:<\/strong> Th\u00eam m\u1ed9t ch\u00fat n\u01b0\u1edbc v\u00e0o l\u00f2ng b\u00e0n tay v\u00e0 xoa \u0111\u1ec1u \u0111\u1ec3 t\u1ea1o b\u1ecdt.<\/li>\n<li><strong>Massage nh\u1eb9 nh\u00e0ng:<\/strong> Thoa l\u1edbp b\u1ecdt l\u00ean m\u1eb7t v\u00e0 massage nh\u1eb9 nh\u00e0ng theo chuy\u1ec3n \u0111\u1ed9ng tr\u00f2n trong kho\u1ea3ng 1-2 ph\u00fat.<\/li>\n<li><strong>R\u1eeda s\u1ea1ch:<\/strong> R\u1eeda s\u1ea1ch m\u1eb7t v\u1edbi n\u01b0\u1edbc v\u00e0 lau kh\u00f4 b\u1eb1ng kh\u0103n m\u1ec1m.<\/li>\n<\/ul>\n<p><strong>Caution:<\/strong><\/p>\n<p>B\u1ea3o qu\u1ea3n: \u0110\u1ec3 s\u1ea3n ph\u1ea9m n\u01a1i kh\u00f4 r\u00e1o, tho\u00e1ng m\u00e1t, tr\u00e1nh \u00e1nh n\u1eafng tr\u1ef1c ti\u1ebfp.<\/p>\n<p data-start=\"293\" data-end=\"362\"><strong data-start=\"293\" data-end=\"360\">D\u1ecbch v\u1ee5 gia c\u00f4ng m\u1ef9 ph\u1ea9m (OEM) t\u1ea1i C\u00f4ng ty C\u1ed5 ph\u1ea7n OCM Vi\u1ec7t Nam<\/strong><\/p>\n<p data-start=\"364\" data-end=\"711\">OCM Vi\u1ec7t Nam <strong data-start=\"377\" data-end=\"404\">chuy\u00ean gia c\u00f4ng m\u1ef9 ph\u1ea9m<\/strong> \u2013 \u0111\u1eb7c bi\u1ec7t l\u00e0 <strong data-start=\"419\" data-end=\"436\">gia c\u00f4ng s\u1eefa r\u1eeda m\u1eb7t<\/strong>\u00a0v\u1edbi nhi\u1ec1u c\u00f4ng d\u1ee5ng v\u00e0 m\u00f9i h\u01b0\u01a1ng phong ph\u00fa.<br data-start=\"480\" data-end=\"483\" \/><br \/>\nV\u1edbi \u0111\u1ed9i ng\u0169 <strong data-start=\"495\" data-end=\"530\">chuy\u00ean gia R&amp;D gi\u00e0u kinh nghi\u1ec7m<\/strong>, ch\u00fang t\u00f4i <strong data-start=\"542\" data-end=\"574\">t\u00f9y ch\u1ec9nh c\u00f4ng th\u1ee9c s\u1ea3n ph\u1ea9m<\/strong> theo y\u00eau c\u1ea7u ri\u00eang c\u1ee7a t\u1eebng kh\u00e1ch h\u00e0ng,<br data-start=\"615\" data-end=\"618\" \/><br \/>\n\u0111\u1ea3m b\u1ea3o <strong data-start=\"626\" data-end=\"708\">ph\u00f9 h\u1ee3p v\u1edbi \u0111\u1ecbnh h\u01b0\u1edbng th\u01b0\u01a1ng hi\u1ec7u, ph\u00e2n kh\u00fac th\u1ecb tr\u01b0\u1eddng v\u00e0 m\u1ee9c chi ph\u00ed t\u1ed1i \u01b0u<\/strong>.<\/p>\n<p><strong>Packaging<\/strong><\/p>\n<p>T\u00f9y v\u00e0o \u0111\u1eb7c tr\u01b0ng c\u1ee7a d\u1ea1ng s\u1ea3n ph\u1ea9m, ch\u00fang t\u00f4i s\u1ebd t\u01b0 v\u1ea5n v\u00e0 h\u1ed7 tr\u1ee3 kh\u00e1ch h\u00e0ng t\u00ecm ki\u1ebfm nh\u1eefng m\u1eabu bao b\u00ec ph\u00f9 h\u1ee3p v\u1edbi gi\u00e1 c\u1ea3 h\u1ee3p l\u00fd.<\/p>\n<p>H\u00e3y li\u00ean h\u1ec7 v\u1edbi OCM Vi\u1ec7t Nam \u0111\u1ec3 th\u00eam nhi\u1ec1u \u00fd t\u01b0\u1edfng cho gia c\u00f4ng m\u1ef9 ph\u1ea9m <strong>:<\/strong><\/p>\n<ul>\n<li>\n<p><em><strong>Hotline:<\/strong> (028) 394 92 902 \u2013 (028) 394 92 802<\/em><\/p>\n<\/li>\n<li>\n<p><em><strong>Email:<\/strong> info@ocm-vn.com<\/em><\/p>\n<\/li>\n<li>\n<p><em><strong>Facebook:<\/strong>\u00a0<a href=\"https:\/\/www.facebook.com\/congtyocmvietnam\" target=\"_blank\" rel=\"noopener\">OCM Vietnam<\/a><\/em><\/p>\n<\/li>\n<\/ul>","protected":false},"excerpt":{"rendered":"<p>Gia c\u00f4ng m\u1ef9 ph\u1ea9m: Gia c\u00f4ng s\u1eefa r\u1eeda m\u1eb7t l\u00e0m s\u1ea1ch s\u00e2u &amp; d\u1ecbu nh\u1eb9<\/p>\n<p>Ch\u0103m s\u00f3c da m\u1eb7t h\u00e0ng ng\u00e0y l\u00e0 b\u01b0\u1edbc quan tr\u1ecdng kh\u00f4ng th\u1ec3 thi\u1ebfu \u0111\u1ec3 duy tr\u00ec l\u00e0n da kh\u1ecfe m\u1ea1nh v\u00e0 r\u1ea1ng r\u1ee1. <strong>S\u1eefa R\u1eeda M\u1eb7t T\u1ea1o B\u1ecdt<\/strong> ch\u00ednh l\u00e0 ng\u01b0\u1eddi b\u1ea1n \u0111\u1ed3ng h\u00e0nh ho\u00e0n h\u1ea3o trong chu tr\u00ecnh ch\u0103m s\u00f3c da c\u1ee7a b\u1ea1n. V\u1edbi c\u00f4ng th\u1ee9c \u0111\u1eb7c bi\u1ec7t, s\u1ea3n ph\u1ea9m s\u1eefa r\u1eeda m\u1eb7t gi\u00fap l\u00e0m s\u1ea1ch s\u00e2u, lo\u1ea1i b\u1ecf b\u1ee5i b\u1ea9n v\u00e0 b\u00e3 nh\u1eddn, \u0111\u1ed3ng th\u1eddi mang l\u1ea1i c\u1ea3m gi\u00e1c m\u1ec1m m\u1ea1i v\u00e0 t\u01b0\u01a1i m\u00e1t cho l\u00e0n da.<\/p>\n<p><strong>Benefit:<\/strong><\/p>\n<ul>\n<li>L\u00e0m s\u1ea1ch s\u00e2u, nh\u1eb9 nh\u00e0ng lo\u1ea1i b\u1ecf m\u1ecdi b\u1ee5i b\u1ea9n, l\u1edbp trang \u0111i\u1ec3m v\u00e0 d\u1ea7u th\u1eeba tr\u00ean khu\u00f4n m\u1eb7t c\u1ee7a b\u1ea1n.<\/li>\n<li>Gi\u00fap t\u0103ng c\u01b0\u1eddng \u0111\u1ed9 \u1ea9m v\u00e0 c\u1ee7ng c\u1ed1 h\u00e0ng r\u00e0o b\u1ea3o v\u1ec7 da, duy tr\u00ec \u0111\u1ed9 \u1ea9m.<\/li>\n<li>D\u1ecbu nh\u1eb9, l\u00e0m m\u1ec1m da.<\/li>\n<\/ul>\n<p><strong>Ingredients <\/strong><\/p>\n<p>\u00a0 Pentavitin Extract &amp; Complex Marine Extract<\/p>","protected":false},"featured_media":3665,"comment_status":"closed","ping_status":"closed","template":"","meta":[],"product_cat":[52,40,566],"product_tag":[537,538],"_links":{"self":[{"href":"https:\/\/ocm-vn.com\/en\/wp-json\/wp\/v2\/product\/3678"}],"collection":[{"href":"https:\/\/ocm-vn.com\/en\/wp-json\/wp\/v2\/product"}],"about":[{"href":"https:\/\/ocm-vn.com\/en\/wp-json\/wp\/v2\/types\/product"}],"replies":[{"embeddable":true,"href":"https:\/\/ocm-vn.com\/en\/wp-json\/wp\/v2\/comments?post=3678"}],"version-history":[{"count":5,"href":"https:\/\/ocm-vn.com\/en\/wp-json\/wp\/v2\/product\/3678\/revisions"}],"predecessor-version":[{"id":4471,"href":"https:\/\/ocm-vn.com\/en\/wp-json\/wp\/v2\/product\/3678\/revisions\/4471"}],"wp:featuredmedia":[{"embeddable":true,"href":"https:\/\/ocm-vn.com\/en\/wp-json\/wp\/v2\/media\/3665"}],"wp:attachment":[{"href":"https:\/\/ocm-vn.com\/en\/wp-json\/wp\/v2\/media?parent=3678"}],"wp:term":[{"taxonomy":"product_cat","embeddable":true,"href":"https:\/\/ocm-vn.com\/en\/wp-json\/wp\/v2\/product_cat?post=3678"},{"taxonomy":"product_tag","embeddable":true,"href":"https:\/\/ocm-vn.com\/en\/wp-json\/wp\/v2\/product_tag?post=3678"}],"curies":[{"name":"wp","href":"https:\/\/api.w.org\/{rel}","templated":true}]}}