
{"id":3675,"date":"2024-07-24T09:36:19","date_gmt":"2024-07-24T02:36:19","guid":{"rendered":"https:\/\/ocm-vn.com\/?post_type=product&#038;p=3675"},"modified":"2026-01-26T22:18:40","modified_gmt":"2026-01-26T15:18:40","slug":"gia-cong-sua-tam","status":"publish","type":"product","link":"https:\/\/ocm-vn.com\/en\/san-pham-gia-cong\/gia-cong-sua-tam\/","title":{"rendered":"GIA C\u00d4NG S\u1eeeA T\u1eaeM"},"content":{"rendered":"<p><strong>H\u01b0\u1edbng D\u1eabn S\u1eed D\u1ee5ng<\/strong><\/p>\n<ul>\n<li>L\u00e0m \u01b0\u1edbt c\u01a1 th\u1ec3 v\u1edbi n\u01b0\u1edbc.<\/li>\n<li>L\u1ea5y m\u1ed9t l\u01b0\u1ee3ng s\u1eefa t\u1eafm v\u1eeba \u0111\u1ee7 ra tay ho\u1eb7c b\u00f4ng t\u1eafm.<\/li>\n<li>T\u1ea1o b\u1ecdt v\u00e0 xoa \u0111\u1ec1u l\u00ean kh\u1eafp c\u01a1 th\u1ec3.<\/li>\n<li>Massage nh\u1eb9 nh\u00e0ng trong v\u00e0i ph\u00fat \u0111\u1ec3 d\u01b0\u1ee1ng ch\u1ea5t th\u1ea9m th\u1ea5u v\u00e0o da.<\/li>\n<li>X\u1ea3 s\u1ea1ch l\u1ea1i v\u1edbi n\u01b0\u1edbc v\u00e0 c\u1ea3m nh\u1eadn l\u00e0n da s\u1ea1ch s\u1ebd, m\u1ec1m m\u1ea1i v\u00e0 th\u01a1m ng\u00e1t.<\/li>\n<\/ul>\n<p><strong>Caution:<\/strong><\/p>\n<p>B\u1ea3o qu\u1ea3n: \u0110\u1ec3 s\u1ea3n ph\u1ea9m n\u01a1i kh\u00f4 r\u00e1o, tho\u00e1ng m\u00e1t, tr\u00e1nh \u00e1nh n\u1eafng tr\u1ef1c ti\u1ebfp.<\/p>\n<p data-start=\"293\" data-end=\"362\"><strong data-start=\"293\" data-end=\"360\">D\u1ecbch v\u1ee5 gia c\u00f4ng m\u1ef9 ph\u1ea9m (OEM) t\u1ea1i C\u00f4ng ty C\u1ed5 ph\u1ea7n OCM Vi\u1ec7t Nam<\/strong><\/p>\n<p data-start=\"364\" data-end=\"711\">OCM Vi\u1ec7t Nam <strong data-start=\"377\" data-end=\"404\">chuy\u00ean gia c\u00f4ng m\u1ef9 ph\u1ea9m<\/strong> \u2013 \u0111\u1eb7c bi\u1ec7t l\u00e0 <strong>gia c\u00f4ng <\/strong><b>body wash <\/b>v\u1edbi nhi\u1ec1u c\u00f4ng d\u1ee5ng v\u00e0 m\u00f9i h\u01b0\u01a1ng phong ph\u00fa.<br data-start=\"480\" data-end=\"483\" \/><br \/>\nV\u1edbi \u0111\u1ed9i ng\u0169 <strong data-start=\"495\" data-end=\"530\">chuy\u00ean gia R&amp;D gi\u00e0u kinh nghi\u1ec7m<\/strong>, ch\u00fang t\u00f4i <strong data-start=\"542\" data-end=\"574\">t\u00f9y ch\u1ec9nh c\u00f4ng th\u1ee9c s\u1ea3n ph\u1ea9m<\/strong> theo y\u00eau c\u1ea7u ri\u00eang c\u1ee7a t\u1eebng kh\u00e1ch h\u00e0ng,<br data-start=\"615\" data-end=\"618\" \/><br \/>\n\u0111\u1ea3m b\u1ea3o <strong data-start=\"626\" data-end=\"708\">ph\u00f9 h\u1ee3p v\u1edbi \u0111\u1ecbnh h\u01b0\u1edbng th\u01b0\u01a1ng hi\u1ec7u, ph\u00e2n kh\u00fac th\u1ecb tr\u01b0\u1eddng v\u00e0 m\u1ee9c chi ph\u00ed t\u1ed1i \u01b0u<\/strong>.<\/p>\n<p><strong>Packaging<\/strong><\/p>\n<p>T\u00f9y v\u00e0o \u0111\u1eb7c tr\u01b0ng c\u1ee7a d\u1ea1ng s\u1ea3n ph\u1ea9m, ch\u00fang t\u00f4i s\u1ebd t\u01b0 v\u1ea5n v\u00e0 h\u1ed7 tr\u1ee3 kh\u00e1ch h\u00e0ng t\u00ecm ki\u1ebfm nh\u1eefng m\u1eabu bao b\u00ec ph\u00f9 h\u1ee3p v\u1edbi gi\u00e1 c\u1ea3 h\u1ee3p l\u00fd.<\/p>\n<p>H\u00e3y li\u00ean h\u1ec7 v\u1edbi OCM Vi\u1ec7t Nam \u0111\u1ec3 th\u00eam nhi\u1ec1u \u00fd t\u01b0\u1edfng cho gia c\u00f4ng m\u1ef9 ph\u1ea9m <strong>:<\/strong><\/p>\n<ul>\n<li>\n<p><em><strong>Hotline:<\/strong> (028) 394 92 902 \u2013 (028) 394 92 802<\/em><\/p>\n<\/li>\n<li>\n<p><em><strong>Email:<\/strong> info@ocm-vn.com<\/em><\/p>\n<\/li>\n<li>\n<p><em><strong>Facebook:<\/strong>\u00a0<a href=\"https:\/\/www.facebook.com\/congtyocmvietnam\" target=\"_blank\" rel=\"noopener\">OCM Vietnam<\/a><\/em><\/p>\n<\/li>\n<\/ul>","protected":false},"excerpt":{"rendered":"<p>Gia c\u00f4ng m\u1ef9 ph\u1ea9m: Gia c\u00f4ng s\u1eefa t\u1eafm d\u01b0\u1ee1ng \u1ea9m &amp; l\u00e0m s\u00e1ng da t\u1ef1 nhi\u00ean<\/p>\n<p>\u0110\u01b0\u1ee3c thi\u1ebft k\u1ebf \u0111\u1eb7c bi\u1ec7t \u0111\u1ec3 mang l\u1ea1i tr\u1ea3i nghi\u1ec7m t\u1eafm ho\u00e0n h\u1ea3o, s\u1eefa t\u1eafm kh\u00f4ng ch\u1ec9 l\u00e0m s\u1ea1ch m\u00e0 c\u00f2n cung c\u1ea5p \u0111\u1ed9 \u1ea9m v\u00e0 d\u01b0\u1ee1ng ch\u1ea5t cho l\u00e0n da c\u1ee7a b\u1ea1n. V\u1edbi c\u00f4ng th\u1ee9c d\u1ecbu nh\u1eb9, h\u01b0\u01a1ng th\u01a1m quy\u1ebfn r\u0169 v\u00e0 th\u00e0nh ph\u1ea7n thi\u00ean nhi\u00ean, s\u1eefa t\u1eafm l\u00e0 s\u1ef1 l\u1ef1a ch\u1ecdn l\u00fd t\u01b0\u1edfng \u0111\u1ec3 n\u00e2ng niu v\u00e0 b\u1ea3o v\u1ec7 l\u00e0n da m\u1ed7i ng\u00e0y.<\/p>\n<p><strong>C\u00f4ng D\u1ee5ng<\/strong><\/p>\n<ul>\n<li>L\u00e0m s\u1ea1ch s\u00e2u v\u00e0 d\u1ecbu nh\u1eb9, gi\u00fap lo\u1ea1i b\u1ecf ho\u00e0n to\u00e0n b\u1ee5i b\u1ea9n, d\u1ea7u th\u1eeba v\u00e0 c\u00e1c t\u1ea1p ch\u1ea5t tr\u00ean da m\u00e0 kh\u00f4ng g\u00e2y kh\u00f4 da.<\/li>\n<li><strong>Gi\u00fap d\u01b0\u1ee1ng \u1ea9m cho da kh\u00f4 v\u00e0 thi\u1ebfu n\u01b0\u1edbc, nu\u00f4i d\u01b0\u1ee1ng s\u00e2u cho da trong su\u1ed1t 24 gi\u1edd.<\/strong><\/li>\n<li><strong>Ch\u1ed1ng l\u00e3o h\u00f3a, l\u00e0m d\u1ecbu v\u00e0 tr\u1eafng da, c\u1ee7ng c\u1ed1 h\u00e0ng r\u00e0o b\u1ea3o v\u1ec7 da.<\/strong><\/li>\n<\/ul>\n<p><strong>Ingredients <\/strong><\/p>\n<p>\u00a0 Pentavitin &amp;Vitamin B3 (whitening), Morus Alba (Mulberry) Extract (anti aging, soothing, moisturzing, whitening).<\/p>","protected":false},"featured_media":3667,"comment_status":"closed","ping_status":"closed","template":"","meta":[],"product_cat":[39,566,43],"product_tag":[537,539],"_links":{"self":[{"href":"https:\/\/ocm-vn.com\/en\/wp-json\/wp\/v2\/product\/3675"}],"collection":[{"href":"https:\/\/ocm-vn.com\/en\/wp-json\/wp\/v2\/product"}],"about":[{"href":"https:\/\/ocm-vn.com\/en\/wp-json\/wp\/v2\/types\/product"}],"replies":[{"embeddable":true,"href":"https:\/\/ocm-vn.com\/en\/wp-json\/wp\/v2\/comments?post=3675"}],"version-history":[{"count":6,"href":"https:\/\/ocm-vn.com\/en\/wp-json\/wp\/v2\/product\/3675\/revisions"}],"predecessor-version":[{"id":4472,"href":"https:\/\/ocm-vn.com\/en\/wp-json\/wp\/v2\/product\/3675\/revisions\/4472"}],"wp:featuredmedia":[{"embeddable":true,"href":"https:\/\/ocm-vn.com\/en\/wp-json\/wp\/v2\/media\/3667"}],"wp:attachment":[{"href":"https:\/\/ocm-vn.com\/en\/wp-json\/wp\/v2\/media?parent=3675"}],"wp:term":[{"taxonomy":"product_cat","embeddable":true,"href":"https:\/\/ocm-vn.com\/en\/wp-json\/wp\/v2\/product_cat?post=3675"},{"taxonomy":"product_tag","embeddable":true,"href":"https:\/\/ocm-vn.com\/en\/wp-json\/wp\/v2\/product_tag?post=3675"}],"curies":[{"name":"wp","href":"https:\/\/api.w.org\/{rel}","templated":true}]}}