
{"id":3671,"date":"2024-07-24T09:33:54","date_gmt":"2024-07-24T02:33:54","guid":{"rendered":"https:\/\/ocm-vn.com\/?post_type=product&#038;p=3671"},"modified":"2025-12-04T18:56:03","modified_gmt":"2025-12-04T11:56:03","slug":"gia-cong-dau-goi-chong-gau","status":"publish","type":"product","link":"https:\/\/ocm-vn.com\/en\/san-pham-gia-cong\/gia-cong-dau-goi-chong-gau\/","title":{"rendered":"GIA C\u00d4NG D\u1ea6U G\u1ed8I CH\u1ed0NG G\u00c0U"},"content":{"rendered":"<p><strong>H\u01b0\u1edbng D\u1eabn S\u1eed D\u1ee5ng<\/strong><\/p>\n<ol>\n<li>L\u00e0m \u01b0\u1edbt t\u00f3c.<\/li>\n<li>L\u1ea5y m\u1ed9t l\u01b0\u1ee3ng d\u1ea7u g\u1ed9i v\u1eeba \u0111\u1ee7, thoa \u0111\u1ec1u l\u00ean t\u00f3c v\u00e0 da \u0111\u1ea7u.<\/li>\n<li>Massage nh\u1eb9 nh\u00e0ng trong v\u00e0i ph\u00fat \u0111\u1ec3 c\u00e1c d\u01b0\u1ee1ng ch\u1ea5t th\u1ea5m s\u00e2u v\u00e0o t\u00f3c v\u00e0 da \u0111\u1ea7u.<\/li>\n<li>X\u1ea3 s\u1ea1ch v\u1edbi n\u01b0\u1edbc.<\/li>\n<li>S\u1eed d\u1ee5ng 2-3 l\u1ea7n m\u1ed7i tu\u1ea7n \u0111\u1ec3 \u0111\u1ea1t hi\u1ec7u qu\u1ea3 t\u1ed1t nh\u1ea5t.<\/li>\n<\/ol>\n<p><strong>Caution:<\/strong><\/p>\n<p>B\u1ea3o qu\u1ea3n: \u0110\u1ec3 s\u1ea3n ph\u1ea9m n\u01a1i kh\u00f4 r\u00e1o, tho\u00e1ng m\u00e1t, tr\u00e1nh \u00e1nh n\u1eafng tr\u1ef1c ti\u1ebfp.<\/p>\n<p data-start=\"293\" data-end=\"362\"><strong data-start=\"293\" data-end=\"360\">D\u1ecbch v\u1ee5 gia c\u00f4ng m\u1ef9 ph\u1ea9m (OEM) t\u1ea1i C\u00f4ng ty C\u1ed5 ph\u1ea7n OCM Vi\u1ec7t Nam<\/strong><\/p>\n<p data-start=\"364\" data-end=\"711\">OCM Vi\u1ec7t Nam <strong data-start=\"377\" data-end=\"404\">chuy\u00ean gia c\u00f4ng m\u1ef9 ph\u1ea9m<\/strong> \u2013 \u0111\u1eb7c bi\u1ec7t l\u00e0 <b>gia c\u00f4ng d\u1ea7u g\u1ed9i <\/b>v\u1edbi nhi\u1ec1u c\u00f4ng d\u1ee5ng v\u00e0 m\u00f9i h\u01b0\u01a1ng phong ph\u00fa.<br data-start=\"480\" data-end=\"483\" \/><br \/>\nV\u1edbi \u0111\u1ed9i ng\u0169 <strong data-start=\"495\" data-end=\"530\">chuy\u00ean gia R&amp;D gi\u00e0u kinh nghi\u1ec7m<\/strong>, ch\u00fang t\u00f4i <strong data-start=\"542\" data-end=\"574\">t\u00f9y ch\u1ec9nh c\u00f4ng th\u1ee9c s\u1ea3n ph\u1ea9m<\/strong> theo y\u00eau c\u1ea7u ri\u00eang c\u1ee7a t\u1eebng kh\u00e1ch h\u00e0ng,<br data-start=\"615\" data-end=\"618\" \/><br \/>\n\u0111\u1ea3m b\u1ea3o <strong data-start=\"626\" data-end=\"708\">ph\u00f9 h\u1ee3p v\u1edbi \u0111\u1ecbnh h\u01b0\u1edbng th\u01b0\u01a1ng hi\u1ec7u, ph\u00e2n kh\u00fac th\u1ecb tr\u01b0\u1eddng v\u00e0 m\u1ee9c chi ph\u00ed t\u1ed1i \u01b0u<\/strong>.<\/p>\n<p><strong>Packaging<\/strong><\/p>\n<p>T\u00f9y v\u00e0o \u0111\u1eb7c tr\u01b0ng c\u1ee7a d\u1ea1ng s\u1ea3n ph\u1ea9m, ch\u00fang t\u00f4i s\u1ebd t\u01b0 v\u1ea5n v\u00e0 h\u1ed7 tr\u1ee3 kh\u00e1ch h\u00e0ng t\u00ecm ki\u1ebfm nh\u1eefng m\u1eabu bao b\u00ec ph\u00f9 h\u1ee3p v\u1edbi gi\u00e1 c\u1ea3 h\u1ee3p l\u00fd.<\/p>\n<p>H\u00e3y li\u00ean h\u1ec7 v\u1edbi OCM Vi\u1ec7t Nam \u0111\u1ec3 th\u00eam nhi\u1ec1u \u00fd t\u01b0\u1edfng cho gia c\u00f4ng m\u1ef9 ph\u1ea9m <strong>:<\/strong><\/p>\n<ul>\n<li>\n<p><em><strong>Hotline:<\/strong> (028) 394 92 902 \u2013 (028) 394 92 802<\/em><\/p>\n<\/li>\n<li>\n<p><em><strong>Email:<\/strong> info@ocm-vn.com<\/em><\/p>\n<\/li>\n<li>\n<p><em><strong>Facebook:<\/strong>\u00a0<a href=\"https:\/\/www.facebook.com\/congtyocmvietnam\" target=\"_blank\" rel=\"noopener\">OCM Vietnam<\/a><\/em><\/p>\n<\/li>\n<\/ul>\n<p><strong>\u00a0<\/strong><\/p>","protected":false},"excerpt":{"rendered":"<p>Gia c\u00f4ng m\u1ef9 ph\u1ea9m: Gia c\u00f4ng d\u1ea7u g\u1ed9i ch\u1ed1ng g\u00e0u ch\u0103m s\u00f3c t\u00f3c kh\u1ecfe m\u1ea1nh.<\/p>\n<p>Trong m\u1ed9t th\u1ebf gi\u1edbi \u0111\u1ea7y b\u1eadn r\u1ed9n v\u00e0 c\u0103ng th\u1eb3ng, vi\u1ec7c ch\u0103m s\u00f3c b\u1ea3n th\u00e2n, \u0111\u1eb7c bi\u1ec7t l\u00e0 m\u00e1i t\u00f3c v\u00e0 da \u0111\u1ea7u, tr\u1edf n\u00ean v\u00f4 c\u00f9ng quan tr\u1ecdng. G\u00e0u kh\u00f4ng ch\u1ec9 g\u00e2y kh\u00f3 ch\u1ecbu m\u00e0 c\u00f2n \u1ea3nh h\u01b0\u1edfng \u0111\u1ebfn v\u1ebb ngo\u00e0i v\u00e0 s\u1ef1 t\u1ef1 tin c\u1ee7a b\u1ea1n. V\u1edbi <b>d\u1ea7u g\u1ed9i ch\u1ed1ng g\u00e0u<\/b> ch\u00fang t\u00f4i mang \u0111\u1ebfn gi\u1ea3i ph\u00e1p t\u1ed1i \u01b0u \u0111\u1ec3 lo\u1ea1i b\u1ecf g\u00e0u v\u00e0 mang l\u1ea1i m\u00e1i t\u00f3c kh\u1ecfe m\u1ea1nh, b\u00f3ng m\u01b0\u1ee3t.<\/p>\n<p><strong>C\u00f4ng D\u1ee5ng:<\/strong><\/p>\n<ul>\n<li>Ch\u1ee9a c\u00e1c ch\u1ea5t ch\u1ed1ng g\u00e0u gi\u00fap l\u00e0m s\u1ea1ch v\u00e0 l\u00e0m s\u1ea1ch da \u0111\u1ea7u<\/li>\n<li>Gi\u00fap gi\u1ea3m v\u00e0 ng\u0103n ng\u1eeba s\u1ef1 xu\u1ea5t hi\u1ec7n c\u1ee7a g\u00e0u (v\u1ea3y)<\/li>\n<li>Gi\u1eef c\u00e2n b\u1eb1ng vi sinh v\u1eadt tr\u00ean da \u0111\u1ea7u, gi\u1ea3m d\u1ea7u nh\u1eddn tr\u00ean da \u0111\u1ea7u.<\/li>\n<li>Gi\u00fap l\u00e0m d\u1ecbu v\u00e0 b\u1ea3o v\u1ec7 da \u0111\u1ea7u<\/li>\n<li>Gi\u00fap t\u00f3c d\u1ec5 ch\u1ea3i, m\u1ec1m m\u01b0\u1ee3t v\u00e0 \u0111\u01b0\u1ee3c d\u01b0\u1ee1ng \u1ea9m.<\/li>\n<li>T\u0103ng c\u01b0\u1eddng h\u00e0ng r\u00e0o da \u0111\u1ea7u v\u00e0 t\u00f3c kh\u1ecfe m\u1ea1nh.<\/li>\n<li>Mang l\u1ea1i c\u1ea3m gi\u00e1c s\u1ea3ng kho\u00e1i.<\/li>\n<\/ul>\n<p><strong>Ingredients <\/strong><\/p>\n<p>Pentavitin &amp; Microalgae extract.<\/p>","protected":false},"featured_media":3637,"comment_status":"closed","ping_status":"closed","template":"","meta":[],"product_cat":[39,49],"product_tag":[540,537],"_links":{"self":[{"href":"https:\/\/ocm-vn.com\/en\/wp-json\/wp\/v2\/product\/3671"}],"collection":[{"href":"https:\/\/ocm-vn.com\/en\/wp-json\/wp\/v2\/product"}],"about":[{"href":"https:\/\/ocm-vn.com\/en\/wp-json\/wp\/v2\/types\/product"}],"replies":[{"embeddable":true,"href":"https:\/\/ocm-vn.com\/en\/wp-json\/wp\/v2\/comments?post=3671"}],"version-history":[{"count":5,"href":"https:\/\/ocm-vn.com\/en\/wp-json\/wp\/v2\/product\/3671\/revisions"}],"predecessor-version":[{"id":4473,"href":"https:\/\/ocm-vn.com\/en\/wp-json\/wp\/v2\/product\/3671\/revisions\/4473"}],"wp:featuredmedia":[{"embeddable":true,"href":"https:\/\/ocm-vn.com\/en\/wp-json\/wp\/v2\/media\/3637"}],"wp:attachment":[{"href":"https:\/\/ocm-vn.com\/en\/wp-json\/wp\/v2\/media?parent=3671"}],"wp:term":[{"taxonomy":"product_cat","embeddable":true,"href":"https:\/\/ocm-vn.com\/en\/wp-json\/wp\/v2\/product_cat?post=3671"},{"taxonomy":"product_tag","embeddable":true,"href":"https:\/\/ocm-vn.com\/en\/wp-json\/wp\/v2\/product_tag?post=3671"}],"curies":[{"name":"wp","href":"https:\/\/api.w.org\/{rel}","templated":true}]}}