
{"id":3663,"date":"2024-07-24T09:29:08","date_gmt":"2024-07-24T02:29:08","guid":{"rendered":"https:\/\/ocm-vn.com\/?post_type=product&#038;p=3663"},"modified":"2025-10-14T15:11:04","modified_gmt":"2025-10-14T08:11:04","slug":"gia-cong-tay-te-bao-chet-da-dau","status":"publish","type":"product","link":"https:\/\/ocm-vn.com\/en\/san-pham-gia-cong\/gia-cong-tay-te-bao-chet-da-dau\/","title":{"rendered":"GIA C\u00d4NG T\u1ea8Y T\u1ebe B\u00c0O CH\u1ebeT DA \u0110\u1ea6U"},"content":{"rendered":"<p><strong>Ingredients <\/strong><\/p>\n<p>Pentavitin\u00a0 extract &amp;\u00a0 AHA Fruit extract &amp; Pepper Mint Oil.<\/p>\n<p><strong>H\u01b0\u1edbng D\u1eabn S\u1eed D\u1ee5ng<\/strong><\/p>\n<ul>\n<li><strong>L\u00e0m \u01b0\u1edbt t\u00f3c:<\/strong> Tr\u01b0\u1edbc h\u1ebft, b\u1ea1n c\u1ea7n l\u00e0m \u01b0\u1edbt t\u00f3c v\u00e0 da \u0111\u1ea7u b\u1eb1ng n\u01b0\u1edbc \u0111\u1ec3 l\u00e0m m\u1ec1m t\u1ebf b\u00e0o ch\u1ebft v\u00e0 gi\u00fap s\u1ea3n ph\u1ea9m th\u1ea9m th\u1ea5u t\u1ed1t h\u01a1n.<\/li>\n<li><strong>Thoa s\u1ea3n ph\u1ea9m:<\/strong> L\u1ea5y m\u1ed9t l\u01b0\u1ee3ng v\u1eeba \u0111\u1ee7 v\u00e0 thoa \u0111\u1ec1u l\u00ean da \u0111\u1ea7u, tr\u00e1nh ph\u1ea7n ng\u1ecdn t\u00f3c \u0111\u1ec3 kh\u00f4ng l\u00e0m kh\u00f4 t\u00f3c.<\/li>\n<li><strong>Massage nh\u1eb9 nh\u00e0ng:<\/strong> D\u00f9ng \u0111\u1ea7u ng\u00f3n tay massage da \u0111\u1ea7u nh\u1eb9 nh\u00e0ng trong kho\u1ea3ng 3-5 ph\u00fat \u0111\u1ec3 s\u1ea3n ph\u1ea9m ph\u00e1t huy t\u1ed1i \u0111a c\u00f4ng d\u1ee5ng.<\/li>\n<li><strong>X\u1ea3 s\u1ea1ch:<\/strong> L\u00e0m s\u1ea1ch t\u00f3c v\u00e0 da \u0111\u1ea7u b\u1eb1ng n\u01b0\u1edbc, sau \u0111\u00f3 s\u1eed d\u1ee5ng d\u1ea7u g\u1ed9i v\u00e0 d\u1ea7u x\u1ea3 nh\u01b0 b\u00ecnh th\u01b0\u1eddng.<\/li>\n<\/ul>\n<p>S\u1ea3n ph\u1ea9m th\u00edch h\u1ee3p cho m\u1ecdi lo\u1ea1i da \u0111\u1ea7u, \u0111\u1eb7c bi\u1ec7t l\u00e0 nh\u1eefng ng\u01b0\u1eddi c\u00f3 da \u0111\u1ea7u d\u1ea7u, b\u1ecb g\u00e0u ho\u1eb7c t\u00f3c d\u1ec5 r\u1ee5ng. S\u1eed d\u1ee5ng t\u1ea9y t\u1ebf b\u00e0o ch\u1ebft da \u0111\u1ea7u \u0111\u1ec1u \u0111\u1eb7n 1-2 l\u1ea7n m\u1ed7i tu\u1ea7n \u0111\u1ec3 duy tr\u00ec m\u00e1i t\u00f3c kh\u1ecfe \u0111\u1eb9p v\u00e0 da \u0111\u1ea7u lu\u00f4n trong t\u00ecnh tr\u1ea1ng t\u1ed1t nh\u1ea5t.<\/p>\n<p><strong>Caution:<\/strong><\/p>\n<p>B\u1ea3o qu\u1ea3n: \u0110\u1ec3 s\u1ea3n ph\u1ea9m n\u01a1i kh\u00f4 r\u00e1o, tho\u00e1ng m\u00e1t, tr\u00e1nh \u00e1nh n\u1eafng tr\u1ef1c ti\u1ebfp.<\/p>\n<p data-start=\"293\" data-end=\"362\"><strong data-start=\"293\" data-end=\"360\">D\u1ecbch v\u1ee5 gia c\u00f4ng m\u1ef9 ph\u1ea9m (OEM) t\u1ea1i C\u00f4ng ty C\u1ed5 ph\u1ea7n OCM Vi\u1ec7t Nam<\/strong><\/p>\n<p data-start=\"364\" data-end=\"711\">OCM Vi\u1ec7t Nam <strong data-start=\"377\" data-end=\"404\">chuy\u00ean gia c\u00f4ng m\u1ef9 ph\u1ea9m<\/strong> \u2013 \u0111\u1eb7c bi\u1ec7t l\u00e0 <strong data-start=\"419\" data-end=\"436\">gia c\u00f4ng t\u1ea9y t\u1ebf b\u00e0o ch\u1ebft<\/strong>\u00a0v\u1edbi nhi\u1ec1u c\u00f4ng d\u1ee5ng v\u00e0 m\u00f9i h\u01b0\u01a1ng phong ph\u00fa.<br data-start=\"480\" data-end=\"483\" \/><br \/>\nV\u1edbi \u0111\u1ed9i ng\u0169 <strong data-start=\"495\" data-end=\"530\">chuy\u00ean gia R&amp;D gi\u00e0u kinh nghi\u1ec7m<\/strong>, ch\u00fang t\u00f4i <strong data-start=\"542\" data-end=\"574\">t\u00f9y ch\u1ec9nh c\u00f4ng th\u1ee9c s\u1ea3n ph\u1ea9m<\/strong> theo y\u00eau c\u1ea7u ri\u00eang c\u1ee7a t\u1eebng kh\u00e1ch h\u00e0ng,<br data-start=\"615\" data-end=\"618\" \/><br \/>\n\u0111\u1ea3m b\u1ea3o <strong data-start=\"626\" data-end=\"708\">ph\u00f9 h\u1ee3p v\u1edbi \u0111\u1ecbnh h\u01b0\u1edbng th\u01b0\u01a1ng hi\u1ec7u, ph\u00e2n kh\u00fac th\u1ecb tr\u01b0\u1eddng v\u00e0 m\u1ee9c chi ph\u00ed t\u1ed1i \u01b0u<\/strong>.<\/p>\n<p><strong>Packaging<\/strong><\/p>\n<p>T\u00f9y v\u00e0o \u0111\u1eb7c tr\u01b0ng c\u1ee7a d\u1ea1ng s\u1ea3n ph\u1ea9m, ch\u00fang t\u00f4i s\u1ebd t\u01b0 v\u1ea5n v\u00e0 h\u1ed7 tr\u1ee3 kh\u00e1ch h\u00e0ng t\u00ecm ki\u1ebfm nh\u1eefng m\u1eabu bao b\u00ec ph\u00f9 h\u1ee3p v\u1edbi gi\u00e1 c\u1ea3 h\u1ee3p l\u00fd.<\/p>\n<p>H\u00e3y li\u00ean h\u1ec7 v\u1edbi OCM Vi\u1ec7t Nam \u0111\u1ec3 th\u00eam nhi\u1ec1u \u00fd t\u01b0\u1edfng cho gia c\u00f4ng m\u1ef9 ph\u1ea9m <strong>:<\/strong><\/p>\n<ul>\n<li>\n<p><em><strong>Hotline:<\/strong> (028) 394 92 902 \u2013 (028) 394 92 802<\/em><\/p>\n<\/li>\n<li>\n<p><em><strong>Email:<\/strong> info@ocm-vn.com<\/em><\/p>\n<\/li>\n<li>\n<p><em><strong>Facebook:<\/strong>\u00a0<a href=\"https:\/\/www.facebook.com\/congtyocmvietnam\" target=\"_blank\" rel=\"noopener\">OCM Vietnam<\/a><\/em><\/p>\n<\/li>\n<\/ul>","protected":false},"excerpt":{"rendered":"<p>Gia c\u00f4ng m\u1ef9 ph\u1ea9m: Gia c\u00f4ng mu\u1ed1i t\u1ea9y t\u1ebf b\u00e0o ch\u1ebft gi\u00fap da \u0111\u1ea7u kh\u1ecfe m\u1ea1nh.<\/p>\n<p>OCM Vi\u1ec7t Nam cung c\u1ea5p d\u1ecbch v\u1ee5 gia c\u00f4ng m\u1ef9 ph\u1ea9m theo y\u00eau c\u1ea7u v\u1edbi quy tr\u00ecnh chuy\u00ean nghi\u1ec7p, \u0111\u1ea3m b\u1ea3o ch\u1ea5t l\u01b0\u1ee3ng v\u00e0 chi ph\u00ed t\u1ed1i \u01b0u.<\/p>\n<p>T\u1ea9y t\u1ebf b\u00e0o ch\u1ebft da \u0111\u1ea7u l\u00e0 m\u1ed9t gi\u1ea3i ph\u00e1p hi\u1ec7u qu\u1ea3 gi\u00fap lo\u1ea1i b\u1ecf b\u1ee5i b\u1ea9n, d\u1ea7u th\u1eeba v\u00e0 t\u1ebf b\u00e0o ch\u1ebft t\u00edch t\u1ee5 tr\u00ean da \u0111\u1ea7u. V\u1edbi th\u00e0nh ph\u1ea7n ch\u1ee9a chi\u1ebft xu\u1ea5t t\u1ef1 nhi\u00ean v\u00e0 d\u01b0\u1ee1ng ch\u1ea5t, s\u1ea3n ph\u1ea9m n\u00e0y kh\u00f4ng ch\u1ec9 l\u00e0m s\u1ea1ch s\u00e2u, m\u00e0 c\u00f2n k\u00edch th\u00edch tu\u1ea7n ho\u00e0n m\u00e1u, gi\u00fap da \u0111\u1ea7u tr\u1edf n\u00ean kh\u1ecfe m\u1ea1nh h\u01a1n. \u0110\u1ed3ng th\u1eddi, vi\u1ec7c t\u1ea9y t\u1ebf b\u00e0o ch\u1ebft \u0111\u1ecbnh k\u1ef3 c\u00f2n gi\u00fap gi\u1ea3m t\u00ecnh tr\u1ea1ng g\u00e0u v\u00e0 t\u1ea1o \u0111i\u1ec1u ki\u1ec7n thu\u1eadn l\u1ee3i cho s\u1ef1 h\u1ea5p th\u1ee5 d\u01b0\u1ee1ng ch\u1ea5t t\u1eeb c\u00e1c s\u1ea3n ph\u1ea9m ch\u0103m s\u00f3c t\u00f3c kh\u00e1c<\/p>\n<p><strong>C\u00f4ng D\u1ee5ng: <\/strong><\/p>\n<ul>\n<li><strong>Da \u0111\u1ea7u s\u1ea1ch s\u00e2u:<\/strong> Lo\u1ea1i b\u1ecf ho\u00e0n to\u00e0n t\u1ebf b\u00e0o ch\u1ebft, d\u1ea7u th\u1eeba v\u00e0 b\u1ee5i b\u1ea9n, gi\u00fap da \u0111\u1ea7u lu\u00f4n s\u1ea1ch s\u1ebd.<\/li>\n<li><strong>T\u00f3c ch\u1eafc kh\u1ecfe:<\/strong> Gi\u1eef c\u00e2n b\u1eb1ng h\u1ec7 vi sinh v\u1eadt tr\u00ean da \u0111\u1ea7u, l\u00e0m s\u1ea1ch g\u00e0u m\u00e0 kh\u00f4ng l\u00e0m kh\u00f4 da \u0111\u1ea7u ho\u1eb7c t\u00f3c, gi\u00fap l\u00e0m d\u1ecbu v\u00e0 b\u1ea3o v\u1ec7 da \u0111\u1ea7u<\/li>\n<li><strong>K\u00edch th\u00edch l\u01b0u th\u00f4ng m\u00e1u:<\/strong> Massage da \u0111\u1ea7u khi t\u1ea9y t\u1ebf b\u00e0o ch\u1ebft gi\u00fap t\u0103ng c\u01b0\u1eddng l\u01b0u th\u00f4ng m\u00e1u, cung c\u1ea5p d\u01b0\u1ee1ng ch\u1ea5t cho nang t\u00f3c, t\u1eeb \u0111\u00f3 th\u00fac \u0111\u1ea9y t\u00f3c m\u1ecdc nhanh v\u00e0 kh\u1ecfe h\u01a1n<\/li>\n<\/ul>\n<p><strong>Ingredients <\/strong><\/p>\n<p>Pentavitin\u00a0 extract &amp;\u00a0 AHA Fruit extract &amp; Pepper Mint Oil<\/p>","protected":false},"featured_media":3669,"comment_status":"closed","ping_status":"closed","template":"","meta":[],"product_cat":[39,44],"product_tag":[537,541],"_links":{"self":[{"href":"https:\/\/ocm-vn.com\/en\/wp-json\/wp\/v2\/product\/3663"}],"collection":[{"href":"https:\/\/ocm-vn.com\/en\/wp-json\/wp\/v2\/product"}],"about":[{"href":"https:\/\/ocm-vn.com\/en\/wp-json\/wp\/v2\/types\/product"}],"replies":[{"embeddable":true,"href":"https:\/\/ocm-vn.com\/en\/wp-json\/wp\/v2\/comments?post=3663"}],"version-history":[{"count":4,"href":"https:\/\/ocm-vn.com\/en\/wp-json\/wp\/v2\/product\/3663\/revisions"}],"predecessor-version":[{"id":4474,"href":"https:\/\/ocm-vn.com\/en\/wp-json\/wp\/v2\/product\/3663\/revisions\/4474"}],"wp:featuredmedia":[{"embeddable":true,"href":"https:\/\/ocm-vn.com\/en\/wp-json\/wp\/v2\/media\/3669"}],"wp:attachment":[{"href":"https:\/\/ocm-vn.com\/en\/wp-json\/wp\/v2\/media?parent=3663"}],"wp:term":[{"taxonomy":"product_cat","embeddable":true,"href":"https:\/\/ocm-vn.com\/en\/wp-json\/wp\/v2\/product_cat?post=3663"},{"taxonomy":"product_tag","embeddable":true,"href":"https:\/\/ocm-vn.com\/en\/wp-json\/wp\/v2\/product_tag?post=3663"}],"curies":[{"name":"wp","href":"https:\/\/api.w.org\/{rel}","templated":true}]}}