
{"id":3660,"date":"2024-07-24T09:21:51","date_gmt":"2024-07-24T02:21:51","guid":{"rendered":"https:\/\/ocm-vn.com\/?post_type=product&#038;p=3660"},"modified":"2025-12-05T22:50:29","modified_gmt":"2025-12-05T15:50:29","slug":"gia-cong-kem-duong-da-tay","status":"publish","type":"product","link":"https:\/\/ocm-vn.com\/en\/san-pham-gia-cong\/gia-cong-kem-duong-da-tay\/","title":{"rendered":"GIA C\u00d4NG KEM D\u01af\u1ee0NG DA TAY"},"content":{"rendered":"<p><strong>Ingredients <\/strong><\/p>\n<p>Butyrospermum Parkii (Shea) Butter (B\u01a1 h\u1ea1t m\u1ee1), Niacinamide (Vitamin B3), Tocopheryl Acetate (Vitamin E), Cocos Nucifera (Coconut) Oil (D\u1ea7u d\u1eeba), Morus Alba Leaf Extract (Chi\u1ebft xu\u1ea5t d\u00e2u t\u1eb1m tr\u1eafng), Aloe Barbadensis Leaf Juice (Aloe vera)<\/p>\n<p><strong>Usage<\/strong><\/p>\n<ul>\n<li><strong>L\u00e0m S\u1ea1ch Tay<\/strong>: R\u1eeda s\u1ea1ch tay v\u00e0 lau kh\u00f4 tr\u01b0\u1edbc khi s\u1eed d\u1ee5ng kem.<\/li>\n<li><strong>Thoa Kem<\/strong>: L\u1ea5y m\u1ed9t l\u01b0\u1ee3ng kem d\u01b0\u1ee1ng da tay v\u1eeba \u0111\u1ee7, thoa \u0111\u1ec1u l\u00ean da tay v\u00e0 massage nh\u1eb9 nh\u00e0ng \u0111\u1ec3 kem th\u1ea9m th\u1ea5u t\u1ed1t h\u01a1n.<\/li>\n<li><strong>S\u1eed D\u1ee5ng H\u1eb1ng Ng\u00e0y<\/strong>: \u0110\u1ec3 \u0111\u1ea1t hi\u1ec7u qu\u1ea3 t\u1ed1t nh\u1ea5t, s\u1eed d\u1ee5ng kem d\u01b0\u1ee1ng da tay h\u00e0ng ng\u00e0y, \u0111\u1eb7c bi\u1ec7t l\u00e0 sau khi r\u1eeda tay ho\u1eb7c khi c\u1ea3m th\u1ea5y da tay kh\u00f4.<\/li>\n<\/ul>\n<p><strong>Caution:<\/strong><\/p>\n<p>B\u1ea3o qu\u1ea3n: \u0110\u1ec3 s\u1ea3n ph\u1ea9m n\u01a1i kh\u00f4 r\u00e1o, tho\u00e1ng m\u00e1t, tr\u00e1nh \u00e1nh n\u1eafng tr\u1ef1c ti\u1ebfp.<\/p>\n<p data-start=\"293\" data-end=\"362\"><strong data-start=\"293\" data-end=\"360\">D\u1ecbch v\u1ee5 gia c\u00f4ng m\u1ef9 ph\u1ea9m (OEM) t\u1ea1i C\u00f4ng ty C\u1ed5 ph\u1ea7n OCM Vi\u1ec7t Nam<\/strong><\/p>\n<p data-start=\"364\" data-end=\"711\">OCM Vi\u1ec7t Nam <strong data-start=\"377\" data-end=\"404\">chuy\u00ean gia c\u00f4ng m\u1ef9 ph\u1ea9m<\/strong> \u2013 \u0111\u1eb7c bi\u1ec7t l\u00e0 <strong>gia c\u00f4ng kem d\u01b0\u1ee1ng da tay<\/strong> v\u1edbi nhi\u1ec1u c\u00f4ng d\u1ee5ng v\u00e0 m\u00f9i h\u01b0\u01a1ng phong ph\u00fa.<br data-start=\"480\" data-end=\"483\" \/><br \/>\nV\u1edbi \u0111\u1ed9i ng\u0169 <strong data-start=\"495\" data-end=\"530\">chuy\u00ean gia R&amp;D gi\u00e0u kinh nghi\u1ec7m<\/strong>, ch\u00fang t\u00f4i <strong data-start=\"542\" data-end=\"574\">t\u00f9y ch\u1ec9nh c\u00f4ng th\u1ee9c s\u1ea3n ph\u1ea9m<\/strong> theo y\u00eau c\u1ea7u ri\u00eang c\u1ee7a t\u1eebng kh\u00e1ch h\u00e0ng,<br data-start=\"615\" data-end=\"618\" \/><br \/>\n\u0111\u1ea3m b\u1ea3o <strong data-start=\"626\" data-end=\"708\">ph\u00f9 h\u1ee3p v\u1edbi \u0111\u1ecbnh h\u01b0\u1edbng th\u01b0\u01a1ng hi\u1ec7u, ph\u00e2n kh\u00fac th\u1ecb tr\u01b0\u1eddng v\u00e0 m\u1ee9c chi ph\u00ed t\u1ed1i \u01b0u<\/strong>.<\/p>\n<p><strong>Packaging<\/strong><\/p>\n<p>T\u00f9y v\u00e0o \u0111\u1eb7c tr\u01b0ng c\u1ee7a d\u1ea1ng s\u1ea3n ph\u1ea9m, ch\u00fang t\u00f4i s\u1ebd t\u01b0 v\u1ea5n v\u00e0 h\u1ed7 tr\u1ee3 kh\u00e1ch h\u00e0ng t\u00ecm ki\u1ebfm nh\u1eefng m\u1eabu bao b\u00ec ph\u00f9 h\u1ee3p v\u1edbi gi\u00e1 c\u1ea3 h\u1ee3p l\u00fd.<\/p>\n<p>H\u00e3y li\u00ean h\u1ec7 v\u1edbi OCM Vi\u1ec7t Nam \u0111\u1ec3 th\u00eam nhi\u1ec1u \u00fd t\u01b0\u1edfng cho gia c\u00f4ng m\u1ef9 ph\u1ea9m <strong>:<\/strong><\/p>\n<ul>\n<li>\n<p><em><strong>Hotline:<\/strong> (028) 394 92 902 \u2013 (028) 394 92 802<\/em><\/p>\n<\/li>\n<li>\n<p><em><strong>Email:<\/strong> info@ocm-vn.com<\/em><\/p>\n<\/li>\n<li>\n<p><em><strong>Facebook:<\/strong>\u00a0<a href=\"https:\/\/www.facebook.com\/congtyocmvietnam\" target=\"_blank\" rel=\"noopener\">OCM Vietnam<\/a><\/em><\/p>\n<\/li>\n<\/ul>","protected":false},"excerpt":{"rendered":"<p>Gia c\u00f4ng m\u1ef9 ph\u1ea9m: Gia c\u00f4ng kem d\u01b0\u1ee1ng tay m\u1ec1m m\u1ecbn &amp; ph\u1ee5c h\u1ed3i da kh\u00f4.<\/p>\n<p>OCM Vi\u1ec7t Nam cung c\u1ea5p d\u1ecbch v\u1ee5 gia c\u00f4ng m\u1ef9 ph\u1ea9m theo y\u00eau c\u1ea7u v\u1edbi quy tr\u00ecnh chuy\u00ean nghi\u1ec7p, \u0111\u1ea3m b\u1ea3o ch\u1ea5t l\u01b0\u1ee3ng v\u00e0 chi ph\u00ed t\u1ed1i \u01b0u.<\/p>\n<p>B\u1ea1n \u0111\u00e3 bao gi\u1edd c\u1ea3m th\u1ea5y \u0111\u00f4i tay m\u00ecnh kh\u00f4 r\u00e1p, thi\u1ebfu s\u1ee9c s\u1ed1ng v\u00e0 c\u1ea7n m\u1ed9t li\u1ec7u ph\u00e1p d\u01b0\u1ee1ng \u1ea9m t\u1ee9c th\u00ec? Kem d\u01b0\u1ee1ng da tay l\u00e0 gi\u1ea3i ph\u00e1p ho\u00e0n h\u1ea3o \u0111\u1ec3 duy tr\u00ec \u0111\u00f4i tay lu\u00f4n m\u1ec1m m\u1ea1i, m\u1ecbn m\u00e0ng v\u00e0 t\u01b0\u01a1i tr\u1ebb. V\u1edbi c\u00f4ng th\u1ee9c ch\u1ee9a c\u00e1c th\u00e0nh ph\u1ea7n d\u01b0\u1ee1ng ch\u1ea5t t\u1eeb thi\u00ean nhi\u00ean, s\u1ea3n ph\u1ea9m s\u1ebd mang l\u1ea1i cho b\u1ea1n tr\u1ea3i nghi\u1ec7m ch\u0103m s\u00f3c da tay tuy\u1ec7t v\u1eddi.<\/p>\n<p><strong>Benefit:<\/strong><\/p>\n<ul>\n<li><strong>D\u01b0\u1ee1ng \u1ea8m S\u00e2u<\/strong>: T\u0103ng c\u01b0\u1eddng \u0111\u1ed9 \u1ea9m cho da \u0111\u1ec3 \u0111\u00f4i tay tr\u00f4ng m\u1ecbn m\u00e0ng h\u01a1n, h<span dir=\"auto\"><span dir=\"auto\">\u1ed7 tr\u1ee3 h\u00e0ng r\u00e0o \u0111\u1ed9 \u1ea9m t\u1ef1 nhi\u00ean c\u1ee7a da.<\/span><\/span><\/li>\n<li><strong>Ph\u1ee5c H\u1ed3i v\u00e0 B\u1ea3o V\u1ec7<\/strong>: Chi\u1ebft xu\u1ea5t nha \u0111am v\u00e0 c\u00e1c lo\u1ea1i th\u1ea3o m\u1ed9c thi\u00ean nhi\u00ean gi\u00fap ph\u1ee5c h\u1ed3i l\u00e0n da tay b\u1ecb t\u1ed5n th\u01b0\u01a1ng, ng\u0103n ng\u1eeba n\u1ee9t n\u1ebb v\u00e0 b\u1ea3o v\u1ec7 da kh\u1ecfi c\u00e1c t\u00e1c \u0111\u1ed9ng x\u1ea5u t\u1eeb m\u00f4i tr\u01b0\u1eddng.<\/li>\n<\/ul>","protected":false},"featured_media":3640,"comment_status":"closed","ping_status":"closed","template":"","meta":[],"product_cat":[53,40],"product_tag":[542,537],"_links":{"self":[{"href":"https:\/\/ocm-vn.com\/en\/wp-json\/wp\/v2\/product\/3660"}],"collection":[{"href":"https:\/\/ocm-vn.com\/en\/wp-json\/wp\/v2\/product"}],"about":[{"href":"https:\/\/ocm-vn.com\/en\/wp-json\/wp\/v2\/types\/product"}],"replies":[{"embeddable":true,"href":"https:\/\/ocm-vn.com\/en\/wp-json\/wp\/v2\/comments?post=3660"}],"version-history":[{"count":6,"href":"https:\/\/ocm-vn.com\/en\/wp-json\/wp\/v2\/product\/3660\/revisions"}],"predecessor-version":[{"id":4598,"href":"https:\/\/ocm-vn.com\/en\/wp-json\/wp\/v2\/product\/3660\/revisions\/4598"}],"wp:featuredmedia":[{"embeddable":true,"href":"https:\/\/ocm-vn.com\/en\/wp-json\/wp\/v2\/media\/3640"}],"wp:attachment":[{"href":"https:\/\/ocm-vn.com\/en\/wp-json\/wp\/v2\/media?parent=3660"}],"wp:term":[{"taxonomy":"product_cat","embeddable":true,"href":"https:\/\/ocm-vn.com\/en\/wp-json\/wp\/v2\/product_cat?post=3660"},{"taxonomy":"product_tag","embeddable":true,"href":"https:\/\/ocm-vn.com\/en\/wp-json\/wp\/v2\/product_tag?post=3660"}],"curies":[{"name":"wp","href":"https:\/\/api.w.org\/{rel}","templated":true}]}}