
{"id":3658,"date":"2024-07-24T09:16:06","date_gmt":"2024-07-24T02:16:06","guid":{"rendered":"https:\/\/ocm-vn.com\/?post_type=product&#038;p=3658"},"modified":"2025-12-04T18:56:15","modified_gmt":"2025-12-04T11:56:15","slug":"gia-cong-xit-thom-goi","status":"publish","type":"product","link":"https:\/\/ocm-vn.com\/en\/san-pham-gia-cong\/gia-cong-xit-thom-goi\/","title":{"rendered":"GIA C\u00d4NG X\u1ecaT TH\u01a0M G\u1ed0I"},"content":{"rendered":"<p><strong>H\u01b0\u1edbng d\u1eabn s\u1eed d\u1ee5ng<\/strong><\/p>\n<ul>\n<li><strong>Tr\u01b0\u1edbc khi \u0111i ng\u1ee7:<\/strong> X\u1ecbt nh\u1eb9 s\u1ea3n ph\u1ea9m l\u00ean g\u1ed1i ho\u1eb7c khu v\u1ef1c quanh gi\u01b0\u1eddng t\u1eeb 2-3 l\u1ea7n.<\/li>\n<li><strong>Th\u01b0 gi\u00e3n v\u00e0 t\u1eadn h\u01b0\u1edfng:<\/strong> H\u00e3y \u0111\u1ec3 h\u01b0\u01a1ng th\u01a1m d\u1ecbu nh\u1eb9 gi\u00fap b\u1ea1n d\u1ec5 d\u00e0ng th\u1ea3 l\u1ecfng v\u00e0 ch\u00ecm v\u00e0o gi\u1ea5c ng\u1ee7 ngon l\u00e0nh.<\/li>\n<\/ul>\n<p><strong>Caution:<\/strong><\/p>\n<p>B\u1ea3o qu\u1ea3n: \u0110\u1ec3 s\u1ea3n ph\u1ea9m n\u01a1i kh\u00f4 r\u00e1o, tho\u00e1ng m\u00e1t, tr\u00e1nh \u00e1nh n\u1eafng tr\u1ef1c ti\u1ebfp.<\/p>\n<p data-start=\"293\" data-end=\"362\"><strong data-start=\"293\" data-end=\"360\">D\u1ecbch v\u1ee5 gia c\u00f4ng m\u1ef9 ph\u1ea9m (OEM) t\u1ea1i C\u00f4ng ty C\u1ed5 ph\u1ea7n OCM Vi\u1ec7t Nam<\/strong><\/p>\n<p data-start=\"364\" data-end=\"711\">OCM Vi\u1ec7t Nam <strong data-start=\"377\" data-end=\"404\">chuy\u00ean gia c\u00f4ng m\u1ef9 ph\u1ea9m<\/strong> \u2013 \u0111\u1eb7c bi\u1ec7t l\u00e0 gia c\u00f4ng <strong data-start=\"419\" data-end=\"436\">X\u1ecbt th\u01a1m g\u1ed1i<\/strong>\u00a0v\u1edbi nhi\u1ec1u c\u00f4ng d\u1ee5ng v\u00e0 m\u00f9i h\u01b0\u01a1ng phong ph\u00fa.<br data-start=\"480\" data-end=\"483\" \/><br \/>\nV\u1edbi \u0111\u1ed9i ng\u0169 <strong data-start=\"495\" data-end=\"530\">chuy\u00ean gia R&amp;D gi\u00e0u kinh nghi\u1ec7m<\/strong>, ch\u00fang t\u00f4i <strong data-start=\"542\" data-end=\"574\">t\u00f9y ch\u1ec9nh c\u00f4ng th\u1ee9c s\u1ea3n ph\u1ea9m<\/strong> theo y\u00eau c\u1ea7u ri\u00eang c\u1ee7a t\u1eebng kh\u00e1ch h\u00e0ng,<br data-start=\"615\" data-end=\"618\" \/><br \/>\n\u0111\u1ea3m b\u1ea3o <strong data-start=\"626\" data-end=\"708\">ph\u00f9 h\u1ee3p v\u1edbi \u0111\u1ecbnh h\u01b0\u1edbng th\u01b0\u01a1ng hi\u1ec7u, ph\u00e2n kh\u00fac th\u1ecb tr\u01b0\u1eddng v\u00e0 m\u1ee9c chi ph\u00ed t\u1ed1i \u01b0u<\/strong>.<\/p>\n<p><strong>Packaging<\/strong><\/p>\n<p>T\u00f9y v\u00e0o \u0111\u1eb7c tr\u01b0ng c\u1ee7a d\u1ea1ng s\u1ea3n ph\u1ea9m, ch\u00fang t\u00f4i s\u1ebd t\u01b0 v\u1ea5n v\u00e0 h\u1ed7 tr\u1ee3 kh\u00e1ch h\u00e0ng t\u00ecm ki\u1ebfm nh\u1eefng m\u1eabu bao b\u00ec ph\u00f9 h\u1ee3p v\u1edbi gi\u00e1 c\u1ea3 h\u1ee3p l\u00fd.<\/p>\n<p>H\u00e3y li\u00ean h\u1ec7 v\u1edbi OCM Vi\u1ec7t Nam \u0111\u1ec3 th\u00eam nhi\u1ec1u \u00fd t\u01b0\u1edfng cho gia c\u00f4ng m\u1ef9 ph\u1ea9m <strong>:<\/strong><\/p>\n<ul>\n<li>\n<p><em><strong>Hotline:<\/strong> (028) 394 92 902 \u2013 (028) 394 92 802<\/em><\/p>\n<\/li>\n<li>\n<p><em><strong>Email:<\/strong> info@ocm-vn.com<\/em><\/p>\n<\/li>\n<li>\n<p><em><strong>Facebook:<\/strong>\u00a0<a href=\"https:\/\/www.facebook.com\/congtyocmvietnam\" target=\"_blank\" rel=\"noopener\">OCM Vietnam<\/a><\/em><\/p>\n<\/li>\n<\/ul>","protected":false},"excerpt":{"rendered":"<p>Gia c\u00f4ng m\u1ef9 ph\u1ea9m: Gia c\u00f4ng x\u1ecbt th\u01a1m g\u1ed1i cho gi\u1ea5c ng\u1ee7 ngon.<\/p>\n<p>OCM Vi\u1ec7t Nam cung c\u1ea5p d\u1ecbch v\u1ee5 gia c\u00f4ng m\u1ef9 ph\u1ea9m theo y\u00eau c\u1ea7u v\u1edbi quy tr\u00ecnh chuy\u00ean nghi\u1ec7p, \u0111\u1ea3m b\u1ea3o ch\u1ea5t l\u01b0\u1ee3ng v\u00e0 chi ph\u00ed t\u1ed1i \u01b0u.<\/p>\n<p>X\u1ecbt Th\u01a1m G\u1ed1i (Pillow Spray) \u2013 b\u00ed quy\u1ebft mang \u0111\u1ebfn gi\u1ea5c ng\u1ee7 ngon v\u00e0 tinh th\u1ea7n tho\u1ea3i m\u00e1i. S\u1ea3n ph\u1ea9m \u0111\u01b0\u1ee3c thi\u1ebft k\u1ebf d\u00e0nh ri\u00eang cho nh\u1eefng ai t\u00ecm ki\u1ebfm s\u1ef1 b\u00ecnh y\u00ean v\u00e0 d\u1ec5 ch\u1ecbu sau m\u1ed9t ng\u00e0y d\u00e0i m\u1ec7t m\u1ecfi. H\u00e3y \u0111\u1ec3 m\u1ed7i gi\u1ea5c ng\u1ee7 c\u1ee7a b\u1ea1n tr\u1edf th\u00e0nh m\u1ed9t tr\u1ea3i nghi\u1ec7m tr\u1ecdn v\u1eb9n v\u1edbi h\u01b0\u01a1ng th\u01a1m d\u1ecbu nh\u1eb9 v\u00e0 t\u1ef1 nhi\u00ean t\u1eeb X\u1ecbt Th\u01a1m G\u1ed1i.<\/p>\n<p><strong>Benefit:<\/strong><\/p>\n<ul>\n<li><strong>Gi\u00fap d\u1ec5 ng\u1ee7:<\/strong> H\u01b0\u01a1ng th\u01a1m d\u1ecbu nh\u1eb9 c\u1ee7a tinh d\u1ea7u o\u1ea3i h\u01b0\u01a1ng v\u00e0 cam th\u1ea3o gi\u00fap l\u00e0m d\u1ecbu th\u1ea7n kinh, gi\u1ea3m c\u0103ng th\u1eb3ng v\u00e0 lo \u00e2u, h\u1ed7 tr\u1ee3 b\u1ea1n nhanh ch\u00f3ng ch\u00ecm v\u00e0o gi\u1ea5c ng\u1ee7 s\u00e2u v\u00e0 y\u00ean b\u00ecnh.<\/li>\n<li><strong>Tinh th\u1ea7n s\u1ea3ng kho\u00e1i:<\/strong> M\u1ed7i bu\u1ed5i s\u00e1ng th\u1ee9c d\u1eady, b\u1ea1n s\u1ebd c\u1ea3m th\u1ea5y tinh th\u1ea7n s\u1ea3ng kho\u00e1i v\u00e0 \u0111\u1ea7y n\u0103ng l\u01b0\u1ee3ng nh\u1edd gi\u1ea5c ng\u1ee7 ch\u1ea5t l\u01b0\u1ee3ng.<\/li>\n<\/ul>\n<p><strong>Ingredients <\/strong><\/p>\n<p>Water, PEG-40 Hydrogenated Castor Oil, Propylene Glycol, Fragrance, Phenoxyethanol, Ethylhexylglycerin, Citric Acid, Disodium EDTA.<\/p>","protected":false},"featured_media":3646,"comment_status":"closed","ping_status":"closed","template":"","meta":[],"product_cat":[42],"product_tag":[393,392],"_links":{"self":[{"href":"https:\/\/ocm-vn.com\/en\/wp-json\/wp\/v2\/product\/3658"}],"collection":[{"href":"https:\/\/ocm-vn.com\/en\/wp-json\/wp\/v2\/product"}],"about":[{"href":"https:\/\/ocm-vn.com\/en\/wp-json\/wp\/v2\/types\/product"}],"replies":[{"embeddable":true,"href":"https:\/\/ocm-vn.com\/en\/wp-json\/wp\/v2\/comments?post=3658"}],"version-history":[{"count":4,"href":"https:\/\/ocm-vn.com\/en\/wp-json\/wp\/v2\/product\/3658\/revisions"}],"predecessor-version":[{"id":4477,"href":"https:\/\/ocm-vn.com\/en\/wp-json\/wp\/v2\/product\/3658\/revisions\/4477"}],"wp:featuredmedia":[{"embeddable":true,"href":"https:\/\/ocm-vn.com\/en\/wp-json\/wp\/v2\/media\/3646"}],"wp:attachment":[{"href":"https:\/\/ocm-vn.com\/en\/wp-json\/wp\/v2\/media?parent=3658"}],"wp:term":[{"taxonomy":"product_cat","embeddable":true,"href":"https:\/\/ocm-vn.com\/en\/wp-json\/wp\/v2\/product_cat?post=3658"},{"taxonomy":"product_tag","embeddable":true,"href":"https:\/\/ocm-vn.com\/en\/wp-json\/wp\/v2\/product_tag?post=3658"}],"curies":[{"name":"wp","href":"https:\/\/api.w.org\/{rel}","templated":true}]}}