
{"id":3656,"date":"2024-07-24T09:13:36","date_gmt":"2024-07-24T02:13:36","guid":{"rendered":"https:\/\/ocm-vn.com\/?post_type=product&#038;p=3656"},"modified":"2025-10-09T15:43:31","modified_gmt":"2025-10-09T08:43:31","slug":"gia-cong-xit-khu-mui","status":"publish","type":"product","link":"https:\/\/ocm-vn.com\/en\/san-pham-gia-cong\/gia-cong-xit-khu-mui\/","title":{"rendered":"GIA C\u00d4NG X\u1ecaT KH\u1eec M\u00d9I (BEFORE YOU GO TOILET SPRAY)"},"content":{"rendered":"<p><strong>H\u01b0\u1edbng d\u1eabn s\u1eed d\u1ee5ng:<\/strong><\/p>\n<p><strong>L\u1eafc \u0111\u1ec1u chai x\u1ecbt<\/strong>: \u0110\u1ea3m b\u1ea3o c\u00e1c th\u00e0nh ph\u1ea7n \u0111\u01b0\u1ee3c h\u00f2a tr\u1ed9n \u0111\u1ec1u.<\/p>\n<p>Tr\u01b0\u1edbc khi \u0111i v\u1ec7 sinh x\u1ecbt kh\u1eed m\u00f9i v\u00e0o b\u1ec1 m\u1eb7t n\u01b0\u1edbc b\u1ed3n c\u1ea7u, r\u1ed3i sau \u0111\u00f3 x\u1ecbt v\u00e0o kh\u00f4ng kh\u00ed trong kh\u00f4ng gian nh\u00e0 v\u1ec7 sinh tr\u01b0\u1edbc v\u00e0 sau khi s\u1eed d\u1ee5ng.<\/p>\n<p><strong>C\u00e1ch th\u1ee9c ho\u1ea1t \u0111\u1ed9ng<\/strong><\/p>\n<p>X\u1ecbt kh\u1eed m\u00f9i Before-You-Go Toilet Spray ho\u1ea1t \u0111\u1ed9ng v\u1edbi c\u01a1 ch\u1ebf b\u1eaft m\u00f9i h\u00f4i. Ch\u1ec9 c\u1ea7n phun m\u1ed9t l\u01b0\u1ee3ng v\u1eeba \u0111\u1ee7 v\u00e0o b\u1ed3n c\u1ea7u tr\u01b0\u1edbc khi \u0111i, n\u00f3 s\u1ebd t\u1ea1o ra m\u1ed9t l\u1edbp m\u00e0ng tr\u00ean b\u1ec1 m\u1eb7t n\u01b0\u1edbc, gi\u00fap ng\u0103n m\u00f9i h\u00f4i b\u00ean d\u01b0\u1edbi b\u1ec1 m\u1eb7t tr\u01b0\u1edbc khi m\u00f9i h\u00f4i b\u1eaft \u0111\u1ea7u xu\u1ea5t hi\u1ec7n. X\u1ecbt v\u00e0o kh\u00f4ng gian ph\u00f2ng gi\u00fap kh\u1eed c\u00e1c m\u00f9i h\u00f4i trong kh\u00f4ng kh\u00ed t\u1ea1o h\u01b0\u01a1ng th\u01a1m d\u1ec5 ch\u1ecbu.<\/p>\n<p><strong>Caution:<\/strong><\/p>\n<p>B\u1ea3o qu\u1ea3n: \u0110\u1ec3 s\u1ea3n ph\u1ea9m n\u01a1i kh\u00f4 r\u00e1o, tho\u00e1ng m\u00e1t, tr\u00e1nh \u00e1nh n\u1eafng tr\u1ef1c ti\u1ebfp.<\/p>\n<p data-start=\"293\" data-end=\"362\"><strong data-start=\"293\" data-end=\"360\">D\u1ecbch v\u1ee5 gia c\u00f4ng m\u1ef9 ph\u1ea9m (OEM) t\u1ea1i C\u00f4ng ty C\u1ed5 ph\u1ea7n OCM Vi\u1ec7t Nam<\/strong><\/p>\n<p data-start=\"364\" data-end=\"711\">OCM Vi\u1ec7t Nam <strong data-start=\"377\" data-end=\"404\">chuy\u00ean gia c\u00f4ng m\u1ef9 ph\u1ea9m<\/strong> \u2013 \u0111\u1eb7c bi\u1ec7t l\u00e0 <strong>gia c\u00f4ng<\/strong> <strong data-start=\"419\" data-end=\"436\">x\u1ecbt kh\u1eed m\u00f9i<\/strong>\u00a0v\u1edbi nhi\u1ec1u c\u00f4ng d\u1ee5ng v\u00e0 m\u00f9i h\u01b0\u01a1ng phong ph\u00fa.<br data-start=\"480\" data-end=\"483\" \/><br \/>\nV\u1edbi \u0111\u1ed9i ng\u0169 <strong data-start=\"495\" data-end=\"530\">chuy\u00ean gia R&amp;D gi\u00e0u kinh nghi\u1ec7m<\/strong>, ch\u00fang t\u00f4i <strong data-start=\"542\" data-end=\"574\">t\u00f9y ch\u1ec9nh c\u00f4ng th\u1ee9c s\u1ea3n ph\u1ea9m<\/strong> theo y\u00eau c\u1ea7u ri\u00eang c\u1ee7a t\u1eebng kh\u00e1ch h\u00e0ng,<br data-start=\"615\" data-end=\"618\" \/><br \/>\n\u0111\u1ea3m b\u1ea3o <strong data-start=\"626\" data-end=\"708\">ph\u00f9 h\u1ee3p v\u1edbi \u0111\u1ecbnh h\u01b0\u1edbng th\u01b0\u01a1ng hi\u1ec7u, ph\u00e2n kh\u00fac th\u1ecb tr\u01b0\u1eddng v\u00e0 m\u1ee9c chi ph\u00ed t\u1ed1i \u01b0u<\/strong>.<\/p>\n<p><strong>Packaging<\/strong><\/p>\n<p>T\u00f9y v\u00e0o \u0111\u1eb7c tr\u01b0ng c\u1ee7a d\u1ea1ng s\u1ea3n ph\u1ea9m, ch\u00fang t\u00f4i s\u1ebd t\u01b0 v\u1ea5n v\u00e0 h\u1ed7 tr\u1ee3 kh\u00e1ch h\u00e0ng t\u00ecm ki\u1ebfm nh\u1eefng m\u1eabu bao b\u00ec ph\u00f9 h\u1ee3p v\u1edbi gi\u00e1 c\u1ea3 h\u1ee3p l\u00fd.<\/p>\n<p>H\u00e3y li\u00ean h\u1ec7 v\u1edbi OCM Vi\u1ec7t Nam \u0111\u1ec3 th\u00eam nhi\u1ec1u \u00fd t\u01b0\u1edfng cho gia c\u00f4ng m\u1ef9 ph\u1ea9m <strong>:<\/strong><\/p>\n<ul>\n<li>\n<p><em><strong>Hotline:<\/strong> (028) 394 92 902 \u2013 (028) 394 92 802<\/em><\/p>\n<\/li>\n<li>\n<p><em><strong>Email:<\/strong> info@ocm-vn.com<\/em><\/p>\n<\/li>\n<li>\n<p><em><strong>Facebook:<\/strong>\u00a0<a href=\"https:\/\/www.facebook.com\/congtyocmvietnam\" target=\"_blank\" rel=\"noopener\">OCM Vietnam<\/a><\/em><\/p>\n<\/li>\n<\/ul>","protected":false},"excerpt":{"rendered":"<p>Gia c\u00f4ng m\u1ef9 ph\u1ea9m: Gia c\u00f4ng x\u1ecbt kh\u1eed m\u00f9i h\u01b0\u01a1ng th\u01a1m \u0111a d\u1ea1ng.<\/p>\n<p>OCM Vi\u1ec7t Nam cung c\u1ea5p d\u1ecbch v\u1ee5 gia c\u00f4ng m\u1ef9 ph\u1ea9m theo y\u00eau c\u1ea7u v\u1edbi quy tr\u00ecnh chuy\u00ean nghi\u1ec7p, \u0111\u1ea3m b\u1ea3o ch\u1ea5t l\u01b0\u1ee3ng v\u00e0 chi ph\u00ed t\u1ed1i \u01b0u.<\/p>\n<p>Before You Go Toilet Spray l\u00e0 s\u1ea3n ph\u1ea9m x\u1ecbt kh\u1eed m\u00f9i gi\u00fap lo\u1ea1i b\u1ecf m\u00f9i h\u00f4i kh\u00f3 ch\u1ecbu tr\u01b0\u1edbc khi b\u1ea1n s\u1eed d\u1ee5ng nh\u00e0 v\u1ec7 sinh. \u0110\u01b0\u1ee3c thi\u1ebft k\u1ebf nh\u1ecf g\u1ecdn v\u00e0 ti\u1ec7n l\u1ee3i, s\u1ea3n ph\u1ea9m n\u00e0y l\u00e0 gi\u1ea3i ph\u00e1p ho\u00e0n h\u1ea3o gi\u00fap lo\u1ea1i b\u1ecf m\u00f9i h\u00f4i trong ph\u00f2ng v\u1ec7 sinh<\/p>\n<p><strong>Benefit:<\/strong><\/p>\n<ul>\n<li><strong>Kh\u1eed m\u00f9i h\u00f4i hi\u1ec7u qu\u1ea3<\/strong>: Lo\u1ea1i b\u1ecf m\u00f9i h\u00f4i kh\u00f3 ch\u1ecbu trong nh\u00e0 v\u1ec7 sinh.<\/li>\n<li><strong>Ti\u1ec7n l\u1ee3i v\u00e0 d\u1ec5 s\u1eed d\u1ee5ng<\/strong>: S\u1ea3n ph\u1ea9m nh\u1ecf g\u1ecdn, d\u1ec5 d\u00e0ng mang theo v\u00e0 s\u1eed d\u1ee5ng \u1edf m\u1ecdi n\u01a1i.<\/li>\n<\/ul>\n<p><strong>Ingredients:<\/strong><\/p>\n<p>Water, Alcohol, Benzalkonium Chloride, PEG-40 Hydrogenated Castor Oil, Fragrance.<\/p>\n<p>&nbsp;<\/p>","protected":false},"featured_media":3638,"comment_status":"closed","ping_status":"closed","template":"","meta":[],"product_cat":[42],"product_tag":[390,391],"_links":{"self":[{"href":"https:\/\/ocm-vn.com\/en\/wp-json\/wp\/v2\/product\/3656"}],"collection":[{"href":"https:\/\/ocm-vn.com\/en\/wp-json\/wp\/v2\/product"}],"about":[{"href":"https:\/\/ocm-vn.com\/en\/wp-json\/wp\/v2\/types\/product"}],"replies":[{"embeddable":true,"href":"https:\/\/ocm-vn.com\/en\/wp-json\/wp\/v2\/comments?post=3656"}],"version-history":[{"count":3,"href":"https:\/\/ocm-vn.com\/en\/wp-json\/wp\/v2\/product\/3656\/revisions"}],"predecessor-version":[{"id":4480,"href":"https:\/\/ocm-vn.com\/en\/wp-json\/wp\/v2\/product\/3656\/revisions\/4480"}],"wp:featuredmedia":[{"embeddable":true,"href":"https:\/\/ocm-vn.com\/en\/wp-json\/wp\/v2\/media\/3638"}],"wp:attachment":[{"href":"https:\/\/ocm-vn.com\/en\/wp-json\/wp\/v2\/media?parent=3656"}],"wp:term":[{"taxonomy":"product_cat","embeddable":true,"href":"https:\/\/ocm-vn.com\/en\/wp-json\/wp\/v2\/product_cat?post=3656"},{"taxonomy":"product_tag","embeddable":true,"href":"https:\/\/ocm-vn.com\/en\/wp-json\/wp\/v2\/product_tag?post=3656"}],"curies":[{"name":"wp","href":"https:\/\/api.w.org\/{rel}","templated":true}]}}