
{"id":3652,"date":"2024-07-24T08:48:18","date_gmt":"2024-07-24T01:48:18","guid":{"rendered":"https:\/\/ocm-vn.com\/?post_type=product&#038;p=3652"},"modified":"2025-12-04T18:56:25","modified_gmt":"2025-12-04T11:56:25","slug":"gia-cong-xit-thom-phong","status":"publish","type":"product","link":"https:\/\/ocm-vn.com\/en\/san-pham-gia-cong\/gia-cong-xit-thom-phong\/","title":{"rendered":"GIA C\u00d4NG X\u1ecaT TH\u01a0M PH\u00d2NG"},"content":{"rendered":"<p><strong>H\u01b0\u1edbng d\u1eabn s\u1eed d\u1ee5ng:<\/strong><\/p>\n<ul>\n<li>L\u1eafc \u0111\u1ec1u chai tr\u01b0\u1edbc khi s\u1eed d\u1ee5ng.<\/li>\n<li>X\u1ecbt v\u00e0o kh\u00f4ng gian c\u1ea7n l\u00e0m th\u01a1m, gi\u1eef kho\u1ea3ng c\u00e1ch 20-30 cm.<\/li>\n<li>S\u1eed d\u1ee5ng \u1edf c\u00e1c kh\u00f4ng gian nh\u01b0 ph\u00f2ng kh\u00e1ch, ph\u00f2ng ng\u1ee7, ph\u00f2ng t\u1eafm, xe h\u01a1i.<\/li>\n<li>Tr\u00e1nh x\u1ecbt tr\u1ef1c ti\u1ebfp l\u00ean \u0111\u1ed3 \u0103n, \u0111\u1ed3 u\u1ed1ng ho\u1eb7c da ng\u01b0\u1eddi.<\/li>\n<\/ul>\n<p><strong>Caution:<\/strong><\/p>\n<p>B\u1ea3o qu\u1ea3n: \u0110\u1ec3 s\u1ea3n ph\u1ea9m n\u01a1i kh\u00f4 r\u00e1o, tho\u00e1ng m\u00e1t, tr\u00e1nh \u00e1nh n\u1eafng tr\u1ef1c ti\u1ebfp.<\/p>\n<p data-start=\"293\" data-end=\"362\"><strong data-start=\"293\" data-end=\"360\">D\u1ecbch v\u1ee5 gia c\u00f4ng m\u1ef9 ph\u1ea9m (OEM) t\u1ea1i C\u00f4ng ty C\u1ed5 ph\u1ea7n OCM Vi\u1ec7t Nam<\/strong><\/p>\n<p data-start=\"364\" data-end=\"711\">OCM Vi\u1ec7t Nam <strong data-start=\"377\" data-end=\"404\">chuy\u00ean gia c\u00f4ng m\u1ef9 ph\u1ea9m<\/strong> \u2013 \u0111\u1eb7c bi\u1ec7t l\u00e0 gia c\u00f4ng <strong data-start=\"419\" data-end=\"436\">x\u1ecbt th\u01a1m<\/strong>\u00a0v\u1edbi nhi\u1ec1u c\u00f4ng d\u1ee5ng v\u00e0 m\u00f9i h\u01b0\u01a1ng phong ph\u00fa.<br data-start=\"480\" data-end=\"483\" \/><br \/>\nV\u1edbi \u0111\u1ed9i ng\u0169 <strong data-start=\"495\" data-end=\"530\">chuy\u00ean gia R&amp;D gi\u00e0u kinh nghi\u1ec7m<\/strong>, ch\u00fang t\u00f4i <strong data-start=\"542\" data-end=\"574\">t\u00f9y ch\u1ec9nh c\u00f4ng th\u1ee9c s\u1ea3n ph\u1ea9m<\/strong> theo y\u00eau c\u1ea7u ri\u00eang c\u1ee7a t\u1eebng kh\u00e1ch h\u00e0ng,<br data-start=\"615\" data-end=\"618\" \/><br \/>\n\u0111\u1ea3m b\u1ea3o <strong data-start=\"626\" data-end=\"708\">ph\u00f9 h\u1ee3p v\u1edbi \u0111\u1ecbnh h\u01b0\u1edbng th\u01b0\u01a1ng hi\u1ec7u, ph\u00e2n kh\u00fac th\u1ecb tr\u01b0\u1eddng v\u00e0 m\u1ee9c chi ph\u00ed t\u1ed1i \u01b0u<\/strong>.<\/p>\n<p><strong>Packaging<\/strong><\/p>\n<p>T\u00f9y v\u00e0o \u0111\u1eb7c tr\u01b0ng c\u1ee7a d\u1ea1ng s\u1ea3n ph\u1ea9m, ch\u00fang t\u00f4i s\u1ebd t\u01b0 v\u1ea5n v\u00e0 h\u1ed7 tr\u1ee3 kh\u00e1ch h\u00e0ng t\u00ecm ki\u1ebfm nh\u1eefng m\u1eabu bao b\u00ec ph\u00f9 h\u1ee3p v\u1edbi gi\u00e1 c\u1ea3 h\u1ee3p l\u00fd.<\/p>\n<p>H\u00e3y li\u00ean h\u1ec7 v\u1edbi OCM Vi\u1ec7t Nam \u0111\u1ec3 th\u00eam nhi\u1ec1u \u00fd t\u01b0\u1edfng cho gia c\u00f4ng m\u1ef9 ph\u1ea9m <strong>:<\/strong><\/p>\n<ul>\n<li>\n<p><em><strong>Hotline:<\/strong> (028) 394 92 902 \u2013 (028) 394 92 802<\/em><\/p>\n<\/li>\n<li>\n<p><em><strong>Email:<\/strong> info@ocm-vn.com<\/em><\/p>\n<\/li>\n<li>\n<p><em><strong>Facebook:<\/strong>\u00a0<a href=\"https:\/\/www.facebook.com\/congtyocmvietnam\" target=\"_blank\" rel=\"noopener\">OCM Vietnam<\/a><\/em><\/p>\n<\/li>\n<\/ul>","protected":false},"excerpt":{"rendered":"<p>Gia c\u00f4ng m\u1ef9 ph\u1ea9m: Gia c\u00f4ng x\u1ecbt th\u01a1m ph\u00f2ng h\u01b0\u01a1ng th\u01a1m t\u01b0\u01a1i m\u00e1t.<\/p>\n<p>OCM Vi\u1ec7t Nam cung c\u1ea5p d\u1ecbch v\u1ee5 gia c\u00f4ng m\u1ef9 ph\u1ea9m theo y\u00eau c\u1ea7u v\u1edbi quy tr\u00ecnh chuy\u00ean nghi\u1ec7p, \u0111\u1ea3m b\u1ea3o ch\u1ea5t l\u01b0\u1ee3ng v\u00e0 chi ph\u00ed t\u1ed1i \u01b0u.<\/p>\n<p>X\u1ecbt th\u01a1m ph\u00f2ng\u00a0 l\u00e0 gi\u1ea3i ph\u00e1p ho\u00e0n h\u1ea3o \u0111\u1ec3 mang l\u1ea1i kh\u00f4ng gian s\u1ed1ng t\u01b0\u01a1i m\u1edbi, th\u01a1m m\u00e1t v\u00e0 d\u1ec5 ch\u1ecbu cho ng\u00f4i nh\u00e0 c\u1ee7a b\u1ea1n. V\u1edbi c\u00f4ng th\u1ee9c \u0111\u1eb7c bi\u1ec7t, s\u1ea3n ph\u1ea9m gi\u00fap kh\u1eed m\u00f9i h\u00f4i v\u00e0 t\u1ea1o h\u01b0\u01a1ng th\u01a1m l\u00e2u d\u00e0i.<\/p>\n<p><strong>Benefit:<\/strong><\/p>\n<ul>\n<li>Kh\u1eed m\u00f9i h\u00f4i: Lo\u1ea1i b\u1ecf c\u00e1c m\u00f9i kh\u00f3 ch\u1ecbu nh\u01b0 m\u00f9i \u1ea9m m\u1ed1c, m\u00f9i th\u1ee9c \u0103n, m\u00f9i thu\u1ed1c l\u00e1.<\/li>\n<li>T\u1ea1o h\u01b0\u01a1ng th\u01a1m: Mang l\u1ea1i h\u01b0\u01a1ng th\u01a1m d\u1ec5 ch\u1ecbu v\u00e0 tho\u1ea3i m\u00e1i.<\/li>\n<li>L\u00e0m m\u1edbi kh\u00f4ng kh\u00ed: Gi\u00fap kh\u00f4ng gian s\u1ed1ng tr\u1edf n\u00ean th\u00f4ng tho\u00e1ng v\u00e0 d\u1ec5 ch\u1ecbu h\u01a1n.<\/li>\n<li>T\u1ea1o c\u1ea3m gi\u00e1c th\u01b0 gi\u00e3n: H\u01b0\u01a1ng th\u01a1m nh\u1eb9 nh\u00e0ng gi\u00fap gi\u1ea3m c\u0103ng th\u1eb3ng v\u00e0 c\u1ea3i thi\u1ec7n t\u00e2m tr\u1ea1ng.<\/li>\n<\/ul>\n<p><strong>Ingredients:<\/strong><\/p>\n<p>Chi\u1ebft xu\u1ea5t t\u1eeb tinh d\u1ea7u thi\u00ean nhi\u00ean nh\u01b0 hoa o\u1ea3i h\u01b0\u01a1ng, b\u1ea1c h\u00e0, chanh, cam, kh\u00f4ng ch\u1ee9a h\u00f3a ch\u1ea5t \u0111\u1ed9c h\u1ea1i, an to\u00e0n cho s\u1ee9c kh\u1ecfe ng\u01b0\u1eddi s\u1eed d\u1ee5ng.<\/p>","protected":false},"featured_media":3643,"comment_status":"closed","ping_status":"closed","template":"","meta":[],"product_cat":[42],"product_tag":[389,388],"_links":{"self":[{"href":"https:\/\/ocm-vn.com\/en\/wp-json\/wp\/v2\/product\/3652"}],"collection":[{"href":"https:\/\/ocm-vn.com\/en\/wp-json\/wp\/v2\/product"}],"about":[{"href":"https:\/\/ocm-vn.com\/en\/wp-json\/wp\/v2\/types\/product"}],"replies":[{"embeddable":true,"href":"https:\/\/ocm-vn.com\/en\/wp-json\/wp\/v2\/comments?post=3652"}],"version-history":[{"count":3,"href":"https:\/\/ocm-vn.com\/en\/wp-json\/wp\/v2\/product\/3652\/revisions"}],"predecessor-version":[{"id":4482,"href":"https:\/\/ocm-vn.com\/en\/wp-json\/wp\/v2\/product\/3652\/revisions\/4482"}],"wp:featuredmedia":[{"embeddable":true,"href":"https:\/\/ocm-vn.com\/en\/wp-json\/wp\/v2\/media\/3643"}],"wp:attachment":[{"href":"https:\/\/ocm-vn.com\/en\/wp-json\/wp\/v2\/media?parent=3652"}],"wp:term":[{"taxonomy":"product_cat","embeddable":true,"href":"https:\/\/ocm-vn.com\/en\/wp-json\/wp\/v2\/product_cat?post=3652"},{"taxonomy":"product_tag","embeddable":true,"href":"https:\/\/ocm-vn.com\/en\/wp-json\/wp\/v2\/product_tag?post=3652"}],"curies":[{"name":"wp","href":"https:\/\/api.w.org\/{rel}","templated":true}]}}