
{"id":3650,"date":"2024-07-24T08:35:37","date_gmt":"2024-07-24T01:35:37","guid":{"rendered":"https:\/\/ocm-vn.com\/?post_type=product&#038;p=3650"},"modified":"2025-10-09T15:57:38","modified_gmt":"2025-10-09T08:57:38","slug":"gia-cong-bo-khuech-tan-tinh-dau-thom-phong","status":"publish","type":"product","link":"https:\/\/ocm-vn.com\/en\/san-pham-gia-cong\/gia-cong-bo-khuech-tan-tinh-dau-thom-phong\/","title":{"rendered":"GIA C\u00d4NG B\u1ed8 KHU\u1ebeCH T\u00c1N TINH D\u1ea6U TH\u01a0M PH\u00d2NG"},"content":{"rendered":"<p><strong>H\u01b0\u1edbng d\u1eabn s\u1eed d\u1ee5ng:<\/strong><\/p>\n<p>B\u01b0\u1edbc 1: M\u1edf n\u1eafp l\u1ecd khu\u1ebfch t\u00e1n ch\u1ee9a tinh d\u1ea7u.<\/p>\n<p>B\u01b0\u1edbc 2: \u0110\u1eb7t que khu\u1ebfch t\u00e1n v\u00e0o l\u1ecd, \u0111\u1ea3m b\u1ea3o c\u00e1c que \u0111\u1ec1u \u0111\u01b0\u1ee3c ng\u00e2m trong tinh d\u1ea7u.<\/p>\n<p>B\u01b0\u1edbc 3: \u0110\u1ec3 l\u1ecd khu\u1ebfch t\u00e1n \u1edf n\u01a1i th\u00f4ng tho\u00e1ng, tr\u00e1nh \u00e1nh n\u1eafng tr\u1ef1c ti\u1ebfp v\u00e0 ngu\u1ed3n nhi\u1ec7t.<\/p>\n<p>B\u01b0\u1edbc 4: \u0110\u1ecbnh k\u1ef3 l\u1eadt que khu\u1ebfch t\u00e1n \u0111\u1ec3 h\u01b0\u01a1ng th\u01a1m lan t\u1ecfa \u0111\u1ec1u h\u01a1n.<\/p>\n<p><strong>Caution:<\/strong><\/p>\n<p>B\u1ea3o qu\u1ea3n: \u0110\u1ec3 s\u1ea3n ph\u1ea9m n\u01a1i kh\u00f4 r\u00e1o, tho\u00e1ng m\u00e1t, tr\u00e1nh \u00e1nh n\u1eafng tr\u1ef1c ti\u1ebfp.<\/p>\n<p data-start=\"293\" data-end=\"362\"><strong data-start=\"293\" data-end=\"360\">D\u1ecbch v\u1ee5 gia c\u00f4ng m\u1ef9 ph\u1ea9m (OEM) t\u1ea1i C\u00f4ng ty C\u1ed5 ph\u1ea7n OCM Vi\u1ec7t Nam<\/strong><\/p>\n<p data-start=\"364\" data-end=\"711\">OCM Vi\u1ec7t Nam <strong data-start=\"377\" data-end=\"404\">chuy\u00ean gia c\u00f4ng m\u1ef9 ph\u1ea9m<\/strong> \u2013 \u0111\u1eb7c bi\u1ec7t l\u00e0 gia c\u00f4ng <strong data-start=\"419\" data-end=\"436\">b\u1ed9 khuy\u1ebfch t\u00e1n tinh d\u1ea7u<\/strong> v\u1edbi nhi\u1ec1u c\u00f4ng d\u1ee5ng v\u00e0 m\u00f9i h\u01b0\u01a1ng phong ph\u00fa.<br data-start=\"480\" data-end=\"483\" \/><br \/>\nV\u1edbi \u0111\u1ed9i ng\u0169 <strong data-start=\"495\" data-end=\"530\">chuy\u00ean gia R&amp;D gi\u00e0u kinh nghi\u1ec7m<\/strong>, ch\u00fang t\u00f4i <strong data-start=\"542\" data-end=\"574\">t\u00f9y ch\u1ec9nh c\u00f4ng th\u1ee9c s\u1ea3n ph\u1ea9m<\/strong> theo y\u00eau c\u1ea7u ri\u00eang c\u1ee7a t\u1eebng kh\u00e1ch h\u00e0ng,<br data-start=\"615\" data-end=\"618\" \/><br \/>\n\u0111\u1ea3m b\u1ea3o <strong data-start=\"626\" data-end=\"708\">ph\u00f9 h\u1ee3p v\u1edbi \u0111\u1ecbnh h\u01b0\u1edbng th\u01b0\u01a1ng hi\u1ec7u, ph\u00e2n kh\u00fac th\u1ecb tr\u01b0\u1eddng v\u00e0 m\u1ee9c chi ph\u00ed t\u1ed1i \u01b0u<\/strong>.<\/p>\n<p><strong>Packaging<\/strong><\/p>\n<p>T\u00f9y v\u00e0o \u0111\u1eb7c tr\u01b0ng c\u1ee7a d\u1ea1ng s\u1ea3n ph\u1ea9m, ch\u00fang t\u00f4i s\u1ebd t\u01b0 v\u1ea5n v\u00e0 h\u1ed7 tr\u1ee3 kh\u00e1ch h\u00e0ng t\u00ecm ki\u1ebfm nh\u1eefng m\u1eabu bao b\u00ec ph\u00f9 h\u1ee3p v\u1edbi gi\u00e1 c\u1ea3 h\u1ee3p l\u00fd.<\/p>\n<p>H\u00e3y li\u00ean h\u1ec7 v\u1edbi OCM Vi\u1ec7t Nam \u0111\u1ec3 th\u00eam nhi\u1ec1u \u00fd t\u01b0\u1edfng cho gia c\u00f4ng m\u1ef9 ph\u1ea9m <strong>:<\/strong><\/p>\n<ul>\n<li>\n<p><em><strong>Hotline:<\/strong> (028) 394 92 902 \u2013 (028) 394 92 802<\/em><\/p>\n<\/li>\n<li>\n<p><em><strong>Email:<\/strong> info@ocm-vn.com<\/em><\/p>\n<\/li>\n<li>\n<p><em><strong>Facebook:<\/strong>\u00a0<a href=\"https:\/\/www.facebook.com\/congtyocmvietnam\" target=\"_blank\" rel=\"noopener\">OCM Vietnam<\/a><\/em><\/p>\n<\/li>\n<\/ul>","protected":false},"excerpt":{"rendered":"<p>Gia c\u00f4ng m\u1ef9 ph\u1ea9m: Gia c\u00f4ng B\u1ed9 khu\u1ebfch t\u00e1n tinh d\u1ea7u th\u01a1m ph\u00f2ng.<\/p>\n<p>OCM Vi\u1ec7t Nam cung c\u1ea5p d\u1ecbch v\u1ee5 gia c\u00f4ng m\u1ef9 ph\u1ea9m theo y\u00eau c\u1ea7u v\u1edbi quy tr\u00ecnh chuy\u00ean nghi\u1ec7p, \u0111\u1ea3m b\u1ea3o ch\u1ea5t l\u01b0\u1ee3ng v\u00e0 chi ph\u00ed t\u1ed1i \u01b0u.<\/p>\n<p>B\u1ed9 khu\u1ebfch t\u00e1n tinh d\u1ea7u th\u01a1m ph\u00f2ng l\u00e0 gi\u1ea3i ph\u00e1p ho\u00e0n h\u1ea3o \u0111\u1ec3 mang l\u1ea1i h\u01b0\u01a1ng th\u01a1m t\u1ef1 nhi\u00ean v\u00e0 d\u1ec5 ch\u1ecbu cho kh\u00f4ng gian s\u1ed1ng c\u1ee7a b\u1ea1n. S\u1ea3n ph\u1ea9m k\u1ebft h\u1ee3p gi\u1eefa thi\u1ebft k\u1ebf tinh t\u1ebf v\u00e0 c\u00f4ng ngh\u1ec7 khu\u1ebfch t\u00e1n ti\u00ean ti\u1ebfn, gi\u00fap h\u01b0\u01a1ng th\u01a1m lan t\u1ecfa \u0111\u1ed3ng \u0111\u1ec1u v\u00e0 k\u00e9o d\u00e0i.<\/p>\n<p><strong>Benefit:<\/strong><\/p>\n<ul>\n<li>T\u1ea1o h\u01b0\u01a1ng th\u01a1m d\u1ec5 ch\u1ecbu: Gi\u00fap kh\u00f4ng gian s\u1ed1ng v\u00e0 l\u00e0m vi\u1ec7c c\u1ee7a b\u1ea1n tr\u1edf n\u00ean th\u01a1m m\u00e1t, d\u1ec5 ch\u1ecbu.<\/li>\n<li>Th\u01b0 gi\u00e3n v\u00e0 gi\u1ea3m stress: C\u00e1c h\u01b0\u01a1ng li\u1ec7u t\u1eeb tinh d\u1ea7u c\u00f3 t\u00e1c d\u1ee5ng l\u00e0m d\u1ecbu t\u00e2m h\u1ed3n, gi\u1ea3m c\u0103ng th\u1eb3ng.<\/li>\n<li>Kh\u1eed m\u00f9i h\u00f4i: Lo\u1ea1i b\u1ecf m\u00f9i kh\u00f3 ch\u1ecbu t\u1eeb kh\u00f3i thu\u1ed1c, th\u1ee9c \u0103n, th\u00fa c\u01b0ng.<\/li>\n<\/ul>\n<p><strong>Ingredients:<\/strong><\/p>\n<p>+ L\u1ecd ch\u1ee9a tinh d\u1ea7u<\/p>\n<p>+ Que khu\u1ebfch t\u00e1n: L\u00e0m t\u1eeb tre ho\u1eb7c s\u1ee3i t\u1ef1 nhi\u00ean gi\u00fap h\u1ea5p th\u1ee5 v\u00e0 ph\u00e1t t\u00e1n tinh d\u1ea7u \u0111\u1ec1u \u0111\u1eb7n.<\/p>","protected":false},"featured_media":3641,"comment_status":"closed","ping_status":"closed","template":"","meta":[],"product_cat":[42],"product_tag":[386,385],"_links":{"self":[{"href":"https:\/\/ocm-vn.com\/en\/wp-json\/wp\/v2\/product\/3650"}],"collection":[{"href":"https:\/\/ocm-vn.com\/en\/wp-json\/wp\/v2\/product"}],"about":[{"href":"https:\/\/ocm-vn.com\/en\/wp-json\/wp\/v2\/types\/product"}],"replies":[{"embeddable":true,"href":"https:\/\/ocm-vn.com\/en\/wp-json\/wp\/v2\/comments?post=3650"}],"version-history":[{"count":3,"href":"https:\/\/ocm-vn.com\/en\/wp-json\/wp\/v2\/product\/3650\/revisions"}],"predecessor-version":[{"id":4484,"href":"https:\/\/ocm-vn.com\/en\/wp-json\/wp\/v2\/product\/3650\/revisions\/4484"}],"wp:featuredmedia":[{"embeddable":true,"href":"https:\/\/ocm-vn.com\/en\/wp-json\/wp\/v2\/media\/3641"}],"wp:attachment":[{"href":"https:\/\/ocm-vn.com\/en\/wp-json\/wp\/v2\/media?parent=3650"}],"wp:term":[{"taxonomy":"product_cat","embeddable":true,"href":"https:\/\/ocm-vn.com\/en\/wp-json\/wp\/v2\/product_cat?post=3650"},{"taxonomy":"product_tag","embeddable":true,"href":"https:\/\/ocm-vn.com\/en\/wp-json\/wp\/v2\/product_tag?post=3650"}],"curies":[{"name":"wp","href":"https:\/\/api.w.org\/{rel}","templated":true}]}}