
{"id":2938,"date":"2023-09-25T16:53:18","date_gmt":"2023-09-25T09:53:18","guid":{"rendered":"https:\/\/ocm-vn.com\/?post_type=product&#038;p=2938"},"modified":"2025-10-09T16:23:23","modified_gmt":"2025-10-09T09:23:23","slug":"gia-cong-dau-goi-thu-cung","status":"publish","type":"product","link":"https:\/\/ocm-vn.com\/en\/san-pham-gia-cong\/gia-cong-dau-goi-thu-cung\/","title":{"rendered":"GIA C\u00d4NG D\u1ea6U G\u1ed8I TH\u00da C\u01afNG &#8211; FLEA&amp;TICK"},"content":{"rendered":"<p><strong>Usage:<\/strong><\/p>\n<p>Take a sufficient amount of shower gel and dilute it with a ratio of 1 part shower gel to 3 parts water. Then, wet your pet's fur, apply the diluted shower gel onto the coat, gently massage for 5 minutes, and rinse thoroughly with clean water. Finally, dry your pet with a towel and ensure they are completely dry.<\/p>\n<p><strong>Note: Avoid direct sunlight<\/strong><\/p>\n<p><strong data-start=\"293\" data-end=\"360\">D\u1ecbch v\u1ee5 gia c\u00f4ng m\u1ef9 ph\u1ea9m (OEM) t\u1ea1i C\u00f4ng ty C\u1ed5 ph\u1ea7n OCM Vi\u1ec7t Nam<\/strong><\/p>\n<p>OCM Vi\u1ec7t Nam chuy\u00ean gia c\u00f4ng <strong>s\u1eefa t\u1eafm, d\u1ea7u g\u1ed9i cho th\u00fa c\u01b0ng<\/strong>\u00a0designed to cater to different skin types. Our R&amp;D experts are dedicated to tailoring formulas according to clients\u2019 requirements, ensuring alignment with brand guidelines and pricing considerations.<\/p>\n<p>At OCM, clients have a wide range of typical choices, such as:<\/p>\n<ul>\n<li>Product forms: Liquid, gel, foam, etc.<\/li>\n<li>Abundant incorporation of nutrients and diverse extracts.<\/li>\n<li>Multiple functionalities: cleansing, anti-shedding, moisturizing, and softening pet's fur.<\/li>\n<\/ul>\n<p><strong>PACKAGING:<\/strong><\/p>\n<p>T\u00f9y v\u00e0o \u0111\u1eb7c tr\u01b0ng c\u1ee7a d\u1ea1ng s\u1ea3n ph\u1ea9m, OCM Vietnam s\u1ebd t\u01b0 v\u1ea5n v\u00e0 h\u1ed7 tr\u1ee3 kh\u00e1ch h\u00e0ng t\u00ecm ki\u1ebfm nh\u1eefng m\u1eabu bao b\u00ec ph\u00f9 h\u1ee3p v\u1edbi gi\u00e1 c\u1ea3 h\u1ee3p l\u00fd.<\/p>\n<p>C\u00e1c l\u1ef1a ch\u1ecdn bao b\u00ec ph\u1ed5 bi\u1ebfn:<\/p>\n<ul>\n<li>Tube packaging<\/li>\n<li>Bottle with a lotion pump nozzle<\/li>\n<li>Bottle with a foaming pump nozzle<\/li>\n<li>Bottle with a cap<\/li>\n<li>And various other packaging formats.<\/li>\n<\/ul>\n<p>Contact OCM Vietnam to explore more ideas for<strong> gia c\u00f4ng d\u1ea7u g\u1ed9i th\u00fa c\u01b0ng.<\/strong><\/p>\n<ul>\n<li>\n<p><em><strong>Hotline:<\/strong> (028) 394 92 902 \u2013 (028) 394 92 802<\/em><\/p>\n<\/li>\n<li>\n<p><em><strong>Email:<\/strong> info@ocm-vn.com<\/em><\/p>\n<\/li>\n<li>\n<p><em><strong>Facebook:<\/strong>\u00a0<a href=\"https:\/\/www.facebook.com\/congtyocmvietnam\" target=\"_blank\" rel=\"noopener\">OCM Vietnam<\/a><\/em><\/p>\n<\/li>\n<\/ul>","protected":false},"excerpt":{"rendered":"<p>Gia c\u00f4ng m\u1ef9 ph\u1ea9m: Gia c\u00f4ng D\u1ea7u g\u1ed9i th\u00fa c\u01b0ng d\u1ecbu nh\u1eb9.<\/p>\n<p>OCM Vi\u1ec7t Nam cung c\u1ea5p d\u1ecbch v\u1ee5 gia c\u00f4ng m\u1ef9 ph\u1ea9m theo y\u00eau c\u1ea7u v\u1edbi quy tr\u00ecnh chuy\u00ean nghi\u1ec7p, \u0111\u1ea3m b\u1ea3o ch\u1ea5t l\u01b0\u1ee3ng v\u00e0 chi ph\u00ed t\u1ed1i \u01b0u.<\/p>\n<p><strong>C\u00f4ng d\u1ee5ng d\u1ea7u g\u1ed9i th\u1ee9 c\u01b0ng Flea&amp;tick:<\/strong><\/p>\n<p>Flea &amp; Tick Repelling<\/p>\n<p>Cleans and removes dirt, oil, and unpleasant odors from your pet's fur.\u00a0<\/p>\n<p>Preserves a gentle and subtle fragrance.\u00a0<\/p>\n<p>Helps maintain moisture for your pet's skin.\u00a0<\/p>\n<p><strong>Ingredients:\u00a0<\/strong><\/p>\n<p>The formula using natural essential oils (such as eucalyptus oil) helps effectively repel ticks and fleas without the need for harmful chemicals.<\/p>","protected":false},"featured_media":3245,"comment_status":"closed","ping_status":"closed","template":"","meta":[],"product_cat":[75],"product_tag":[],"_links":{"self":[{"href":"https:\/\/ocm-vn.com\/en\/wp-json\/wp\/v2\/product\/2938"}],"collection":[{"href":"https:\/\/ocm-vn.com\/en\/wp-json\/wp\/v2\/product"}],"about":[{"href":"https:\/\/ocm-vn.com\/en\/wp-json\/wp\/v2\/types\/product"}],"replies":[{"embeddable":true,"href":"https:\/\/ocm-vn.com\/en\/wp-json\/wp\/v2\/comments?post=2938"}],"version-history":[{"count":6,"href":"https:\/\/ocm-vn.com\/en\/wp-json\/wp\/v2\/product\/2938\/revisions"}],"predecessor-version":[{"id":4486,"href":"https:\/\/ocm-vn.com\/en\/wp-json\/wp\/v2\/product\/2938\/revisions\/4486"}],"wp:featuredmedia":[{"embeddable":true,"href":"https:\/\/ocm-vn.com\/en\/wp-json\/wp\/v2\/media\/3245"}],"wp:attachment":[{"href":"https:\/\/ocm-vn.com\/en\/wp-json\/wp\/v2\/media?parent=2938"}],"wp:term":[{"taxonomy":"product_cat","embeddable":true,"href":"https:\/\/ocm-vn.com\/en\/wp-json\/wp\/v2\/product_cat?post=2938"},{"taxonomy":"product_tag","embeddable":true,"href":"https:\/\/ocm-vn.com\/en\/wp-json\/wp\/v2\/product_tag?post=2938"}],"curies":[{"name":"wp","href":"https:\/\/api.w.org\/{rel}","templated":true}]}}