
{"id":2936,"date":"2023-09-25T16:34:03","date_gmt":"2023-09-25T09:34:03","guid":{"rendered":"https:\/\/ocm-vn.com\/?post_type=product&#038;p=2936"},"modified":"2025-12-04T18:56:38","modified_gmt":"2025-12-04T11:56:38","slug":"gia-cong-xit-khu-mui-cho-meo","status":"publish","type":"product","link":"https:\/\/ocm-vn.com\/en\/san-pham-gia-cong\/gia-cong-xit-khu-mui-cho-meo\/","title":{"rendered":"GIA C\u00d4NG X\u1ecaT KH\u1eec M\u00d9I CH\u00d3 M\u00c8O SAU KHI V\u1ec6 SINH"},"content":{"rendered":"<p><strong>Ingredients: <\/strong><\/p>\n<p>Lemon and lavender scent<\/p>\n<p><strong>Usage: <\/strong><\/p>\n<p>Spray in the area after your dog or cat has used the restroom to eliminate unpleasant odors.<\/p>\n<p><strong>Caution:\u00a0<\/strong><\/p>\n<p>Do not apply directly to dogs or cats. Keep out of reach of children. Store in a cool, dry place, away from direct sunlight.<\/p>\n<p><strong data-start=\"293\" data-end=\"360\">D\u1ecbch v\u1ee5 gia c\u00f4ng m\u1ef9 ph\u1ea9m (OEM) t\u1ea1i C\u00f4ng ty C\u1ed5 ph\u1ea7n OCM Vi\u1ec7t Nam<\/strong><\/p>\n<p>OCM Vi\u1ec7t Nam chuy\u00ean gia c\u00f4ng<strong> s\u1eefa t\u1eafm g\u1ed9i cho th\u00fa c\u01b0ng<\/strong> designed to cater to different skin types. Our R&amp;D experts are dedicated to tailoring formulas according to clients\u2019 requirements, ensuring alignment with brand guidelines and pricing considerations.<\/p>\n<p>At OCM, clients have a wide range of typical choices, such as:<\/p>\n<ul>\n<li>Product type:\u00a0<\/li>\n<li>Abundant incorporation of nutrients and diverse extracts.<\/li>\n<li>Multipurpose\u00a0<\/li>\n<\/ul>\n<p><strong>PACKAGING: <\/strong><\/p>\n<p>Depending on the characteristics of the product type, OCM will provide advice and support to clients in finding suitable packaging designs at reasonable prices.<\/p>\n<p>Here are some commonly chosen packaging options for skincare cleansing lines:<\/p>\n<p>Contact OCM Vietnam to explore more ideas for <strong>gia c\u00f4ng s\u1eefa t\u1eafm g\u1ed9i cho th\u00fa c\u01b0ng.<\/strong><\/p>\n<ul>\n<li>\n<p><em><strong>Hotline:<\/strong> (028) 394 92 902 \u2013 (028) 394 92 802<\/em><\/p>\n<\/li>\n<li>\n<p><em><strong>Email:<\/strong> info@ocm-vn.com<\/em><\/p>\n<\/li>\n<li>\n<p><em><strong>Facebook:<\/strong>\u00a0<a href=\"https:\/\/www.facebook.com\/congtyocmvietnam\" target=\"_blank\" rel=\"noopener\">OCM Vietnam<\/a><\/em><\/p>\n<\/li>\n<\/ul>","protected":false},"excerpt":{"rendered":"<p>Gia c\u00f4ng m\u1ef9 ph\u1ea9m: Gia c\u00f4ng x\u1ecbt kh\u1eed m\u00f9i ch\u00f3 m\u00e8o.<\/p>\n<p>OCM Vi\u1ec7t Nam cung c\u1ea5p d\u1ecbch v\u1ee5 gia c\u00f4ng m\u1ef9 ph\u1ea9m theo y\u00eau c\u1ea7u v\u1edbi quy tr\u00ecnh chuy\u00ean nghi\u1ec7p, \u0111\u1ea3m b\u1ea3o ch\u1ea5t l\u01b0\u1ee3ng v\u00e0 chi ph\u00ed t\u1ed1i \u01b0u.<\/p>\n<p>Products with a unique formula combining lemon and lavender scents help eliminate unpleasant odors after dogs or cats use the restroom, creating a fresh atmosphere and a clean environment<\/p>\n<p><strong>Benefit:<\/strong><\/p>\n<p>Eliminate odor in the area after dogs or cats use the restroom<\/p>\n<p><strong>Good for: <\/strong><\/p>\n<p>Dogs, cats.<\/p>","protected":false},"featured_media":3244,"comment_status":"closed","ping_status":"closed","template":"","meta":[],"product_cat":[75],"product_tag":[],"_links":{"self":[{"href":"https:\/\/ocm-vn.com\/en\/wp-json\/wp\/v2\/product\/2936"}],"collection":[{"href":"https:\/\/ocm-vn.com\/en\/wp-json\/wp\/v2\/product"}],"about":[{"href":"https:\/\/ocm-vn.com\/en\/wp-json\/wp\/v2\/types\/product"}],"replies":[{"embeddable":true,"href":"https:\/\/ocm-vn.com\/en\/wp-json\/wp\/v2\/comments?post=2936"}],"version-history":[{"count":6,"href":"https:\/\/ocm-vn.com\/en\/wp-json\/wp\/v2\/product\/2936\/revisions"}],"predecessor-version":[{"id":4490,"href":"https:\/\/ocm-vn.com\/en\/wp-json\/wp\/v2\/product\/2936\/revisions\/4490"}],"wp:featuredmedia":[{"embeddable":true,"href":"https:\/\/ocm-vn.com\/en\/wp-json\/wp\/v2\/media\/3244"}],"wp:attachment":[{"href":"https:\/\/ocm-vn.com\/en\/wp-json\/wp\/v2\/media?parent=2936"}],"wp:term":[{"taxonomy":"product_cat","embeddable":true,"href":"https:\/\/ocm-vn.com\/en\/wp-json\/wp\/v2\/product_cat?post=2936"},{"taxonomy":"product_tag","embeddable":true,"href":"https:\/\/ocm-vn.com\/en\/wp-json\/wp\/v2\/product_tag?post=2936"}],"curies":[{"name":"wp","href":"https:\/\/api.w.org\/{rel}","templated":true}]}}