
{"id":2933,"date":"2023-09-25T16:33:17","date_gmt":"2023-09-25T09:33:17","guid":{"rendered":"https:\/\/ocm-vn.com\/?post_type=product&#038;p=2933"},"modified":"2025-10-10T16:58:06","modified_gmt":"2025-10-10T09:58:06","slug":"gia-cong-dung-dich-ve-sinh-cho-thu-cung","status":"publish","type":"product","link":"https:\/\/ocm-vn.com\/en\/san-pham-gia-cong\/gia-cong-dung-dich-ve-sinh-cho-thu-cung\/","title":{"rendered":"GIA C\u00d4NG DUNG D\u1ecaCH V\u1ec6 SINH M\u1eaeT CHO TH\u00da C\u01afNG"},"content":{"rendered":"<p><strong>Ingredients: <\/strong><\/p>\n<p>Extracted from cornflowers, vitamins. Utilizing environmentally friendly ingredients and promoting sustainable environmental protection<\/p>\n<p><strong>Usage: <\/strong><\/p>\n<p>Cho m\u1ed9t l\u01b0\u1ee3ng dung d\u1ecbch v\u1eeba \u0111\u1ee7 v\u00e0o kh\u0103n ho\u1eb7c v\u1ea3i m\u1ec1m. Sau \u0111\u00f3 lau v\u00e0o c\u00e1c v\u1ec7t \u1ed1 v\u00e0ng xung quanh v\u00f9ng m\u1eaft c\u1ee7a th\u00fa c\u01b0ng.<\/p>\n<p><strong>Caution:\u00a0<\/strong><\/p>\n<p>Kh\u00f4ng nh\u1ecf tr\u1ef1c ti\u1ebfp v\u00e0o m\u1eaft. \u0110\u1ec3 xa t\u1ea7m tay tr\u1ebb em. B\u1ea3o qu\u1ea3n n\u01a1i kh\u00f4 tho\u00e1ng tr\u00e1nh \u00e1nh s\u00e1ng m\u1eb7t tr\u1eddi tr\u1ef1c ti\u1ebfp.<\/p>\n<p><strong data-start=\"293\" data-end=\"360\">D\u1ecbch v\u1ee5 gia c\u00f4ng m\u1ef9 ph\u1ea9m (OEM) t\u1ea1i C\u00f4ng ty C\u1ed5 ph\u1ea7n OCM Vi\u1ec7t Nam<\/strong><\/p>\n<p>OCM Vi\u1ec7t Nam chuy\u00ean gia c\u00f4ng<strong> s\u1eefa t\u1eafm g\u1ed9i v\u00e0 c\u00e1c s\u1ea3n ph\u1ea9m cho th\u00fa c\u01b0ng<\/strong> designed to cater to different skin types. Our R&amp;D experts are dedicated to tailoring formulas according to clients\u2019 requirements, ensuring alignment with brand guidelines and pricing considerations.<\/p>\n<p>At OCM, clients have a wide range of typical choices, such as:<\/p>\n<ul>\n<li>Product type:\u00a0<\/li>\n<li>Abundant incorporation of nutrients and diverse extracts.<\/li>\n<li>Multipurpose\u00a0<\/li>\n<\/ul>\n<p><strong>PACKAGING: <\/strong><\/p>\n<p>T\u00f9y v\u00e0o \u0111\u1eb7c tr\u01b0ng c\u1ee7a d\u1ea1ng s\u1ea3n ph\u1ea9m, OCM Vietnam s\u1ebd t\u01b0 v\u1ea5n v\u00e0 h\u1ed7 tr\u1ee3 kh\u00e1ch h\u00e0ng t\u00ecm ki\u1ebfm nh\u1eefng m\u1eabu bao b\u00ec ph\u00f9 h\u1ee3p v\u1edbi gi\u00e1 c\u1ea3 h\u1ee3p l\u00fd.<\/p>\n<p>Here are some commonly chosen packaging options for skincare cleansing lines:<\/p>\n<p>H\u00e3y li\u00ean h\u1ec7 v\u1edbi OCM Vietnam ch\u00fang t\u00f4i \u0111\u1ec3 c\u00f3 th\u00eam nhi\u1ec1u \u00fd t\u01b0\u1edfng cho <strong>gia c\u00f4ng s\u1eefa t\u1eafm\u00a0g\u1ed9i cho th\u00fa c\u01b0ng<\/strong>.<\/p>\n<ul>\n<li>\n<p><em><strong>Hotline:<\/strong> (028) 394 92 902 \u2013 (028) 394 92 802<\/em><\/p>\n<\/li>\n<li>\n<p><em><strong>Email:<\/strong> info@ocm-vn.com<\/em><\/p>\n<\/li>\n<li>\n<p><em><strong>Facebook:<\/strong>\u00a0<a href=\"https:\/\/www.facebook.com\/congtyocmvietnam\" target=\"_blank\" rel=\"noopener\">OCM Vietnam<\/a><\/em><\/p>\n<\/li>\n<\/ul>","protected":false},"excerpt":{"rendered":"<p>Gia c\u00f4ng m\u1ef9 ph\u1ea9m: Gia c\u00f4ng dung d\u1ecbch v\u1ec7 sinh cho th\u00fa c\u01b0ng.<\/p>\n<p>OCM Vi\u1ec7t Nam cung c\u1ea5p d\u1ecbch v\u1ee5 gia c\u00f4ng m\u1ef9 ph\u1ea9m theo y\u00eau c\u1ea7u v\u1edbi quy tr\u00ecnh chuy\u00ean nghi\u1ec7p, \u0111\u1ea3m b\u1ea3o ch\u1ea5t l\u01b0\u1ee3ng v\u00e0 chi ph\u00ed t\u1ed1i \u01b0u.<\/p>\n<p>The eye cleaning solution for dogs serves the main purpose of cleaning stains and preventing the formation of stains from tears and dirt. With a pet-safe formula, balanced pH, environmentally-friendly, and non-harmful to the environment.<\/p>\n<p><strong>Benefit:<\/strong><\/p>\n<p>Clean the area around the eyes. Remove yellowish stains and slow down the formation of yellowish stains caused by tears and dirt.<\/p>","protected":false},"featured_media":3243,"comment_status":"closed","ping_status":"closed","template":"","meta":[],"product_cat":[75],"product_tag":[],"_links":{"self":[{"href":"https:\/\/ocm-vn.com\/en\/wp-json\/wp\/v2\/product\/2933"}],"collection":[{"href":"https:\/\/ocm-vn.com\/en\/wp-json\/wp\/v2\/product"}],"about":[{"href":"https:\/\/ocm-vn.com\/en\/wp-json\/wp\/v2\/types\/product"}],"replies":[{"embeddable":true,"href":"https:\/\/ocm-vn.com\/en\/wp-json\/wp\/v2\/comments?post=2933"}],"version-history":[{"count":9,"href":"https:\/\/ocm-vn.com\/en\/wp-json\/wp\/v2\/product\/2933\/revisions"}],"predecessor-version":[{"id":4504,"href":"https:\/\/ocm-vn.com\/en\/wp-json\/wp\/v2\/product\/2933\/revisions\/4504"}],"wp:featuredmedia":[{"embeddable":true,"href":"https:\/\/ocm-vn.com\/en\/wp-json\/wp\/v2\/media\/3243"}],"wp:attachment":[{"href":"https:\/\/ocm-vn.com\/en\/wp-json\/wp\/v2\/media?parent=2933"}],"wp:term":[{"taxonomy":"product_cat","embeddable":true,"href":"https:\/\/ocm-vn.com\/en\/wp-json\/wp\/v2\/product_cat?post=2933"},{"taxonomy":"product_tag","embeddable":true,"href":"https:\/\/ocm-vn.com\/en\/wp-json\/wp\/v2\/product_tag?post=2933"}],"curies":[{"name":"wp","href":"https:\/\/api.w.org\/{rel}","templated":true}]}}