
{"id":2929,"date":"2023-09-25T16:30:31","date_gmt":"2023-09-25T09:30:31","guid":{"rendered":"https:\/\/ocm-vn.com\/?post_type=product&#038;p=2929"},"modified":"2025-10-10T17:11:48","modified_gmt":"2025-10-10T10:11:48","slug":"gia-cong-serum-duong-long-thu-cung","status":"publish","type":"product","link":"https:\/\/ocm-vn.com\/en\/san-pham-gia-cong\/gia-cong-serum-duong-long-thu-cung\/","title":{"rendered":"GIA C\u00d4NG SERUM D\u01af\u1ee0NG L\u00d4NG TH\u00da C\u01afNG"},"content":{"rendered":"<p><strong>Ingredients:<\/strong><\/p>\n<p><strong>Cannabis Sativa Seed Oil<\/strong> Hemp Seed Oil - a natural oil rich in vitamins (A, D, E), Omega 3, and Omega 6 helps keep your pet's fur always moisturized, shiny, soft, and smooth.<\/p>\n<p><strong>Usage: <\/strong><\/p>\n<p>Clean and dry your pet's fur. Take a small amount of serum, about 1 - 2 drops or more depending on your pet's size, thickness, and length of fur, then apply it evenly all over your pet's coat. Remember to gently massage the serum into the skin and fur. Wait for the serum to be fully absorbed and dry naturally on the skin and fur before allowing your pet to move freely.<\/p>\n<p><strong>Note: Avoid contact with your pet's eyes and mouth. Keep away from direct sunlight.<\/strong><\/p>\n<p><strong data-start=\"293\" data-end=\"360\">D\u1ecbch v\u1ee5 gia c\u00f4ng m\u1ef9 ph\u1ea9m (OEM) t\u1ea1i C\u00f4ng ty C\u1ed5 ph\u1ea7n OCM Vi\u1ec7t Nam<\/strong><\/p>\n<p>OCM Vietnam chuy\u00ean gia c\u00f4ng c\u00e1c <strong>d\u00f2ng s\u1ea3n ph\u1ea9m ch\u0103m s\u00f3c cho th\u00fa c\u01b0ng<\/strong> designed to cater to different skin types. Our R&amp;D experts are dedicated to tailoring formulas according to clients\u2019 requirements, ensuring alignment with brand guidelines and pricing considerations.<\/p>\n<p>\u0110\u1ebfn v\u1edbi OCM Vietnam, kh\u00e1ch h\u00e0ng c\u00f3 th\u1ec3 c\u00f3 nhi\u1ec1u s\u1ef1 l\u1ef1a ch\u1ecdn, \u0111i\u1ec3n h\u00ecnh nh\u01b0:<\/p>\n<ul>\n<li>Abundant incorporation of nutrients and diverse extracts.<\/li>\n<li>Multi-purpose: Prevents fur loss, moisturizes, keeps pet fur soft and smooth.<\/li>\n<\/ul>\n<p><strong>PACKAGING: <\/strong><\/p>\n<p>T\u00f9y v\u00e0o \u0111\u1eb7c tr\u01b0ng c\u1ee7a d\u1ea1ng s\u1ea3n ph\u1ea9m, ch\u00fang t\u00f4i s\u1ebd t\u01b0 v\u1ea5n v\u00e0 h\u1ed7 tr\u1ee3 kh\u00e1ch h\u00e0ng t\u00ecm ki\u1ebfm nh\u1eefng m\u1eabu bao b\u00ec ph\u00f9 h\u1ee3p v\u1edbi gi\u00e1 c\u1ea3 h\u1ee3p l\u00fd.<\/p>\n<p>C\u00e1c l\u1ef1a ch\u1ecdn bao b\u00ec ph\u1ed5 bi\u1ebfn:<\/p>\n<ul>\n<li>Tube packaging<\/li>\n<li>Bottles with pumps.<\/li>\n<li>Bottle with a cap<\/li>\n<li>And various other packaging formats.<\/li>\n<\/ul>\n<p>H\u00e3y li\u00ean h\u1ec7 v\u1edbi OCM Vietnam ch\u00fang t\u00f4i \u0111\u1ec3 c\u00f3 th\u00eam nhi\u1ec1u \u00fd t\u01b0\u1edfng cho gia c\u00f4ng <strong>Pet care products<\/strong> .<\/p>\n<ul>\n<li>\n<p><em><strong>Hotline:<\/strong> (028) 394 92 902 \u2013 (028) 394 92 802<\/em><\/p>\n<\/li>\n<li>\n<p><em><strong>Email:<\/strong> info@ocm-vn.com<\/em><\/p>\n<\/li>\n<li>\n<p><em><strong>Facebook:<\/strong>\u00a0<a href=\"https:\/\/www.facebook.com\/congtyocmvietnam\" target=\"_blank\" rel=\"noopener\">OCM Vietnam<\/a><\/em><\/p>\n<\/li>\n<\/ul>","protected":false},"excerpt":{"rendered":"<p>Gia c\u00f4ng m\u1ef9 ph\u1ea9m: Gia c\u00f4ng serum d\u01b0\u1ee1ng l\u00f4ng th\u00fa c\u01b0ng b\u00f3ng m\u01b0\u1ee3t.<\/p>\n<p>OCM Vietnam cung c\u1ea5p d\u1ecbch v\u1ee5 gia c\u00f4ng m\u1ef9 ph\u1ea9m theo y\u00eau c\u1ea7u v\u1edbi quy tr\u00ecnh chuy\u00ean nghi\u1ec7p, \u0111\u1ea3m b\u1ea3o ch\u1ea5t l\u01b0\u1ee3ng v\u00e0 chi ph\u00ed t\u1ed1i \u01b0u.<\/p>\n<p><strong>Product Information:<\/strong><\/p>\n<p>Pet  Hair Serum with a formula that utilizes natural Hemp seed oil, rich in vitamins, Omega 3, and Omega 6, helps keep your pet's fur shiny, soft, and smooth.<\/p>\n<p><strong>Benefit: <\/strong><\/p>\n<ul>\n<li>The serum helps make your pet's fur soft and smooth.<\/li>\n<li>It restores damaged fur, keeping your pet's coat always shiny and smooth.<\/li>\n<li>It leaves a pleasant scent on the fur.<\/li>\n<\/ul>\n<p><strong>Good for: <\/strong><\/p>\n<p>Dogs, cats.<\/p>","protected":false},"featured_media":3240,"comment_status":"closed","ping_status":"closed","template":"","meta":[],"product_cat":[75],"product_tag":[],"_links":{"self":[{"href":"https:\/\/ocm-vn.com\/en\/wp-json\/wp\/v2\/product\/2929"}],"collection":[{"href":"https:\/\/ocm-vn.com\/en\/wp-json\/wp\/v2\/product"}],"about":[{"href":"https:\/\/ocm-vn.com\/en\/wp-json\/wp\/v2\/types\/product"}],"replies":[{"embeddable":true,"href":"https:\/\/ocm-vn.com\/en\/wp-json\/wp\/v2\/comments?post=2929"}],"version-history":[{"count":5,"href":"https:\/\/ocm-vn.com\/en\/wp-json\/wp\/v2\/product\/2929\/revisions"}],"predecessor-version":[{"id":4508,"href":"https:\/\/ocm-vn.com\/en\/wp-json\/wp\/v2\/product\/2929\/revisions\/4508"}],"wp:featuredmedia":[{"embeddable":true,"href":"https:\/\/ocm-vn.com\/en\/wp-json\/wp\/v2\/media\/3240"}],"wp:attachment":[{"href":"https:\/\/ocm-vn.com\/en\/wp-json\/wp\/v2\/media?parent=2929"}],"wp:term":[{"taxonomy":"product_cat","embeddable":true,"href":"https:\/\/ocm-vn.com\/en\/wp-json\/wp\/v2\/product_cat?post=2929"},{"taxonomy":"product_tag","embeddable":true,"href":"https:\/\/ocm-vn.com\/en\/wp-json\/wp\/v2\/product_tag?post=2929"}],"curies":[{"name":"wp","href":"https:\/\/api.w.org\/{rel}","templated":true}]}}