
{"id":2927,"date":"2023-09-25T16:29:06","date_gmt":"2023-09-25T09:29:06","guid":{"rendered":"https:\/\/ocm-vn.com\/?post_type=product&#038;p=2927"},"modified":"2025-12-04T18:56:53","modified_gmt":"2025-12-04T11:56:53","slug":"gia-cong-nuoc-hoa-thu-cung","status":"publish","type":"product","link":"https:\/\/ocm-vn.com\/en\/san-pham-gia-cong\/gia-cong-nuoc-hoa-thu-cung\/","title":{"rendered":"GIA C\u00d4NG N\u01af\u1edaC HOA TH\u00da C\u01afNG"},"content":{"rendered":"<p><strong>Usage: <\/strong><\/p>\n<p>\u00a0Ch\u1ec9 c\u1ea7n phun \u0111\u1ec1u n\u01b0\u1edbc hoa th\u00fa c\u01b0ng l\u00ean v\u00f9ng l\u00f4ng mong mu\u1ed1n v\u00e0 t\u1eadn h\u01b0\u1edfng ngay m\u00f9i th\u01a1m ngay l\u1eadp t\u1ee9c. Tr\u1ea3i nghi\u1ec7m s\u1ef1 th\u01a1m m\u00e1t v\u00e0 hi\u1ec7u qu\u1ea3 \u0111\u1ed9c \u0111\u00e1o v\u00e0 tuy\u1ec7t v\u1eddi c\u1ee7a n\u01b0\u1edbc hoa d\u00e0nh cho th\u00fa c\u01b0ng.<\/p>\n<p><strong>Caution:\u00a0<\/strong><\/p>\n<p><strong data-start=\"293\" data-end=\"360\">D\u1ecbch v\u1ee5 gia c\u00f4ng m\u1ef9 ph\u1ea9m (OEM) t\u1ea1i C\u00f4ng ty C\u1ed5 ph\u1ea7n OCM Vi\u1ec7t Nam<\/strong><\/p>\n<p>OCM Vi\u1ec7t Nam chuy\u00ean <strong>gia c\u00f4ng s\u1eefa t\u1eafm g\u1ed9i cho th\u00fa c\u01b0ng<\/strong> designed to cater to different skin types. Our R&amp;D experts are dedicated to tailoring formulas according to clients\u2019 requirements, ensuring alignment with brand guidelines and pricing considerations.<\/p>\n<p>At OCM, clients have a wide range of typical choices, such as:<\/p>\n<ul>\n<li>Product Forms: Liquid, gel, spray...<\/li>\n<li>Abundant incorporation of nutrients and diverse extracts.<\/li>\n<li>\u0110a c\u00f4ng d\u1ee5ng: T\u1eafm g\u1ed9i, kh\u1eed m\u00f9i, t\u1ea1o h\u01b0\u01a1ng th\u01a1m, d\u01b0\u1ee1ng l\u00f4ng, s\u1ea3n ph\u1ea9m v\u1ec7 sinh cho th\u00fa c\u01b0ng,&#8230;<\/li>\n<\/ul>\n<p><strong>PACKAGING: <\/strong><\/p>\n<p>T\u00f9y v\u00e0o \u0111\u1eb7c tr\u01b0ng c\u1ee7a d\u1ea1ng s\u1ea3n ph\u1ea9m, OCM Vietnam ch\u00fang t\u00f4i s\u1ebd t\u01b0 v\u1ea5n v\u00e0 h\u1ed7 tr\u1ee3 kh\u00e1ch h\u00e0ng t\u00ecm ki\u1ebfm nh\u1eefng m\u1eabu bao b\u00ec ph\u00f9 h\u1ee3p v\u1edbi gi\u00e1 c\u1ea3 h\u1ee3p l\u00fd.<\/p>\n<p>H\u00e3y li\u00ean h\u1ec7 v\u1edbi OCM Vietnam ch\u00fang t\u00f4i \u0111\u1ec3 c\u00f3 th\u00eam nhi\u1ec1u \u00fd t\u01b0\u1edfng cho <strong>gia c\u00f4ng m\u1ef9 ph\u1ea9m<\/strong> \u0111\u1eb7c bi\u1ec7t l\u00e0 <strong>gia c\u00f4ng s\u1eefa t\u1eafm g\u1ed9i cho th\u00fa c\u01b0ng.<\/strong><\/p>\n<ul>\n<li>\n<p><em><strong>Hotline:<\/strong> (028) 394 92 902 \u2013 (028) 394 92 802<\/em><\/p>\n<\/li>\n<li>\n<p><em><strong>Email:<\/strong> info@ocm-vn.com<\/em><\/p>\n<\/li>\n<li>\n<p><em><strong>Facebook:<\/strong>\u00a0<a href=\"https:\/\/www.facebook.com\/congtyocmvietnam\" target=\"_blank\" rel=\"noopener\">OCM Vietnam<\/a><\/em><\/p>\n<\/li>\n<\/ul>","protected":false},"excerpt":{"rendered":"<p>Gia c\u00f4ng m\u1ef9 ph\u1ea9m: Gia c\u00f4ng n\u01b0\u1edbc hoa th\u00fa c\u01b0ng.<\/p>\n<p>OCM Vi\u1ec7t Nam cung c\u1ea5p d\u1ecbch v\u1ee5 gia c\u00f4ng m\u1ef9 ph\u1ea9m theo y\u00eau c\u1ea7u v\u1edbi quy tr\u00ecnh chuy\u00ean nghi\u1ec7p, \u0111\u1ea3m b\u1ea3o ch\u1ea5t l\u01b0\u1ee3ng v\u00e0 chi ph\u00ed t\u1ed1i \u01b0u.<\/p>\n<p><strong>Benefit:<\/strong><\/p>\n<ul>\n<li>\n<p><strong>Kh\u1eed m\u00f9i h\u00f4i<\/strong>: Th\u00fa c\u01b0ng th\u01b0\u1eddng c\u00f3 m\u00f9i c\u01a1 th\u1ec3 do tuy\u1ebfn m\u1ed3 h\u00f4i, m\u00f4i tr\u01b0\u1eddng s\u1ed1ng, ho\u1eb7c khi ti\u1ebfp x\u00fac v\u1edbi n\u01b0\u1edbc. N\u01b0\u1edbc hoa th\u00fa c\u01b0ng s\u1ebd gi\u00fap kh\u1eed m\u00f9i kh\u00f3 ch\u1ecbu, gi\u1eef cho th\u00fa c\u01b0ng lu\u00f4n th\u01a1m tho v\u00e0 s\u1ea1ch s\u1ebd.<\/p>\n<\/li>\n<li>\n<p><strong>Gi\u1ea3m c\u0103ng th\u1eb3ng, lo \u00e2u<\/strong>: M\u1ed9t s\u1ed1 lo\u1ea1i n\u01b0\u1edbc hoa th\u00fa c\u01b0ng c\u00f3 th\u00e0nh ph\u1ea7n t\u1eeb tinh d\u1ea7u t\u1ef1 nhi\u00ean nh\u01b0 o\u1ea3i h\u01b0\u01a1ng, hoa c\u00fac c\u00f3 t\u00e1c d\u1ee5ng l\u00e0m d\u1ecbu, gi\u1ea3m c\u0103ng th\u1eb3ng, lo \u00e2u cho th\u00fa c\u01b0ng, \u0111\u1eb7c bi\u1ec7t trong nh\u1eefng t\u00ecnh hu\u1ed1ng nh\u01b0 di chuy\u1ec3n ho\u1eb7c \u0111\u1ebfn m\u00f4i tr\u01b0\u1eddng m\u1edbi.<\/p>\n<\/li>\n<\/ul>\n<p><strong>Good for: <\/strong><\/p>\n<p>Dogs, cats.<\/p>","protected":false},"featured_media":3237,"comment_status":"closed","ping_status":"closed","template":"","meta":[],"product_cat":[75],"product_tag":[],"_links":{"self":[{"href":"https:\/\/ocm-vn.com\/en\/wp-json\/wp\/v2\/product\/2927"}],"collection":[{"href":"https:\/\/ocm-vn.com\/en\/wp-json\/wp\/v2\/product"}],"about":[{"href":"https:\/\/ocm-vn.com\/en\/wp-json\/wp\/v2\/types\/product"}],"replies":[{"embeddable":true,"href":"https:\/\/ocm-vn.com\/en\/wp-json\/wp\/v2\/comments?post=2927"}],"version-history":[{"count":14,"href":"https:\/\/ocm-vn.com\/en\/wp-json\/wp\/v2\/product\/2927\/revisions"}],"predecessor-version":[{"id":4511,"href":"https:\/\/ocm-vn.com\/en\/wp-json\/wp\/v2\/product\/2927\/revisions\/4511"}],"wp:featuredmedia":[{"embeddable":true,"href":"https:\/\/ocm-vn.com\/en\/wp-json\/wp\/v2\/media\/3237"}],"wp:attachment":[{"href":"https:\/\/ocm-vn.com\/en\/wp-json\/wp\/v2\/media?parent=2927"}],"wp:term":[{"taxonomy":"product_cat","embeddable":true,"href":"https:\/\/ocm-vn.com\/en\/wp-json\/wp\/v2\/product_cat?post=2927"},{"taxonomy":"product_tag","embeddable":true,"href":"https:\/\/ocm-vn.com\/en\/wp-json\/wp\/v2\/product_tag?post=2927"}],"curies":[{"name":"wp","href":"https:\/\/api.w.org\/{rel}","templated":true}]}}