
{"id":2924,"date":"2023-09-25T16:25:45","date_gmt":"2023-09-25T09:25:45","guid":{"rendered":"https:\/\/ocm-vn.com\/?post_type=product&#038;p=2924"},"modified":"2025-12-04T18:57:04","modified_gmt":"2025-12-04T11:57:04","slug":"gia-cong-xit-khu-mui-thu-cung","status":"publish","type":"product","link":"https:\/\/ocm-vn.com\/en\/san-pham-gia-cong\/gia-cong-xit-khu-mui-thu-cung\/","title":{"rendered":"GIA C\u00d4NG X\u1ecaT KH\u1eec M\u00d9I D\u00c0NH CHO CH\u00d3 &#8211; M\u00c8O"},"content":{"rendered":"<p><strong>Ingredients:<\/strong><\/p>\n<p>Eucalyptus citriodora extract, peppermint extract, Bach Dan essential oil scent, wheat protein, Paraben-free, Alcohol-free<\/p>\n<p><strong>Usage: <\/strong><\/p>\n<p>Spray directly onto your pet's fur to deodorize and clean the coat. It can also be sprayed directly into cages, kennels, living areas, and household items to freshen the air and eliminate odors in these areas.<\/p>\n<p><strong>Caution:\u00a0<\/strong><\/p>\n<p>Do not spray directly onto the eyes, nose, mouth, or sensitive skin areas, open wounds of pets. Keep out of reach of children. Do not expose directly to sunlight.<\/p>\n<p><strong data-start=\"293\" data-end=\"360\">D\u1ecbch v\u1ee5 gia c\u00f4ng m\u1ef9 ph\u1ea9m (OEM) t\u1ea1i C\u00f4ng ty C\u1ed5 ph\u1ea7n OCM Vi\u1ec7t Nam<\/strong><\/p>\n<p>OCM Vietnam specializes in the production of a wide range of <strong>Shampoo for Pet<\/strong> designed to cater to different skin types. Our R&amp;D experts are dedicated to tailoring formulas according to clients\u2019 requirements, ensuring alignment with brand guidelines and pricing considerations.<\/p>\n<p><strong>PACKAGING: <\/strong><\/p>\n<p>Depending on the characteristics of the product type, OCM will provide advice and support to clients in finding suitable packaging designs at reasonable prices.<\/p>\n<p>Here are some commonly chosen packaging options for skincare cleansing lines:<\/p>\n<p>H\u00e3y li\u00ean h\u1ec7 v\u1edbi OCM Vietnam ch\u00fang t\u00f4i \u0111\u1ec3 c\u00f3 th\u00eam nhi\u1ec1u \u00fd t\u01b0\u1edfng cho s\u1ea3n ph\u1ea9m ch\u0103m s\u00f3c<strong>\u00a0th\u00fa c\u01b0ng<\/strong>.<\/p>\n<ul>\n<li>\n<p><em><strong>Hotline:<\/strong> (028) 394 92 902 \u2013 (028) 394 92 802<\/em><\/p>\n<\/li>\n<li>\n<p><em><strong>Email:<\/strong> info@ocm-vn.com<\/em><\/p>\n<\/li>\n<li>\n<p><em><strong>Facebook:<\/strong>\u00a0<a href=\"https:\/\/www.facebook.com\/congtyocmvietnam\" target=\"_blank\" rel=\"noopener\">OCM Vietnam<\/a><\/em><\/p>\n<\/li>\n<\/ul>","protected":false},"excerpt":{"rendered":"<p>Gia c\u00f4ng m\u1ef9 ph\u1ea9m: Gia c\u00f4ng x\u1ecbt kh\u1eed m\u00f9i ch\u00f3 m\u00e8o<\/p>\n<p>OCM Vi\u1ec7t Nam cung c\u1ea5p d\u1ecbch v\u1ee5 gia c\u00f4ng m\u1ef9 ph\u1ea9m theo y\u00eau c\u1ea7u v\u1edbi quy tr\u00ecnh chuy\u00ean nghi\u1ec7p, \u0111\u1ea3m b\u1ea3o ch\u1ea5t l\u01b0\u1ee3ng v\u00e0 chi ph\u00ed t\u1ed1i \u01b0u.<\/p>\n<p>The pet care product with Eucalyptus citriodora and peppermint extracts, along with the scent of Bach flower essential oil, is a unique solution for eliminating unwanted odors from pets when there isn't time for a bath. Additionally, the formula is enriched with wheat protein to nourish the fur, making your pet's coat look softer and smoother.<\/p>\n<p><strong>Benefit:<\/strong><\/p>\n<ul>\n<li>Cleanses and refreshes the skin and fur, eliminating odors<\/li>\n<li>Supports strengthening the coat, making it soft and silky.<\/li>\n<li>Easy and quick to use.<\/li>\n<li>Provides fast cleaning between baths.<\/li>\n<\/ul>\n<p><strong>Good for: <\/strong><\/p>\n<p>Dogs, cats.<\/p>\n<div id=\"gtx-trans\" style=\"position: absolute;left: 9px;top: 111px\">\n<div class=\"gtx-trans-icon\">\u00a0<\/div>\n<\/div>","protected":false},"featured_media":3235,"comment_status":"closed","ping_status":"closed","template":"","meta":[],"product_cat":[75],"product_tag":[],"_links":{"self":[{"href":"https:\/\/ocm-vn.com\/en\/wp-json\/wp\/v2\/product\/2924"}],"collection":[{"href":"https:\/\/ocm-vn.com\/en\/wp-json\/wp\/v2\/product"}],"about":[{"href":"https:\/\/ocm-vn.com\/en\/wp-json\/wp\/v2\/types\/product"}],"replies":[{"embeddable":true,"href":"https:\/\/ocm-vn.com\/en\/wp-json\/wp\/v2\/comments?post=2924"}],"version-history":[{"count":11,"href":"https:\/\/ocm-vn.com\/en\/wp-json\/wp\/v2\/product\/2924\/revisions"}],"predecessor-version":[{"id":4513,"href":"https:\/\/ocm-vn.com\/en\/wp-json\/wp\/v2\/product\/2924\/revisions\/4513"}],"wp:featuredmedia":[{"embeddable":true,"href":"https:\/\/ocm-vn.com\/en\/wp-json\/wp\/v2\/media\/3235"}],"wp:attachment":[{"href":"https:\/\/ocm-vn.com\/en\/wp-json\/wp\/v2\/media?parent=2924"}],"wp:term":[{"taxonomy":"product_cat","embeddable":true,"href":"https:\/\/ocm-vn.com\/en\/wp-json\/wp\/v2\/product_cat?post=2924"},{"taxonomy":"product_tag","embeddable":true,"href":"https:\/\/ocm-vn.com\/en\/wp-json\/wp\/v2\/product_tag?post=2924"}],"curies":[{"name":"wp","href":"https:\/\/api.w.org\/{rel}","templated":true}]}}