
{"id":2911,"date":"2023-09-25T16:15:51","date_gmt":"2023-09-25T09:15:51","guid":{"rendered":"https:\/\/ocm-vn.com\/?post_type=product&#038;p=2911"},"modified":"2025-10-15T14:58:31","modified_gmt":"2025-10-15T07:58:31","slug":"gia-cong-dau-goi-kho-cho-cho","status":"publish","type":"product","link":"https:\/\/ocm-vn.com\/en\/san-pham-gia-cong\/gia-cong-dau-goi-kho-cho-cho\/","title":{"rendered":"GIA C\u00d4NG D\u1ea6U G\u1ed8I KH\u00d4 CHO TH\u00da C\u01afNG (for Dog)"},"content":{"rendered":"<p><strong>Ingredients: <\/strong><\/p>\n<p><strong>Chamomilla Recutita (Matricaria) Flower Extract <\/strong>:Roman chamomile extract - soothes the skin and provides moisture.<br \/>\n<strong>Aloe Barbadensis Leaf Juice<\/strong> :Aloe vera extract: softens the skin and moisturizes it.<\/p>\n<p><strong>Usage: <\/strong><\/p>\n<p>Clean the area of the fur that needs treatment, you can use a towel or brush to remove dirt and debris from your pet's fur. Spray the dry shampoo onto the targeted area. Gently massage the dry shampoo into your pet's fur to ensure even distribution. Finally, use a hairdryer to dry and add volume to the fur.<\/p>\n<p><strong>Note: Avoid contact with your pet's eyes and mouth. Avoid exposure to direct sunlight.<\/strong><\/p>\n<p><strong data-start=\"293\" data-end=\"360\">D\u1ecbch v\u1ee5 gia c\u00f4ng m\u1ef9 ph\u1ea9m (OEM) t\u1ea1i C\u00f4ng ty C\u1ed5 ph\u1ea7n OCM Vi\u1ec7t Nam<\/strong><\/p>\n<p>OCM Vietnam specializes in the production of a wide range of <strong>d\u00f2ng s\u1eefa t\u1eafm, d\u1ea7u g\u1ed9i cho th\u00fa c\u01b0ng<\/strong> designed to cater to different skin types. Our R&amp;D experts are dedicated to tailoring formulas according to clients\u2019 requirements, ensuring alignment with brand guidelines and pricing considerations.<\/p>\n<p>At OCM, clients have a wide range of typical choices, such as:<\/p>\n<ul>\n<li>Product forms: Liquid, gel, foam, etc.<\/li>\n<li>Abundant incorporation of nutrients and diverse extracts.<\/li>\n<li>Multiple functionalities: cleansing, anti-shedding, moisturizing, and softening pet's fur.<\/li>\n<\/ul>\n<p><strong>PACKAGING: <\/strong><\/p>\n<p>Depending on the characteristics of the product type, OCM will provide advice and support to clients in finding suitable packaging designs at reasonable prices.<\/p>\n<p>Here are some commonly chosen packaging options for skincare cleansing lines:<\/p>\n<ul>\n<li>Tube packaging<\/li>\n<li>Bottle with a lotion pump nozzle<\/li>\n<li>Bottle with a foaming pump nozzle<\/li>\n<li>Bottle with a cap<\/li>\n<li>And various other packaging formats.<\/li>\n<\/ul>\n<p>C\u00f4ng ty C\u1ed5 ph\u1ea7n OCM Vi\u1ec7t Nam l\u00e0 m\u1ed9t trong nh\u1eefng nh\u00e0 s\u1ea3n xu\u1ea5t, gia c\u00f4ng h\u00f3a m\u1ef9 ph\u1ea9m h\u00e0ng \u0111\u1ea7u t\u1ea1i Vi\u1ec7t Nam, chuy\u00ean cung c\u1ea5p d\u1ecbch v\u1ee5 OEM (s\u1ea3n xu\u1ea5t theo y\u00eau c\u1ea7u) d\u00e0nh ri\u00eang cho kh\u00e1ch h\u00e0ng d\u01b0\u1edbi th\u01b0\u01a1ng hi\u1ec7u c\u1ee7a h\u1ecd. V\u1edbi h\u1ea1ng m\u1ee5c s\u1ea3n ph\u1ea9m tr\u1ea3i d\u00e0i t\u1eeb ch\u0103m s\u00f3c c\u00e1 nh\u00e2n, ch\u0103m s\u00f3c gia \u0111\u00ecnh \u0111\u1ebfn ch\u0103m s\u00f3c th\u00fa c\u01b0ng. Ngo\u00e0i Vi\u1ec7t Nam, OCM Vietnam hi\u1ec7n \u0111ang ph\u00e1t tri\u1ec3n v\u00e0 m\u1edf r\u1ed9ng m\u1ea1ng l\u01b0\u1edbi \u0111\u1ed1i t\u00e1c t\u1ea1i c\u00e1c th\u1ecb tr\u01b0\u1eddng M\u1ef9, ch\u00e2u \u00c2u, ch\u00e2u \u00dac v\u00e0 ch\u00e2u \u00c1.<\/p>\n<p>V\u1edbi mong mu\u1ed1n \u0111\u00e1p \u1ee9ng c\u00e1c y\u00eau c\u1ea7u kh\u1eaft khe c\u1ee7a kh\u00e1ch h\u00e0ng trong v\u00e0 ngo\u00e0i n\u01b0\u1edbc, nh\u1eb1m \u0111\u1ea3m b\u1ea3o m\u00f4i tr\u01b0\u1eddng l\u00e0m vi\u1ec7c an to\u00e0n cho nh\u00e2n vi\u00ean c\u0169ng nh\u01b0 tr\u00e1ch nhi\u1ec7m v\u1edbi x\u00e3 h\u1ed9i, OCM Vietnam \u0111\u00e3 x\u00e2y d\u1ef1ng quy tr\u00ecnh s\u1ea3n xu\u1ea5t gia c\u00f4ng m\u1ef9 ph\u1ea9m \u0111\u1ea1t chu\u1ea9n v\u00e0 t\u1ef1 h\u00e0o \u0111\u1ea1t \u0111\u01b0\u1ee3c c\u00e1c ch\u1ee9ng ch\u1ec9 qu\u1ed1c t\u1ebf trong ng\u00e0nh m\u1ef9 ph\u1ea9m: <strong>ISO 22716, ISO 14000, ISO 45000,FDA, BRC and SMETA audit. <\/strong><\/p>\n<p>H\u00e3y li\u00ean h\u1ec7 v\u1edbi OCM Vietnam ch\u00fang t\u00f4i \u0111\u1ec3 c\u00f3 th\u00eam nhi\u1ec1u \u00fd t\u01b0\u1edfng cho <strong>gia c\u00f4ng d\u1ea7u g\u1ed9i kh\u00f4 cho th\u00fa c\u01b0ng.<\/strong><\/p>\n<ul>\n<li>\n<p><em><strong>Hotline:<\/strong> (028) 394 92 902 \u2013 (028) 394 92 802<\/em><\/p>\n<\/li>\n<li>\n<p><em><strong>Email:<\/strong> info@ocm-vn.com<\/em><\/p>\n<\/li>\n<li>\n<p><em><strong>Facebook:<\/strong>\u00a0<a href=\"https:\/\/www.facebook.com\/congtyocmvietnam\" target=\"_blank\" rel=\"noopener\">OCM Vietnam<\/a><\/em><\/p>\n<\/li>\n<\/ul>","protected":false},"excerpt":{"rendered":"<p>Gia c\u00f4ng m\u1ef9 ph\u1ea9m: Gia c\u00f4ng d\u1ea7u g\u1ed9i kh\u00f4 cho th\u00fa c\u01b0ng.<\/p>\n<p>OCM Vi\u1ec7t Nam cung c\u1ea5p d\u1ecbch v\u1ee5 gia c\u00f4ng m\u1ef9 ph\u1ea9m theo y\u00eau c\u1ea7u v\u1edbi quy tr\u00ecnh chuy\u00ean nghi\u1ec7p, \u0111\u1ea3m b\u1ea3o ch\u1ea5t l\u01b0\u1ee3ng v\u00e0 chi ph\u00ed t\u1ed1i \u01b0u.<\/p>\n<p><strong>Benefit: <\/strong>Ni\u1ec1m vui cho c\u00e1c th\u00fa c\u01b0ng kh\u00f4ng th\u00edch t\u1eafm g\u1ed9i v\u1edbi n\u01b0\u1edbc. Kh\u00f4ng c\u1ea7n d\u00f9ng n\u01b0\u1edbc v\u1eabn s\u1ea1ch v\u00e0 th\u01a1m tho ch\u1ec9 \u0111\u01a1n gi\u1ea3n v\u1edbi d\u1ea7u g\u1ed9i kh\u00f4, kh\u0103n t\u1eafm v\u00e0 l\u01b0\u1ee3c ch\u1ea3i. C\u00f4ng th\u1ee9c t\u1ed1i \u01b0u k\u1ebft h\u1ee3p c\u00e1c chi\u1ebft xu\u1ea5t t\u1eeb nha \u0111am v\u00e0 c\u00fac la m\u00e3 gi\u00fap l\u00f4ng v\u00e0 da th\u00fa c\u01b0ng lu\u00f4n \u1ea9m, m\u1ec1m m\u1ea1i.<\/p>\n<p><strong>Good for: <\/strong><\/p>\n<p>Dog\u00a0<\/p>","protected":false},"featured_media":3227,"comment_status":"closed","ping_status":"closed","template":"","meta":[],"product_cat":[75],"product_tag":[],"_links":{"self":[{"href":"https:\/\/ocm-vn.com\/en\/wp-json\/wp\/v2\/product\/2911"}],"collection":[{"href":"https:\/\/ocm-vn.com\/en\/wp-json\/wp\/v2\/product"}],"about":[{"href":"https:\/\/ocm-vn.com\/en\/wp-json\/wp\/v2\/types\/product"}],"replies":[{"embeddable":true,"href":"https:\/\/ocm-vn.com\/en\/wp-json\/wp\/v2\/comments?post=2911"}],"version-history":[{"count":8,"href":"https:\/\/ocm-vn.com\/en\/wp-json\/wp\/v2\/product\/2911\/revisions"}],"predecessor-version":[{"id":4523,"href":"https:\/\/ocm-vn.com\/en\/wp-json\/wp\/v2\/product\/2911\/revisions\/4523"}],"wp:featuredmedia":[{"embeddable":true,"href":"https:\/\/ocm-vn.com\/en\/wp-json\/wp\/v2\/media\/3227"}],"wp:attachment":[{"href":"https:\/\/ocm-vn.com\/en\/wp-json\/wp\/v2\/media?parent=2911"}],"wp:term":[{"taxonomy":"product_cat","embeddable":true,"href":"https:\/\/ocm-vn.com\/en\/wp-json\/wp\/v2\/product_cat?post=2911"},{"taxonomy":"product_tag","embeddable":true,"href":"https:\/\/ocm-vn.com\/en\/wp-json\/wp\/v2\/product_tag?post=2911"}],"curies":[{"name":"wp","href":"https:\/\/api.w.org\/{rel}","templated":true}]}}