
{"id":2909,"date":"2023-09-25T16:12:35","date_gmt":"2023-09-25T09:12:35","guid":{"rendered":"https:\/\/ocm-vn.com\/?post_type=product&#038;p=2909"},"modified":"2025-12-04T18:53:28","modified_gmt":"2025-12-04T11:53:28","slug":"gia-cong-sua-tam-thu-cung-odor-control","status":"publish","type":"product","link":"https:\/\/ocm-vn.com\/en\/san-pham-gia-cong\/gia-cong-sua-tam-thu-cung-odor-control\/","title":{"rendered":"GIA C\u00d4NG S\u1eeeA T\u1eaeM TH\u00da C\u01afNG- ODOR CONTROL PURIFYING"},"content":{"rendered":"<p><strong>Usage:<\/strong><\/p>\n<p>Take a sufficient amount of shower gel and dilute it in a ratio of 1 part shower gel to 3 parts water. Then, groom your pet's fur, applying the diluted shower gel, gently massaging it into the fur for 5 minutes, and rinse it off with clean water. Finally, use a towel to dry and ensure it is completely dry.<\/p>\n<p><strong>Note: Avoid direct sunlight<\/strong><\/p>\n<p><strong data-start=\"293\" data-end=\"360\">D\u1ecbch v\u1ee5 gia c\u00f4ng m\u1ef9 ph\u1ea9m (OEM) t\u1ea1i C\u00f4ng ty C\u1ed5 ph\u1ea7n OCM Vi\u1ec7t Nam<\/strong><\/p>\n<p>OCM Vi\u1ec7t Nam chuy\u00ean <strong>gia c\u00f4ng s\u1eefa t\u1eafm g\u1ed9i th\u00fa c\u01b0ng<\/strong>\u00a0designed to cater to different skin types. Our R&amp;D experts are dedicated to tailoring formulas according to clients\u2019 requirements, ensuring alignment with brand guidelines and pricing considerations.<\/p>\n<p>At OCM, clients have a wide range of typical choices, such as:<\/p>\n<ul>\n<li>Product forms: Liquid, gel, foam, etc.<\/li>\n<li>Abundant incorporation of nutrients and diverse extracts.<\/li>\n<li>Multiple functionalities: cleansing, anti-shedding, moisturizing, and softening pet's fur.<\/li>\n<\/ul>\n<p><strong>PACKAGING:<\/strong><\/p>\n<p>Depending on the characteristics of the product type, OCM will provide advice and support to clients in finding suitable packaging designs at reasonable prices.<\/p>\n<p>Here are some commonly chosen packaging options for skincare cleansing lines:<\/p>\n<ul>\n<li>Tube packaging<\/li>\n<li>Bottle with a lotion pump nozzle<\/li>\n<li>Bottle with a foaming pump nozzle<\/li>\n<li>Bottle with a cap<\/li>\n<li>And various other packaging formats.<\/li>\n<\/ul>\n<p>C\u00f4ng ty C\u1ed5 ph\u1ea7n OCM Vi\u1ec7t Nam l\u00e0 m\u1ed9t trong nh\u1eefng nh\u00e0 s\u1ea3n xu\u1ea5t, gia c\u00f4ng m\u1ef9 ph\u1ea9m h\u00e0ng \u0111\u1ea7u t\u1ea1i Vi\u1ec7t Nam, chuy\u00ean cung c\u1ea5p d\u1ecbch v\u1ee5 OEM (s\u1ea3n xu\u1ea5t theo y\u00eau c\u1ea7u) d\u00e0nh ri\u00eang cho kh\u00e1ch h\u00e0ng d\u01b0\u1edbi th\u01b0\u01a1ng hi\u1ec7u c\u1ee7a h\u1ecd. V\u1edbi h\u1ea1ng m\u1ee5c s\u1ea3n ph\u1ea9m tr\u1ea3i d\u00e0i t\u1eeb ch\u0103m s\u00f3c c\u00e1 nh\u00e2n, ch\u0103m s\u00f3c gia \u0111\u00ecnh \u0111\u1ebfn ch\u0103m s\u00f3c th\u00fa c\u01b0ng. Ngo\u00e0i Vi\u1ec7t Nam, OCM Vietnam hi\u1ec7n \u0111ang ph\u00e1t tri\u1ec3n v\u00e0 m\u1edf r\u1ed9ng m\u1ea1ng l\u01b0\u1edbi \u0111\u1ed1i t\u00e1c t\u1ea1i c\u00e1c th\u1ecb tr\u01b0\u1eddng M\u1ef9, ch\u00e2u \u00c2u, ch\u00e2u \u00dac v\u00e0 ch\u00e2u \u00c1.<\/p>\n<p>V\u1edbi mong mu\u1ed1n \u0111\u00e1p \u1ee9ng c\u00e1c y\u00eau c\u1ea7u kh\u1eaft khe c\u1ee7a kh\u00e1ch h\u00e0ng trong v\u00e0 ngo\u00e0i n\u01b0\u1edbc, nh\u1eb1m \u0111\u1ea3m b\u1ea3o m\u00f4i tr\u01b0\u1eddng l\u00e0m vi\u1ec7c an to\u00e0n cho nh\u00e2n vi\u00ean c\u0169ng nh\u01b0 tr\u00e1ch nhi\u1ec7m v\u1edbi x\u00e3 h\u1ed9i, OCM Vietnam \u0111\u00e3 x\u00e2y d\u1ef1ng quy tr\u00ecnh s\u1ea3n xu\u1ea5t \u0111\u1ea1t chu\u1ea9n v\u00e0 t\u1ef1 h\u00e0o \u0111\u1ea1t \u0111\u01b0\u1ee3c c\u00e1c ch\u1ee9ng ch\u1ec9 qu\u1ed1c t\u1ebf trong ng\u00e0nh m\u1ef9 ph\u1ea9m: <strong>ISO 22716, ISO 14000, ISO 45000,FDA, BRC and SMETA audit. <\/strong><\/p>\n<p>H\u00e3y li\u00ean h\u1ec7 v\u1edbi OCM Vietnam ch\u00fang t\u00f4i \u0111\u1ec3 c\u00f3 th\u00eam nhi\u1ec1u \u00fd t\u01b0\u1edfng cho <strong>gia c\u00f4ng s\u1eefa t\u1eafm th\u00fa c\u01b0ng.<\/strong><\/p>\n<ul>\n<li>\n<p><em><strong>Hotline:<\/strong> (028) 394 92 902 \u2013 (028) 394 92 802<\/em><\/p>\n<\/li>\n<li>\n<p><em><strong>Email:<\/strong> info@ocm-vn.com<\/em><\/p>\n<\/li>\n<li>\n<p><em><strong>Facebook:<\/strong>\u00a0<a href=\"https:\/\/www.facebook.com\/congtyocmvietnam\" target=\"_blank\" rel=\"noopener\">OCM Vietnam<\/a><\/em><\/p>\n<\/li>\n<\/ul>","protected":false},"excerpt":{"rendered":"<p>Gia c\u00f4ng m\u1ef9 ph\u1ea9m: Gia c\u00f4ng s\u1eefa t\u1eafm th\u00fa c\u01b0ng.<\/p>\n<p>OCM Vi\u1ec7t Nam cung c\u1ea5p d\u1ecbch v\u1ee5 gia c\u00f4ng m\u1ef9 ph\u1ea9m theo y\u00eau c\u1ea7u v\u1edbi quy tr\u00ecnh chuy\u00ean nghi\u1ec7p, \u0111\u1ea3m b\u1ea3o ch\u1ea5t l\u01b0\u1ee3ng v\u00e0 chi ph\u00ed t\u1ed1i \u01b0u.<\/p>\n<p><strong>Benefit: <\/strong>Clean, freshen, and eliminate odor for your pet's fur.\u00a0<\/p>\n<p><strong>Ingredients:<\/strong><\/p>\n<p><strong>Eucalyptus Globulus Leaf Extract, Mentha Viridis (Spearmint) Leaf Extract - Extracts of Eucalyptus Globulus Leaf and Spearmint Leaf<\/strong>Cooling red, swollen, itchy skin, cleansing and unclogging pores, helps reduce body odor. <br \/>\n<strong>Laurdimonium Hydroxypropyl Hydrolyzed Wheat Protein<\/strong> :Adding quality protein for your pets' fur. Peppermint and eucalyptus scents blend in a fresh and natural tone, helping to limit odors from pets.<\/p>","protected":false},"featured_media":3225,"comment_status":"closed","ping_status":"closed","template":"","meta":[],"product_cat":[75],"product_tag":[537,543],"_links":{"self":[{"href":"https:\/\/ocm-vn.com\/en\/wp-json\/wp\/v2\/product\/2909"}],"collection":[{"href":"https:\/\/ocm-vn.com\/en\/wp-json\/wp\/v2\/product"}],"about":[{"href":"https:\/\/ocm-vn.com\/en\/wp-json\/wp\/v2\/types\/product"}],"replies":[{"embeddable":true,"href":"https:\/\/ocm-vn.com\/en\/wp-json\/wp\/v2\/comments?post=2909"}],"version-history":[{"count":5,"href":"https:\/\/ocm-vn.com\/en\/wp-json\/wp\/v2\/product\/2909\/revisions"}],"predecessor-version":[{"id":4526,"href":"https:\/\/ocm-vn.com\/en\/wp-json\/wp\/v2\/product\/2909\/revisions\/4526"}],"wp:featuredmedia":[{"embeddable":true,"href":"https:\/\/ocm-vn.com\/en\/wp-json\/wp\/v2\/media\/3225"}],"wp:attachment":[{"href":"https:\/\/ocm-vn.com\/en\/wp-json\/wp\/v2\/media?parent=2909"}],"wp:term":[{"taxonomy":"product_cat","embeddable":true,"href":"https:\/\/ocm-vn.com\/en\/wp-json\/wp\/v2\/product_cat?post=2909"},{"taxonomy":"product_tag","embeddable":true,"href":"https:\/\/ocm-vn.com\/en\/wp-json\/wp\/v2\/product_tag?post=2909"}],"curies":[{"name":"wp","href":"https:\/\/api.w.org\/{rel}","templated":true}]}}