
{"id":2902,"date":"2023-09-25T16:10:39","date_gmt":"2023-09-25T09:10:39","guid":{"rendered":"https:\/\/ocm-vn.com\/?post_type=product&#038;p=2902"},"modified":"2025-12-04T18:53:50","modified_gmt":"2025-12-04T11:53:50","slug":"gia-cong-sua-tam-thu-cung-whitening-brightening","status":"publish","type":"product","link":"https:\/\/ocm-vn.com\/en\/san-pham-gia-cong\/gia-cong-sua-tam-thu-cung-whitening-brightening\/","title":{"rendered":"GIA C\u00d4NG S\u1eeeA T\u1eaeM TH\u00da C\u01afNG &#8211; WHITENING BRIGHTENING"},"content":{"rendered":"<p><strong>Usage:<\/strong><\/p>\n<p>Take a sufficient amount of shower gel and dilute it with a ratio of 1 part shower gel to 3 parts water. Then, wet your pet's fur, apply the diluted shower gel onto the coat, gently massage for 5 minutes, and rinse thoroughly with clean water. Finally, dry your pet with a towel and ensure they are completely dry.<\/p>\n<p><strong>Note: Avoid direct sunlight<\/strong><\/p>\n<h3><strong data-start=\"293\" data-end=\"360\">D\u1ecbch v\u1ee5 gia c\u00f4ng m\u1ef9 ph\u1ea9m (OEM) t\u1ea1i C\u00f4ng ty C\u1ed5 ph\u1ea7n OCM Vi\u1ec7t Nam<\/strong><\/h3>\n<p>OCM Vietnam chuy\u00ean gia c\u00f4ng c\u00e1c <strong>d\u00f2ng s\u1eefa t\u1eafm g\u1ed9i cho th\u00fa c\u01b0ng <\/strong>v\u1edbi c\u00f4ng d\u1ee5ng \u0111a d\u1ea1ng. C\u00e1c chuy\u00ean gia R&amp;D c\u1ee7a ch\u00fang t\u00f4i s\u1ebd t\u00f9y ch\u1ec9nh c\u00e1c c\u00f4ng th\u1ee9c theo y\u00eau c\u1ea7u c\u1ee7a kh\u00e1ch h\u00e0ng \u0111\u1ec3 ph\u00f9 h\u1ee3p v\u1edbi \u0111\u1ecbnh h\u01b0\u1edbng th\u01b0\u01a1ng hi\u1ec7u v\u00e0 gi\u00e1 th\u00e0nh.<\/p>\n<p>\u0110\u1ebfn v\u1edbi OCM Vietnam, kh\u00e1ch h\u00e0ng c\u00f3 th\u1ec3 c\u00f3 nhi\u1ec1u s\u1ef1 l\u1ef1a ch\u1ecdn, \u0111i\u1ec3n h\u00ecnh nh\u01b0:<\/p>\n<ul>\n<li>Product forms: Liquid, gel, foam, etc.<\/li>\n<li>Abundant incorporation of nutrients and diverse extracts.<\/li>\n<li>Multiple functionalities: cleansing, anti-shedding, moisturizing, and softening pet's fur.<\/li>\n<\/ul>\n<p><strong>PACKAGING: <\/strong><\/p>\n<p>T\u00f9y v\u00e0o \u0111\u1eb7c tr\u01b0ng c\u1ee7a d\u1ea1ng s\u1ea3n ph\u1ea9m, ch\u00fang t\u00f4i s\u1ebd t\u01b0 v\u1ea5n v\u00e0 h\u1ed7 tr\u1ee3 kh\u00e1ch h\u00e0ng t\u00ecm ki\u1ebfm nh\u1eefng m\u1eabu bao b\u00ec ph\u00f9 h\u1ee3p v\u1edbi gi\u00e1 c\u1ea3 h\u1ee3p l\u00fd.<\/p>\n<p>C\u00e1c l\u1ef1a ch\u1ecdn bao b\u00ec ph\u1ed5 bi\u1ebfn n\u00f3i dung:<\/p>\n<ul>\n<li>Tube packaging<\/li>\n<li>Bottle with a lotion pump nozzle<\/li>\n<li>Bottle with a foaming pump nozzle<\/li>\n<li>Bottle with a cap<\/li>\n<li>And various other packaging formats.<\/li>\n<\/ul>\n<p>C\u00f4ng ty C\u1ed5 ph\u1ea7n OCM Vi\u1ec7t Nam l\u00e0 m\u1ed9t trong nh\u1eefng nh\u00e0 s\u1ea3n xu\u1ea5t, gia c\u00f4ng h\u00f3a m\u1ef9 ph\u1ea9m h\u00e0ng \u0111\u1ea7u t\u1ea1i Vi\u1ec7t Nam, chuy\u00ean cung c\u1ea5p d\u1ecbch v\u1ee5 OEM (s\u1ea3n xu\u1ea5t theo y\u00eau c\u1ea7u) d\u00e0nh ri\u00eang cho kh\u00e1ch h\u00e0ng d\u01b0\u1edbi th\u01b0\u01a1ng hi\u1ec7u c\u1ee7a h\u1ecd. V\u1edbi h\u1ea1ng m\u1ee5c s\u1ea3n ph\u1ea9m tr\u1ea3i d\u00e0i t\u1eeb ch\u0103m s\u00f3c c\u00e1 nh\u00e2n, ch\u0103m s\u00f3c gia \u0111\u00ecnh \u0111\u1ebfn ch\u0103m s\u00f3c th\u00fa c\u01b0ng. Ngo\u00e0i Vi\u1ec7t Nam, OCM Vietnam hi\u1ec7n \u0111ang ph\u00e1t tri\u1ec3n v\u00e0 m\u1edf r\u1ed9ng m\u1ea1ng l\u01b0\u1edbi \u0111\u1ed1i t\u00e1c t\u1ea1i c\u00e1c th\u1ecb tr\u01b0\u1eddng M\u1ef9, ch\u00e2u \u00c2u, ch\u00e2u \u00dac v\u00e0 ch\u00e2u \u00c1.<\/p>\n<p>V\u1edbi mong mu\u1ed1n \u0111\u00e1p \u1ee9ng c\u00e1c y\u00eau c\u1ea7u kh\u1eaft khe c\u1ee7a kh\u00e1ch h\u00e0ng trong v\u00e0 ngo\u00e0i n\u01b0\u1edbc, nh\u1eb1m \u0111\u1ea3m b\u1ea3o m\u00f4i tr\u01b0\u1eddng l\u00e0m vi\u1ec7c an to\u00e0n cho nh\u00e2n vi\u00ean c\u0169ng nh\u01b0 tr\u00e1ch nhi\u1ec7m v\u1edbi x\u00e3 h\u1ed9i, OCM Vietnam \u0111\u00e3 x\u00e2y d\u1ef1ng quy tr\u00ecnh s\u1ea3n xu\u1ea5t \u0111\u1ea1t chu\u1ea9n v\u00e0 t\u1ef1 h\u00e0o \u0111\u1ea1t \u0111\u01b0\u1ee3c c\u00e1c ch\u1ee9ng ch\u1ec9 qu\u1ed1c t\u1ebf trong ng\u00e0nh m\u1ef9 ph\u1ea9m: <strong>ISO 22716, ISO 14000, ISO 45000,FDA, BRC and SMETA audit. <\/strong><\/p>\n<p>H\u00e3y li\u00ean h\u1ec7 v\u1edbi OCM Vietnam ch\u00fang t\u00f4i \u0111\u1ec3 c\u00f3 th\u00eam nhi\u1ec1u \u00fd t\u01b0\u1edfng cho<a title=\" gia c\u00f4ng s\u1eefa t\u1eafm th\u00fa c\u01b0ng.\" href=\"https:\/\/ocm-vn.com\/en\/gia-cong-my-pham-sua-tam-cho-thu-cung\/\"> gia c\u00f4ng s\u1eefa t\u1eafm th\u00fa c\u01b0ng.<\/a><\/p>\n<ul>\n<li>\n<p><em><strong>Hotline:<\/strong> (028) 394 92 902 \u2013 (028) 394 92 802<\/em><\/p>\n<\/li>\n<li>\n<p><em><strong>Email:<\/strong> info@ocm-vn.com<\/em><\/p>\n<\/li>\n<li>\n<p><em><strong>Facebook:<\/strong>\u00a0<a href=\"https:\/\/www.facebook.com\/congtyocmvietnam\" target=\"_blank\" rel=\"noopener\">OCM Vietnam<\/a><\/em><\/p>\n<\/li>\n<\/ul>","protected":false},"excerpt":{"rendered":"<p>D\u1ecbch v\u1ee5 <strong data-start=\"2065\" data-end=\"2094\">gia c\u00f4ng s\u1eefa t\u1eafm th\u00fa c\u01b0ng<\/strong> t\u1ea1i OCM Vietnam mang \u0111\u1ebfn gi\u1ea3i ph\u00e1p to\u00e0n di\u1ec7n cho th\u01b0\u01a1ng hi\u1ec7u mu\u1ed1n m\u1edf r\u1ed9ng sang l\u0129nh v\u1ef1c <strong data-start=\"2184\" data-end=\"2222\">gia c\u00f4ng m\u1ef9 ph\u1ea9m ch\u0103m s\u00f3c th\u00fa c\u01b0ng<\/strong>. S\u1ea3n ph\u1ea9m \u0111\u01b0\u1ee3c nghi\u00ean c\u1ee9u v\u00e0 ph\u00e1t tri\u1ec3n b\u1edfi \u0111\u1ed9i ng\u0169 R&amp;D chuy\u00ean nghi\u1ec7p, gi\u00fap l\u00e0m s\u1ea1ch, kh\u1eed m\u00f9i, d\u01b0\u1ee1ng l\u00f4ng m\u1ec1m m\u01b0\u1ee3t v\u00e0 mang l\u1ea1i h\u01b0\u01a1ng th\u01a1m d\u1ec5 ch\u1ecbu cho th\u00fa c\u01b0ng.<\/p>\n<p><strong>C\u00f4ng d\u1ee5ng\u00a0s\u1eefa t\u1eafm th\u00fa c\u01b0ng &#8211; whitening brightening:<\/strong><\/p>\n<ul>\n<li>Clean the dog's dirty fur.<\/li>\n<li>Help brighten white fur and enhance colors.\u00a0<\/li>\n<\/ul>\n<p><strong>Ingredients:<\/strong><\/p>\n<p><strong>DISODIUM DISTYRYLBIPHENYL DISULFONATE: <\/strong>Help white fur pets become whiter and colored fur pets become brighter.<\/p>","protected":false},"featured_media":3221,"comment_status":"closed","ping_status":"closed","template":"","meta":[],"product_cat":[75],"product_tag":[],"_links":{"self":[{"href":"https:\/\/ocm-vn.com\/en\/wp-json\/wp\/v2\/product\/2902"}],"collection":[{"href":"https:\/\/ocm-vn.com\/en\/wp-json\/wp\/v2\/product"}],"about":[{"href":"https:\/\/ocm-vn.com\/en\/wp-json\/wp\/v2\/types\/product"}],"replies":[{"embeddable":true,"href":"https:\/\/ocm-vn.com\/en\/wp-json\/wp\/v2\/comments?post=2902"}],"version-history":[{"count":5,"href":"https:\/\/ocm-vn.com\/en\/wp-json\/wp\/v2\/product\/2902\/revisions"}],"predecessor-version":[{"id":2904,"href":"https:\/\/ocm-vn.com\/en\/wp-json\/wp\/v2\/product\/2902\/revisions\/2904"}],"wp:featuredmedia":[{"embeddable":true,"href":"https:\/\/ocm-vn.com\/en\/wp-json\/wp\/v2\/media\/3221"}],"wp:attachment":[{"href":"https:\/\/ocm-vn.com\/en\/wp-json\/wp\/v2\/media?parent=2902"}],"wp:term":[{"taxonomy":"product_cat","embeddable":true,"href":"https:\/\/ocm-vn.com\/en\/wp-json\/wp\/v2\/product_cat?post=2902"},{"taxonomy":"product_tag","embeddable":true,"href":"https:\/\/ocm-vn.com\/en\/wp-json\/wp\/v2\/product_tag?post=2902"}],"curies":[{"name":"wp","href":"https:\/\/api.w.org\/{rel}","templated":true}]}}