
{"id":2901,"date":"2023-09-25T16:10:21","date_gmt":"2023-09-25T09:10:21","guid":{"rendered":"https:\/\/ocm-vn.com\/?post_type=product&#038;p=2901"},"modified":"2025-12-04T18:54:04","modified_gmt":"2025-12-04T11:54:04","slug":"gia-cong-dau-goi-thu-cung-puppy-gentle","status":"publish","type":"product","link":"https:\/\/ocm-vn.com\/en\/san-pham-gia-cong\/gia-cong-dau-goi-thu-cung-puppy-gentle\/","title":{"rendered":"SHAMPOO FOR PET &#8211; PUPPY GENTLE"},"content":{"rendered":"<p><strong>Usage:<\/strong><\/p>\n<p>Take a sufficient amount of shower gel and dilute it in a ratio of 1 part shower gel to 3 parts water. Then, groom your pet's fur, applying the diluted shower gel, gently massaging it into the fur for 5 minutes, and rinse it off with clean water. Finally, use a towel to dry and ensure it is completely dry.<\/p>\n<p><strong>Note: Avoid direct sunlight<\/strong><\/p>\n<p><strong>OEM service at OCM Vietnam Corporation<\/strong><\/p>\n<p>OCM Vietnam specializes in the production of a wide range of\u00a0<strong>Pet bath and shampoos<\/strong>\u00a0designed to cater to different skin types. Our R&amp;D experts are dedicated to tailoring formulas according to clients\u2019 requirements, ensuring alignment with brand guidelines and pricing considerations.<\/p>\n<p>At OCM, clients have a wide range of typical choices, such as:<\/p>\n<ul>\n<li>Product forms: Liquid, gel, foam, etc.<\/li>\n<li>Abundant incorporation of nutrients and diverse extracts.<\/li>\n<li>Multiple functionalities: cleansing, anti-shedding, moisturizing, and softening pet's fur.<\/li>\n<\/ul>\n<p><strong>PACKAGING:<\/strong><\/p>\n<p>Depending on the characteristics of the product type, OCM will provide advice and support to clients in finding suitable packaging designs at reasonable prices.<\/p>\n<p>Here are some commonly chosen packaging options for skincare cleansing lines:<\/p>\n<ul>\n<li>Tube packaging<\/li>\n<li>Bottle with a lotion pump nozzle<\/li>\n<li>Bottle with a foaming pump nozzle<\/li>\n<li>Bottle with a cap<\/li>\n<li>And various other packaging formats.<\/li>\n<\/ul>\n<p>Please feel free to reach out to us for further details regarding our OEM manufacturing services for\u00a0<strong>Shampoo for Pet<\/strong>.<\/p>\n<p>Hotline: (028) 394 92 902 \u2013 (028) 394 92 802<\/p>\n<p>Email: info@ocm-en.com<\/p>\n<p>Website:\u00a0<a href=\"https:\/\/ocm-vn.com\/vi\/\">https:\/\/ocm-vn.com\/en\/<\/a><\/p>","protected":false},"excerpt":{"rendered":"<p><strong>Benefit:<\/strong><\/p>\n<ul>\n<li>L\u00e0m s\u1ea1ch nh\u1eb9 v\u00e0 b\u1ea3o v\u1ec7 da v\u00e0 l\u1edbp l\u00f4ng m\u1ecfng manh c\u1ee7a c\u00e1c ch\u00fa c\u00fan con.<\/li>\n<li>An to\u00e0n cho l\u00e0n da nh\u1ea1y c\u1ea3m.<\/li>\n<\/ul>\n<p><strong>Ingredients:<\/strong><\/p>\n<p><strong> Centaurea Cyanus Flower Extract &#8211; Chi\u1ebft xu\u1ea5t hoa ng\u00f4<\/strong>: L\u00e0m d\u1ecbu da v\u00e0 da \u0111\u1ea7u, l\u00e0m ch\u1eadm qu\u00e1 tr\u00ecnh l\u00e3o h\u00f3a da v\u00e0 b\u1ea3o v\u1ec7 da gi\u1ea3m c\u00e1c t\u00e1c h\u1ea1i t\u1eeb m\u00f4i tr\u01b0\u1eddng nh\u01b0 kh\u00f3i, b\u1ee5i, thu\u1ed1c l\u00e1, \u2026<br \/>\n<strong>Aloe Barbadensis Leaf Juice &#8211; Chi\u1ebft xu\u1ea5t nha \u0111am<\/strong>: l\u00e0m m\u1ec1m da v\u00e0 d\u01b0\u1ee1ng \u1ea9m.<\/p>","protected":false},"featured_media":3218,"comment_status":"closed","ping_status":"closed","template":"","meta":[],"product_cat":[75],"product_tag":[],"_links":{"self":[{"href":"https:\/\/ocm-vn.com\/en\/wp-json\/wp\/v2\/product\/2901"}],"collection":[{"href":"https:\/\/ocm-vn.com\/en\/wp-json\/wp\/v2\/product"}],"about":[{"href":"https:\/\/ocm-vn.com\/en\/wp-json\/wp\/v2\/types\/product"}],"replies":[{"embeddable":true,"href":"https:\/\/ocm-vn.com\/en\/wp-json\/wp\/v2\/comments?post=2901"}],"version-history":[{"count":5,"href":"https:\/\/ocm-vn.com\/en\/wp-json\/wp\/v2\/product\/2901\/revisions"}],"predecessor-version":[{"id":3219,"href":"https:\/\/ocm-vn.com\/en\/wp-json\/wp\/v2\/product\/2901\/revisions\/3219"}],"wp:featuredmedia":[{"embeddable":true,"href":"https:\/\/ocm-vn.com\/en\/wp-json\/wp\/v2\/media\/3218"}],"wp:attachment":[{"href":"https:\/\/ocm-vn.com\/en\/wp-json\/wp\/v2\/media?parent=2901"}],"wp:term":[{"taxonomy":"product_cat","embeddable":true,"href":"https:\/\/ocm-vn.com\/en\/wp-json\/wp\/v2\/product_cat?post=2901"},{"taxonomy":"product_tag","embeddable":true,"href":"https:\/\/ocm-vn.com\/en\/wp-json\/wp\/v2\/product_tag?post=2901"}],"curies":[{"name":"wp","href":"https:\/\/api.w.org\/{rel}","templated":true}]}}