
{"id":1913,"date":"2023-07-17T17:01:53","date_gmt":"2023-07-17T10:01:53","guid":{"rendered":"https:\/\/ocm-vn.com\/ve-chung-toi-3\/"},"modified":"2024-07-07T11:58:36","modified_gmt":"2024-07-07T04:58:36","slug":"nang-luc-san-xuat-qa-qc","status":"publish","type":"page","link":"https:\/\/ocm-vn.com\/en\/nang-luc-san-xuat-qa-qc\/","title":{"rendered":"Production Capability\/QA,QC"},"content":{"rendered":"<div data-elementor-type=\"wp-page\" data-elementor-id=\"1913\" class=\"elementor elementor-1913\" data-elementor-post-type=\"page\">\n\t\t\t\t\t\t\t\t\t<section class=\"elementor-section elementor-top-section elementor-element elementor-element-476d205 elementor-section-stretched elementor-section-boxed elementor-section-height-default elementor-section-height-default\" data-id=\"476d205\" data-element_type=\"section\" data-settings=\"{&quot;stretch_section&quot;:&quot;section-stretched&quot;,&quot;jet_parallax_layout_list&quot;:[],&quot;background_background&quot;:&quot;classic&quot;}\">\n\t\t\t\t\t\t<div class=\"elementor-container elementor-column-gap-default\">\n\t\t\t\t\t<div class=\"elementor-column elementor-col-100 elementor-top-column elementor-element elementor-element-fc04422\" data-id=\"fc04422\" data-element_type=\"column\" data-settings=\"{&quot;background_background&quot;:&quot;classic&quot;}\">\n\t\t\t<div class=\"elementor-widget-wrap elementor-element-populated\">\n\t\t\t\t\t\t\t\t<div class=\"elementor-element elementor-element-369298b elementor-widget elementor-widget-heading\" data-id=\"369298b\" data-element_type=\"widget\" data-widget_type=\"heading.default\">\n\t\t\t\t<div class=\"elementor-widget-container\">\n\t\t\t<style>\/*! elementor - v3.17.0 - 25-10-2023 *\/\n.elementor-heading-title{padding:0;margin:0;line-height:1}.elementor-widget-heading .elementor-heading-title[class*=elementor-size-]>a{color:inherit;font-size:inherit;line-height:inherit}.elementor-widget-heading .elementor-heading-title.elementor-size-small{font-size:15px}.elementor-widget-heading .elementor-heading-title.elementor-size-medium{font-size:19px}.elementor-widget-heading .elementor-heading-title.elementor-size-large{font-size:29px}.elementor-widget-heading .elementor-heading-title.elementor-size-xl{font-size:39px}.elementor-widget-heading .elementor-heading-title.elementor-size-xxl{font-size:59px}<\/style><h2 class=\"elementor-heading-title elementor-size-default\">OCM VIETNAM<\/h2>\t\t<\/div>\n\t\t\t\t<\/div>\n\t\t\t\t<div class=\"elementor-element elementor-element-235f9bd elementor-widget elementor-widget-heading\" data-id=\"235f9bd\" data-element_type=\"widget\" data-widget_type=\"heading.default\">\n\t\t\t\t<div class=\"elementor-widget-container\">\n\t\t\t<h2 class=\"elementor-heading-title elementor-size-default\">About us<\/h2>\t\t<\/div>\n\t\t\t\t<\/div>\n\t\t\t\t\t<\/div>\n\t\t<\/div>\n\t\t\t\t\t\t\t<\/div>\n\t\t<\/section>\n\t\t\t\t<section class=\"elementor-section elementor-top-section elementor-element elementor-element-178af9d elementor-section-boxed elementor-section-height-default elementor-section-height-default\" data-id=\"178af9d\" data-element_type=\"section\" data-settings=\"{&quot;jet_parallax_layout_list&quot;:[]}\">\n\t\t\t\t\t\t<div class=\"elementor-container elementor-column-gap-no\">\n\t\t\t\t\t<div class=\"elementor-column elementor-col-33 elementor-top-column elementor-element elementor-element-9883e89\" data-id=\"9883e89\" data-element_type=\"column\">\n\t\t\t<div class=\"elementor-widget-wrap elementor-element-populated\">\n\t\t\t\t\t\t\t\t<div class=\"elementor-element elementor-element-d9e3aaa elementor-nav-menu__align-left elementor-nav-menu--dropdown-none elementor-widget elementor-widget-nav-menu\" data-id=\"d9e3aaa\" data-element_type=\"widget\" data-settings=\"{&quot;layout&quot;:&quot;vertical&quot;,&quot;submenu_icon&quot;:{&quot;value&quot;:&quot;&lt;i class=\\&quot;fas fa-caret-down\\&quot;&gt;&lt;\\\/i&gt;&quot;,&quot;library&quot;:&quot;fa-solid&quot;}}\" data-widget_type=\"nav-menu.default\">\n\t\t\t\t<div class=\"elementor-widget-container\">\n\t\t\t<link rel=\"stylesheet\" href=\"https:\/\/ocm-vn.com\/wp-content\/plugins\/elementor-pro\/assets\/css\/widget-nav-menu.min.css\">\t\t\t<nav class=\"elementor-nav-menu--main elementor-nav-menu__container elementor-nav-menu--layout-vertical e--pointer-background e--animation-fade\">\n\t\t\t\t<ul id=\"menu-1-d9e3aaa\" class=\"elementor-nav-menu sm-vertical\"><li class=\"menu-item menu-item-type-post_type menu-item-object-page menu-item-1934\"><a href=\"https:\/\/ocm-vn.com\/en\/ve-chung-toi\/\" class=\"elementor-item\">About Us<\/a><\/li>\n<li class=\"menu-item menu-item-type-post_type menu-item-object-page menu-item-1933\"><a href=\"https:\/\/ocm-vn.com\/en\/nang-luc-rd\/\" class=\"elementor-item\">R &amp; D Capability<\/a><\/li>\n<li class=\"menu-item menu-item-type-post_type menu-item-object-page menu-item-1932\"><a href=\"https:\/\/ocm-vn.com\/en\/nang-luc-san-xuat-qa-qc\/\" class=\"elementor-item\">Production \/ QA,QC Capability<\/a><\/li>\n<li class=\"menu-item menu-item-type-post_type menu-item-object-page menu-item-1931\"><a href=\"https:\/\/ocm-vn.com\/en\/chung-chi\/\" class=\"elementor-item\">Certificates<\/a><\/li>\n<\/ul>\t\t\t<\/nav>\n\t\t\t\t\t\t<nav class=\"elementor-nav-menu--dropdown elementor-nav-menu__container\" aria-hidden=\"true\">\n\t\t\t\t<ul id=\"menu-2-d9e3aaa\" class=\"elementor-nav-menu sm-vertical\"><li class=\"menu-item menu-item-type-post_type menu-item-object-page menu-item-1934\"><a href=\"https:\/\/ocm-vn.com\/en\/ve-chung-toi\/\" class=\"elementor-item\" tabindex=\"-1\">About Us<\/a><\/li>\n<li class=\"menu-item menu-item-type-post_type menu-item-object-page menu-item-1933\"><a href=\"https:\/\/ocm-vn.com\/en\/nang-luc-rd\/\" class=\"elementor-item\" tabindex=\"-1\">R &amp; D Capability<\/a><\/li>\n<li class=\"menu-item menu-item-type-post_type menu-item-object-page menu-item-1932\"><a href=\"https:\/\/ocm-vn.com\/en\/nang-luc-san-xuat-qa-qc\/\" class=\"elementor-item\" tabindex=\"-1\">Production \/ QA,QC Capability<\/a><\/li>\n<li class=\"menu-item menu-item-type-post_type menu-item-object-page menu-item-1931\"><a href=\"https:\/\/ocm-vn.com\/en\/chung-chi\/\" class=\"elementor-item\" tabindex=\"-1\">Certificates<\/a><\/li>\n<\/ul>\t\t\t<\/nav>\n\t\t\t\t<\/div>\n\t\t\t\t<\/div>\n\t\t\t\t\t<\/div>\n\t\t<\/div>\n\t\t\t\t<div class=\"elementor-column elementor-col-66 elementor-top-column elementor-element elementor-element-924dffa\" data-id=\"924dffa\" data-element_type=\"column\">\n\t\t\t<div class=\"elementor-widget-wrap elementor-element-populated\">\n\t\t\t\t\t\t\t\t<div class=\"elementor-element elementor-element-1a95a95 elementor-widget elementor-widget-heading\" data-id=\"1a95a95\" data-element_type=\"widget\" data-widget_type=\"heading.default\">\n\t\t\t\t<div class=\"elementor-widget-container\">\n\t\t\t<h2 class=\"elementor-heading-title elementor-size-default\">Production Capability\/QA,QC<\/h2>\t\t<\/div>\n\t\t\t\t<\/div>\n\t\t\t\t<div class=\"elementor-element elementor-element-bfd55c6 elementor-widget elementor-widget-text-editor\" data-id=\"bfd55c6\" data-element_type=\"widget\" data-widget_type=\"text-editor.default\">\n\t\t\t\t<div class=\"elementor-widget-container\">\n\t\t\t<style>\/*! elementor - v3.17.0 - 25-10-2023 *\/\n.elementor-widget-text-editor.elementor-drop-cap-view-stacked .elementor-drop-cap{background-color:#69727d;color:#fff}.elementor-widget-text-editor.elementor-drop-cap-view-framed .elementor-drop-cap{color:#69727d;border:3px solid;background-color:transparent}.elementor-widget-text-editor:not(.elementor-drop-cap-view-default) .elementor-drop-cap{margin-top:8px}.elementor-widget-text-editor:not(.elementor-drop-cap-view-default) .elementor-drop-cap-letter{width:1em;height:1em}.elementor-widget-text-editor .elementor-drop-cap{float:left;text-align:center;line-height:1;font-size:50px}.elementor-widget-text-editor .elementor-drop-cap-letter{display:inline-block}<\/style>\t\t\t\t<p><img decoding=\"async\" src=\"https:\/\/ocm-vn.com\/wp-content\/uploads\/2023\/07\/2-9-e1689910736929.png\" \/><\/p>\n<p><strong>Factory size:<\/strong> 11,000 m2 <br \/>\n<strong>Factory location:<\/strong> Lot A222-223, Route 3, Thai Hoa Industrial Zone, Duc Hoa District, Long An Province, Vietnam<br \/>\n<strong>Capacity   :<\/strong> 68,000 tons per year<br \/>\n<strong>Capability   :<\/strong> Mixing, Filling, Packing, Delivery <br \/>\n<strong>Warehouse    :<\/strong> 5,000 m2 with more than 5,000 pallets<\/p>\n<p><strong>Mixing process<\/strong><\/p>\n<p><img decoding=\"async\" loading=\"lazy\" class=\"alignnone wp-image-2368 size-full\" src=\"https:\/\/ocm-vn.com\/wp-content\/uploads\/2023\/07\/33.jpeg\" alt=\"\" width=\"1600\" height=\"1066\" srcset=\"https:\/\/ocm-vn.com\/wp-content\/uploads\/2023\/07\/33.jpeg 1600w, https:\/\/ocm-vn.com\/wp-content\/uploads\/2023\/07\/33-300x200.jpeg 300w, https:\/\/ocm-vn.com\/wp-content\/uploads\/2023\/07\/33-1024x682.jpeg 1024w, https:\/\/ocm-vn.com\/wp-content\/uploads\/2023\/07\/33-768x512.jpeg 768w, https:\/\/ocm-vn.com\/wp-content\/uploads\/2023\/07\/33-1536x1023.jpeg 1536w, https:\/\/ocm-vn.com\/wp-content\/uploads\/2023\/07\/33-18x12.jpeg 18w, https:\/\/ocm-vn.com\/wp-content\/uploads\/2023\/07\/33-600x400.jpeg 600w\" sizes=\"(max-width: 1600px) 100vw, 1600px\" \/><\/p>\n<p class=\"elementor-heading-title elementor-size-default\"><strong>Filling process<\/strong><\/p>\n<p>&nbsp;<\/p>\n<p><img decoding=\"async\" loading=\"lazy\" class=\"alignnone wp-image-2367 size-post-thumbnail\" src=\"https:\/\/ocm-vn.com\/wp-content\/uploads\/2023\/07\/13-370x265.jpeg\" alt=\"\" width=\"370\" height=\"265\" srcset=\"https:\/\/ocm-vn.com\/wp-content\/uploads\/2023\/07\/13-370x265.jpeg 370w, https:\/\/ocm-vn.com\/wp-content\/uploads\/2023\/07\/13-18x12.jpeg 18w\" sizes=\"(max-width: 370px) 100vw, 370px\" \/>\u00a0 <img decoding=\"async\" loading=\"lazy\" class=\"alignnone wp-image-2366 size-post-thumbnail\" src=\"https:\/\/ocm-vn.com\/wp-content\/uploads\/2023\/07\/28-370x265.jpeg\" alt=\"\" width=\"370\" height=\"265\" srcset=\"https:\/\/ocm-vn.com\/wp-content\/uploads\/2023\/07\/28-370x265.jpeg 370w, https:\/\/ocm-vn.com\/wp-content\/uploads\/2023\/07\/28-18x12.jpeg 18w\" sizes=\"(max-width: 370px) 100vw, 370px\" \/><\/p>\n<p class=\"elementor-heading-title elementor-size-default\"><strong>Packing process<\/strong><\/p>\n<p>&nbsp;<\/p>\n<p><img decoding=\"async\" loading=\"lazy\" class=\"alignnone wp-image-2365 size-full\" src=\"https:\/\/ocm-vn.com\/wp-content\/uploads\/2023\/07\/29.jpeg\" alt=\"\" width=\"1600\" height=\"1066\" srcset=\"https:\/\/ocm-vn.com\/wp-content\/uploads\/2023\/07\/29.jpeg 1600w, https:\/\/ocm-vn.com\/wp-content\/uploads\/2023\/07\/29-300x200.jpeg 300w, https:\/\/ocm-vn.com\/wp-content\/uploads\/2023\/07\/29-1024x682.jpeg 1024w, https:\/\/ocm-vn.com\/wp-content\/uploads\/2023\/07\/29-768x512.jpeg 768w, https:\/\/ocm-vn.com\/wp-content\/uploads\/2023\/07\/29-1536x1023.jpeg 1536w, https:\/\/ocm-vn.com\/wp-content\/uploads\/2023\/07\/29-18x12.jpeg 18w, https:\/\/ocm-vn.com\/wp-content\/uploads\/2023\/07\/29-600x400.jpeg 600w\" sizes=\"(max-width: 1600px) 100vw, 1600px\" \/><\/p>\n<p><strong>Delivery<\/strong><\/p>\n<p><img decoding=\"async\" loading=\"lazy\" class=\"alignnone size-full wp-image-2378\" src=\"https:\/\/ocm-vn.com\/wp-content\/uploads\/2023\/07\/21-1.jpeg\" alt=\"\" width=\"1600\" height=\"1066\" srcset=\"https:\/\/ocm-vn.com\/wp-content\/uploads\/2023\/07\/21-1.jpeg 1600w, https:\/\/ocm-vn.com\/wp-content\/uploads\/2023\/07\/21-1-300x200.jpeg 300w, https:\/\/ocm-vn.com\/wp-content\/uploads\/2023\/07\/21-1-1024x682.jpeg 1024w, https:\/\/ocm-vn.com\/wp-content\/uploads\/2023\/07\/21-1-768x512.jpeg 768w, https:\/\/ocm-vn.com\/wp-content\/uploads\/2023\/07\/21-1-1536x1023.jpeg 1536w, https:\/\/ocm-vn.com\/wp-content\/uploads\/2023\/07\/21-1-18x12.jpeg 18w, https:\/\/ocm-vn.com\/wp-content\/uploads\/2023\/07\/21-1-600x400.jpeg 600w\" sizes=\"(max-width: 1600px) 100vw, 1600px\" \/><\/p>\n<p><strong>Warehouse<\/strong><\/p>\n<p><img decoding=\"async\" loading=\"lazy\" class=\"alignnone size-full wp-image-2377\" src=\"https:\/\/ocm-vn.com\/wp-content\/uploads\/2023\/07\/23-1.jpeg\" alt=\"\" width=\"1600\" height=\"1066\" srcset=\"https:\/\/ocm-vn.com\/wp-content\/uploads\/2023\/07\/23-1.jpeg 1600w, https:\/\/ocm-vn.com\/wp-content\/uploads\/2023\/07\/23-1-300x200.jpeg 300w, https:\/\/ocm-vn.com\/wp-content\/uploads\/2023\/07\/23-1-1024x682.jpeg 1024w, https:\/\/ocm-vn.com\/wp-content\/uploads\/2023\/07\/23-1-768x512.jpeg 768w, https:\/\/ocm-vn.com\/wp-content\/uploads\/2023\/07\/23-1-1536x1023.jpeg 1536w, https:\/\/ocm-vn.com\/wp-content\/uploads\/2023\/07\/23-1-18x12.jpeg 18w, https:\/\/ocm-vn.com\/wp-content\/uploads\/2023\/07\/23-1-600x400.jpeg 600w\" sizes=\"(max-width: 1600px) 100vw, 1600px\" \/><\/p>\n<p><span style=\"font-size: 28px\"><strong>QA\/QC CAPABILITY<\/strong><\/span><\/p>\n<p>We maintain teams of experienced and qualified QA engineers who are responsible for conducting comprehensive Quality Management Systems checks across all our facilities and warehouses. This meticulous process covers every step of our operations, from raw material acquisition to the bulking process and final production.<\/p>\n<p><img decoding=\"async\" loading=\"lazy\" class=\"alignnone wp-image-2376 size-post-thumbnail\" src=\"https:\/\/ocm-vn.com\/wp-content\/uploads\/2023\/07\/19-1-370x265.jpeg\" alt=\"\" width=\"370\" height=\"265\" srcset=\"https:\/\/ocm-vn.com\/wp-content\/uploads\/2023\/07\/19-1-370x265.jpeg 370w, https:\/\/ocm-vn.com\/wp-content\/uploads\/2023\/07\/19-1-18x12.jpeg 18w\" sizes=\"(max-width: 370px) 100vw, 370px\" \/>\u00a0 \u00a0 <img decoding=\"async\" loading=\"lazy\" class=\"alignnone wp-image-2375 size-post-thumbnail\" src=\"https:\/\/ocm-vn.com\/wp-content\/uploads\/2023\/07\/Picture1-1-1-370x265.jpg\" alt=\"\" width=\"370\" height=\"265\" srcset=\"https:\/\/ocm-vn.com\/wp-content\/uploads\/2023\/07\/Picture1-1-1-370x265.jpg 370w, https:\/\/ocm-vn.com\/wp-content\/uploads\/2023\/07\/Picture1-1-1-18x12.jpg 18w, https:\/\/ocm-vn.com\/wp-content\/uploads\/2023\/07\/Picture1-1-1-570x408.jpg 570w\" sizes=\"(max-width: 370px) 100vw, 370px\" \/><\/p>\n<p>To ensure compliance with industry regulations, we not only adhere to current GMP guidelines in our in-house Microbiology Lab and Quality Assurance Department but also uphold our own stringent internal high-quality standards. These standards are upheld through rigorous protocols implemented in various aspects, including raw material sourcing, to guarantee the stability, consistency, and traceability of our products.<\/p>\n<p>By integrating these measures, we prioritize maintaining the highest levels of quality assurance to meet and exceed industry expectations.<\/p>\n\t\t\t\t\t\t<\/div>\n\t\t\t\t<\/div>\n\t\t\t\t\t<\/div>\n\t\t<\/div>\n\t\t\t\t\t\t\t<\/div>\n\t\t<\/section>\n\t\t\t\t\t\t\t<\/div>","protected":false},"excerpt":{"rendered":"<p>OCM VIETNAM V\u1ec0 CH\u00daNG T\u00d4I N\u0102NG L\u1ef0C S\u1ea2N XU\u1ea4T\/ QA,QC<\/p>","protected":false},"author":3,"featured_media":3542,"parent":0,"menu_order":0,"comment_status":"closed","ping_status":"closed","template":"","meta":{"footnotes":""},"_links":{"self":[{"href":"https:\/\/ocm-vn.com\/en\/wp-json\/wp\/v2\/pages\/1913"}],"collection":[{"href":"https:\/\/ocm-vn.com\/en\/wp-json\/wp\/v2\/pages"}],"about":[{"href":"https:\/\/ocm-vn.com\/en\/wp-json\/wp\/v2\/types\/page"}],"author":[{"embeddable":true,"href":"https:\/\/ocm-vn.com\/en\/wp-json\/wp\/v2\/users\/3"}],"replies":[{"embeddable":true,"href":"https:\/\/ocm-vn.com\/en\/wp-json\/wp\/v2\/comments?post=1913"}],"version-history":[{"count":17,"href":"https:\/\/ocm-vn.com\/en\/wp-json\/wp\/v2\/pages\/1913\/revisions"}],"predecessor-version":[{"id":3548,"href":"https:\/\/ocm-vn.com\/en\/wp-json\/wp\/v2\/pages\/1913\/revisions\/3548"}],"wp:featuredmedia":[{"embeddable":true,"href":"https:\/\/ocm-vn.com\/en\/wp-json\/wp\/v2\/media\/3542"}],"wp:attachment":[{"href":"https:\/\/ocm-vn.com\/en\/wp-json\/wp\/v2\/media?parent=1913"}],"curies":[{"name":"wp","href":"https:\/\/api.w.org\/{rel}","templated":true}]}}